{"id":101,"date":"2022-01-25T15:36:01","date_gmt":"2022-01-25T15:36:01","guid":{"rendered":"https:\/\/ekistika.com\/?page_id=101"},"modified":"2024-07-25T13:18:32","modified_gmt":"2024-07-25T13:18:32","slug":"nivelman","status":"publish","type":"page","link":"https:\/\/ekistika.com\/en\/urunler\/nivelman\/","title":{"rendered":"Nivelman"},"content":{"rendered":"<div class=\"wp-block-cover alignfull\" style=\"min-height:307px;aspect-ratio:unset;\"><span aria-hidden=\"true\" class=\"wp-block-cover__background has-background-dim-70 has-background-dim\"><\/span><img loading=\"lazy\" decoding=\"async\" width=\"424\" height=\"480\" class=\"wp-block-cover__image-background wp-image-6\" alt=\"\" src=\"https:\/\/ekistika.com\/wp-content\/uploads\/2022\/01\/image-3.jpg\" data-object-fit=\"cover\" srcset=\"https:\/\/ekistika.com\/wp-content\/uploads\/2022\/01\/image-3.jpg 424w, https:\/\/ekistika.com\/wp-content\/uploads\/2022\/01\/image-3-265x300.jpg 265w, https:\/\/ekistika.com\/wp-content\/uploads\/2022\/01\/image-3-768x869.jpg 768w\" sizes=\"auto, (max-width: 424px) 100vw, 424px\" \/><div class=\"wp-block-cover__inner-container is-layout-flow wp-block-cover-is-layout-flow\">\n<h2 class=\"wp-block-heading has-text-align-center\" id=\"nivelman-dengeleme-kanava-geoid-ve-hiz-hesaplari-yapar\">Nivelman; dengeleme, kanava, geoid ve h\u0131z hesaplar\u0131 yapar.<\/h2>\n<\/div><\/div>\n\n\n\n<p>Nivelman; Nivelman Dengelemesi, Geoid Y\u00fckseklik Hesab\u0131, H\u0131z Hesab\u0131 ve Kanava i\u015flemlerini yapabilen bir programd\u0131r. Gerekli dosyalar sa\u011fland\u0131\u011f\u0131nda ve veriler girildi\u011finde istenen hesap sonucunu\/sonu\u00e7lar\u0131n\u0131 getirir.<\/p>\n\n\n\n<div style=\"height:10px\" aria-hidden=\"true\" class=\"wp-block-spacer\"><\/div>\n\n\n\n<p class=\"has-text-align-center\" style=\"font-size:18px\"><a href=\"https:\/\/ekistika.com\/en\/urunler\/nivelman\/teknik-ozellikler\/\">Nivelman uygulamam\u0131z\u0131n yapabildi\u011fi t\u00fcm i\u015flemlere g\u00f6z at\u0131n &gt;<\/a><\/p>\n\n\n\n<h3 class=\"wp-block-heading\" id=\"nivelman-dengelemesi\">Nivelman Dengelemesi<\/h3>\n\n\n\n<p>Text format\u0131nda bir \u00f6l\u00e7\u00fc dosyas\u0131 ve nokta koordinat dosyas\u0131 sa\u011fland\u0131\u011f\u0131nda ve gereken de\u011ferler girildi\u011finde; iste\u011fin t\u00fcr\u00fcne g\u00f6re Kot \u00d6zet \u00c7izelgesi, \u00d6l\u00e7\u00fcler i\u00e7in Genel \u00d6zet, Uyu\u015fumsuz \u00d6l\u00e7\u00fcler\/Noktalar Testi sonu\u00e7lar\u0131ndan birini veya birka\u00e7\u0131n\u0131 sonu\u00e7 dosyas\u0131 i\u00e7inde sunulur. <\/p>\n\n\n\n<h3 class=\"wp-block-heading\" id=\"gps-nivelman-hesabi\">GPS Nivelman Hesab\u0131<\/h3>\n\n\n\n<p>Uygulamam\u0131z, GPS Nivelman Hesab\u0131 de sunar. Bu i\u015flemin \u00e7\u0131kt\u0131lar\u0131 \u00d6l\u00e7\u00fc \u00d6zet \u00c7izelgesi, GPS Nivelman Raporu, Kesin Kotlar ve Lup Sonu\u00e7 Raporu&#8217;dur.<\/p>\n\n\n\n<h3 class=\"wp-block-heading\" id=\"geoid-yukseklik-hesabi\">Geoid Y\u00fckseklik Hesab\u0131<\/h3>\n\n\n\n<p>Text format\u0131nda bir bilinen noktalar dosyas\u0131 ve hesaplanacak noktalar dosyas\u0131 sa\u011fland\u0131\u011f\u0131nda ve gereken de\u011ferler girildi\u011finde; Geoid Y\u00fcksekli\u011fi Hesab\u0131, Hesaplanacak noktalar\u0131n ge\u00e7irilen y\u00fczeye g\u00f6re hesaplanan Ortometrik y\u00fcksekliklerini ve Uyu\u015fum Testi sonu\u00e7lar\u0131n\u0131 sonu\u00e7 dosyas\u0131 i\u00e7inde sunulur.<\/p>\n\n\n\n<h3 class=\"wp-block-heading\" id=\"hiz-hesabi\">H\u0131z Hesab\u0131<\/h3>\n\n\n\n<p>Text format\u0131nda bir bilinen noktalar dosyas\u0131 ve hesaplanacak noktalar dosyas\u0131 sa\u011fland\u0131\u011f\u0131nda ve gereken de\u011ferler girildi\u011finde; a\u015fa\u011f\u0131daki sonu\u00e7lar sunulur:<\/p>\n\n\n\n<ul class=\"wp-block-list\">\n<li>Enterpolasyonla h\u0131z hesab\u0131<\/li>\n<\/ul>\n\n\n\n<ul class=\"wp-block-list\">\n<li>D\u00f6n\u00fc\u015ft\u00fcr\u00fclecek noktalar\u0131n \u00f6l\u00e7\u00fc epo\u011funa g\u00f6re hesaplanan yeni koordinatlar\u0131<\/li>\n<\/ul>\n\n\n\n<ul class=\"wp-block-list\">\n<li>D\u00f6n\u00fc\u015ft\u00fcr\u00fclecek noktalar\u0131n girilen referans epo\u011funa g\u00f6re hesaplanan yeni koordinatlar\u0131<\/li>\n<\/ul>\n\n\n\n<ul class=\"wp-block-list\">\n<li>D\u00f6n\u00fc\u015ft\u00fcr\u00fclecek noktalar\u0131n girilen referans epo\u011funa g\u00f6re hesaplanan h\u0131z vekt\u00f6rleri<\/li>\n<\/ul>\n\n\n\n<h3 class=\"wp-block-heading\" id=\"kanava\">Kanava<\/h3>\n\n\n\n<p>Uygulamam\u0131z; Gidi\u015f D\u00f6n\u00fc\u015f \u00d6l\u00e7\u00fcler Dosyas\u0131, Nokta Koordinat Dosyas\u0131 ve Lup Dosyas\u0131 sa\u011fland\u0131\u011f\u0131nda Kanava \u00c7\u0131kt\u0131s\u0131 sonu\u00e7lar\u0131n\u0131 g\u00f6sterir ve bir DXF dosyas\u0131 olu\u015fturur.<\/p>\n\n\n\n<p><\/p>\n\n\n\n<h3 class=\"wp-block-heading\" id=\"nivelman-ile-ilgili-daha-fazla-bilgi-edinin\">Nivelman ile ilgili daha fazla bilgi edinin.<\/h3>\n\n\n\n<p class=\"has-helvetica-font-family has-custom-font\" id=\"teknik-ozellikler-1\" style=\"font-family:Helvetica;font-size:18px\"><a href=\"https:\/\/ekistika.com\/en\/urunler\/nivelman\/teknik-ozellikler\/\">Teknik \u00f6zellikler &gt;<\/a><\/p>\n\n\n\n<p><\/p>\n\n\n\n<p class=\"has-helvetica-font-family has-custom-font\" id=\"nivelman-icin-destek-sayfasi\" style=\"font-family:Helvetica;font-size:18px\"><a href=\"https:\/\/ekistika.com\/en\/destek\/nivelman\/\" data-type=\"page\" data-id=\"280\">Nivelman i\u00e7in destek sayfas\u0131 &gt;<\/a><\/p>\n\n\n\n<p><\/p>","protected":false},"excerpt":{"rendered":"<p>Nivelman; Nivelman Dengelemesi, Geoid Y\u00fckseklik Hesab\u0131, H\u0131z Hesab\u0131 ve Kanava i\u015flemlerini yapabilen bir programd\u0131r. Gerekli dosyalar sa\u011fland\u0131\u011f\u0131nda ve veriler girildi\u011finde istenen hesap sonucunu\/sonu\u00e7lar\u0131n\u0131 getirir. Nivelman uygulamam\u0131z\u0131n yapabildi\u011fi t\u00fcm i\u015flemlere g\u00f6z at\u0131n &gt; Nivelman Dengelemesi Text format\u0131nda bir \u00f6l\u00e7\u00fc dosyas\u0131 ve nokta koordinat dosyas\u0131 sa\u011fland\u0131\u011f\u0131nda ve gereken de\u011ferler girildi\u011finde; iste\u011fin t\u00fcr\u00fcne g\u00f6re Kot \u00d6zet \u00c7izelgesi, \u00d6l\u00e7\u00fcler [&hellip;]<\/p>\n","protected":false},"author":1,"featured_media":0,"parent":20,"menu_order":0,"comment_status":"closed","ping_status":"closed","template":"","meta":{"_coblocks_attr":"Helvetica,Helvetica","_coblocks_dimensions":"","_coblocks_responsive_height":"","_coblocks_accordion_ie_support":"","hide_page_title":"","footnotes":""},"class_list":["post-101","page","type-page","status-publish","hentry"],"yoast_head":"<!-- This site is optimized with the Yoast SEO plugin v27.5 - https:\/\/yoast.com\/product\/yoast-seo-wordpress\/ -->\n<title>Nivelman - Ekistika<\/title>\n<meta name=\"description\" content=\"Nivelman; Nivelman Dengelemesi, Geoid Y\u00fckseklik Hesab\u0131, H\u0131z Hesab\u0131 ve Kanava i\u015flemlerini yapabilen bir programd\u0131r.\" \/>\n<meta name=\"robots\" content=\"index, follow, max-snippet:-1, max-image-preview:large, max-video-preview:-1\" \/>\n<link rel=\"canonical\" href=\"https:\/\/ekistika.com\/en\/urunler\/nivelman\/\" \/>\n<meta property=\"og:locale\" content=\"en_US\" \/>\n<meta property=\"og:type\" content=\"article\" \/>\n<meta property=\"og:title\" content=\"Nivelman - Ekistika\" \/>\n<meta property=\"og:description\" content=\"Nivelman; Nivelman Dengelemesi, Geoid Y\u00fckseklik Hesab\u0131, H\u0131z Hesab\u0131 ve Kanava i\u015flemlerini yapabilen bir programd\u0131r.\" \/>\n<meta property=\"og:url\" content=\"https:\/\/ekistika.com\/en\/urunler\/nivelman\/\" \/>\n<meta property=\"og:site_name\" content=\"Ekistika\" \/>\n<meta property=\"article:modified_time\" content=\"2024-07-25T13:18:32+00:00\" \/>\n<meta property=\"og:image\" content=\"https:\/\/ekistika.com\/wp-content\/uploads\/2022\/01\/image-3.jpg\" \/>\n<meta name=\"twitter:card\" content=\"summary_large_image\" \/>\n<meta name=\"twitter:label1\" content=\"Est. reading time\" \/>\n\t<meta name=\"twitter:data1\" content=\"2 minutes\" \/>\n<script type=\"application\/ld+json\" class=\"yoast-schema-graph\">{\"@context\":\"https:\\\/\\\/schema.org\",\"@graph\":[{\"@type\":\"WebPage\",\"@id\":\"https:\\\/\\\/ekistika.com\\\/urunler\\\/nivelman\\\/\",\"url\":\"https:\\\/\\\/ekistika.com\\\/urunler\\\/nivelman\\\/\",\"name\":\"Nivelman - Ekistika\",\"isPartOf\":{\"@id\":\"https:\\\/\\\/ekistika.com\\\/#website\"},\"primaryImageOfPage\":{\"@id\":\"https:\\\/\\\/ekistika.com\\\/urunler\\\/nivelman\\\/#primaryimage\"},\"image\":{\"@id\":\"https:\\\/\\\/ekistika.com\\\/urunler\\\/nivelman\\\/#primaryimage\"},\"thumbnailUrl\":\"https:\\\/\\\/ekistika.com\\\/wp-content\\\/uploads\\\/2022\\\/01\\\/image-3.jpg\",\"datePublished\":\"2022-01-25T15:36:01+00:00\",\"dateModified\":\"2024-07-25T13:18:32+00:00\",\"description\":\"Nivelman; Nivelman Dengelemesi, Geoid Y\u00fckseklik Hesab\u0131, H\u0131z Hesab\u0131 ve Kanava i\u015flemlerini yapabilen bir programd\u0131r.\",\"breadcrumb\":{\"@id\":\"https:\\\/\\\/ekistika.com\\\/urunler\\\/nivelman\\\/#breadcrumb\"},\"inLanguage\":\"en-US\",\"potentialAction\":[{\"@type\":\"ReadAction\",\"target\":[\"https:\\\/\\\/ekistika.com\\\/urunler\\\/nivelman\\\/\"]}]},{\"@type\":\"ImageObject\",\"inLanguage\":\"en-US\",\"@id\":\"https:\\\/\\\/ekistika.com\\\/urunler\\\/nivelman\\\/#primaryimage\",\"url\":\"https:\\\/\\\/ekistika.com\\\/wp-content\\\/uploads\\\/2022\\\/01\\\/image-3.jpg\",\"contentUrl\":\"https:\\\/\\\/ekistika.com\\\/wp-content\\\/uploads\\\/2022\\\/01\\\/image-3.jpg\"},{\"@type\":\"BreadcrumbList\",\"@id\":\"https:\\\/\\\/ekistika.com\\\/urunler\\\/nivelman\\\/#breadcrumb\",\"itemListElement\":[{\"@type\":\"ListItem\",\"position\":1,\"name\":\"Anasayfa\",\"item\":\"https:\\\/\\\/ekistika.com\\\/\"},{\"@type\":\"ListItem\",\"position\":2,\"name\":\"\u00dcr\u00fcnler\",\"item\":\"https:\\\/\\\/ekistika.com\\\/urunler\\\/\"},{\"@type\":\"ListItem\",\"position\":3,\"name\":\"Nivelman\"}]},{\"@type\":\"WebSite\",\"@id\":\"https:\\\/\\\/ekistika.com\\\/#website\",\"url\":\"https:\\\/\\\/ekistika.com\\\/\",\"name\":\"Ekistika\",\"description\":\"\",\"publisher\":{\"@id\":\"https:\\\/\\\/ekistika.com\\\/#organization\"},\"potentialAction\":[{\"@type\":\"SearchAction\",\"target\":{\"@type\":\"EntryPoint\",\"urlTemplate\":\"https:\\\/\\\/ekistika.com\\\/?s={search_term_string}\"},\"query-input\":{\"@type\":\"PropertyValueSpecification\",\"valueRequired\":true,\"valueName\":\"search_term_string\"}}],\"inLanguage\":\"en-US\"},{\"@type\":\"Organization\",\"@id\":\"https:\\\/\\\/ekistika.com\\\/#organization\",\"name\":\"Ekistika\",\"url\":\"https:\\\/\\\/ekistika.com\\\/\",\"logo\":{\"@type\":\"ImageObject\",\"inLanguage\":\"en-US\",\"@id\":\"https:\\\/\\\/ekistika.com\\\/#\\\/schema\\\/logo\\\/image\\\/\",\"url\":\"https:\\\/\\\/ekistika.com\\\/wp-content\\\/uploads\\\/2024\\\/07\\\/cropped-Light-1200pxekistika.png\",\"contentUrl\":\"https:\\\/\\\/ekistika.com\\\/wp-content\\\/uploads\\\/2024\\\/07\\\/cropped-Light-1200pxekistika.png\",\"width\":480,\"height\":480,\"caption\":\"Ekistika\"},\"image\":{\"@id\":\"https:\\\/\\\/ekistika.com\\\/#\\\/schema\\\/logo\\\/image\\\/\"}}]}<\/script>\n<!-- \/ Yoast SEO plugin. -->","yoast_head_json":{"title":"Nivelman - Ekistika","description":"Nivelman; Nivelman Dengelemesi, Geoid Y\u00fckseklik Hesab\u0131, H\u0131z Hesab\u0131 ve Kanava i\u015flemlerini yapabilen bir programd\u0131r.","robots":{"index":"index","follow":"follow","max-snippet":"max-snippet:-1","max-image-preview":"max-image-preview:large","max-video-preview":"max-video-preview:-1"},"canonical":"https:\/\/ekistika.com\/en\/urunler\/nivelman\/","og_locale":"en_US","og_type":"article","og_title":"Nivelman - Ekistika","og_description":"Nivelman; Nivelman Dengelemesi, Geoid Y\u00fckseklik Hesab\u0131, H\u0131z Hesab\u0131 ve Kanava i\u015flemlerini yapabilen bir programd\u0131r.","og_url":"https:\/\/ekistika.com\/en\/urunler\/nivelman\/","og_site_name":"Ekistika","article_modified_time":"2024-07-25T13:18:32+00:00","og_image":[{"url":"https:\/\/ekistika.com\/wp-content\/uploads\/2022\/01\/image-3.jpg","type":"","width":"","height":""}],"twitter_card":"summary_large_image","twitter_misc":{"Est. reading time":"2 minutes"},"schema":{"@context":"https:\/\/schema.org","@graph":[{"@type":"WebPage","@id":"https:\/\/ekistika.com\/urunler\/nivelman\/","url":"https:\/\/ekistika.com\/urunler\/nivelman\/","name":"Nivelman - Ekistika","isPartOf":{"@id":"https:\/\/ekistika.com\/#website"},"primaryImageOfPage":{"@id":"https:\/\/ekistika.com\/urunler\/nivelman\/#primaryimage"},"image":{"@id":"https:\/\/ekistika.com\/urunler\/nivelman\/#primaryimage"},"thumbnailUrl":"https:\/\/ekistika.com\/wp-content\/uploads\/2022\/01\/image-3.jpg","datePublished":"2022-01-25T15:36:01+00:00","dateModified":"2024-07-25T13:18:32+00:00","description":"Nivelman; Nivelman Dengelemesi, Geoid Y\u00fckseklik Hesab\u0131, H\u0131z Hesab\u0131 ve Kanava i\u015flemlerini yapabilen bir programd\u0131r.","breadcrumb":{"@id":"https:\/\/ekistika.com\/urunler\/nivelman\/#breadcrumb"},"inLanguage":"en-US","potentialAction":[{"@type":"ReadAction","target":["https:\/\/ekistika.com\/urunler\/nivelman\/"]}]},{"@type":"ImageObject","inLanguage":"en-US","@id":"https:\/\/ekistika.com\/urunler\/nivelman\/#primaryimage","url":"https:\/\/ekistika.com\/wp-content\/uploads\/2022\/01\/image-3.jpg","contentUrl":"https:\/\/ekistika.com\/wp-content\/uploads\/2022\/01\/image-3.jpg"},{"@type":"BreadcrumbList","@id":"https:\/\/ekistika.com\/urunler\/nivelman\/#breadcrumb","itemListElement":[{"@type":"ListItem","position":1,"name":"Anasayfa","item":"https:\/\/ekistika.com\/"},{"@type":"ListItem","position":2,"name":"\u00dcr\u00fcnler","item":"https:\/\/ekistika.com\/urunler\/"},{"@type":"ListItem","position":3,"name":"Nivelman"}]},{"@type":"WebSite","@id":"https:\/\/ekistika.com\/#website","url":"https:\/\/ekistika.com\/","name":"Ekistika","description":"","publisher":{"@id":"https:\/\/ekistika.com\/#organization"},"potentialAction":[{"@type":"SearchAction","target":{"@type":"EntryPoint","urlTemplate":"https:\/\/ekistika.com\/?s={search_term_string}"},"query-input":{"@type":"PropertyValueSpecification","valueRequired":true,"valueName":"search_term_string"}}],"inLanguage":"en-US"},{"@type":"Organization","@id":"https:\/\/ekistika.com\/#organization","name":"Ekistika","url":"https:\/\/ekistika.com\/","logo":{"@type":"ImageObject","inLanguage":"en-US","@id":"https:\/\/ekistika.com\/#\/schema\/logo\/image\/","url":"https:\/\/ekistika.com\/wp-content\/uploads\/2024\/07\/cropped-Light-1200pxekistika.png","contentUrl":"https:\/\/ekistika.com\/wp-content\/uploads\/2024\/07\/cropped-Light-1200pxekistika.png","width":480,"height":480,"caption":"Ekistika"},"image":{"@id":"https:\/\/ekistika.com\/#\/schema\/logo\/image\/"}}]}},"_links":{"self":[{"href":"https:\/\/ekistika.com\/en\/wp-json\/wp\/v2\/pages\/101","targetHints":{"allow":["GET"]}}],"collection":[{"href":"https:\/\/ekistika.com\/en\/wp-json\/wp\/v2\/pages"}],"about":[{"href":"https:\/\/ekistika.com\/en\/wp-json\/wp\/v2\/types\/page"}],"author":[{"embeddable":true,"href":"https:\/\/ekistika.com\/en\/wp-json\/wp\/v2\/users\/1"}],"replies":[{"embeddable":true,"href":"https:\/\/ekistika.com\/en\/wp-json\/wp\/v2\/comments?post=101"}],"version-history":[{"count":22,"href":"https:\/\/ekistika.com\/en\/wp-json\/wp\/v2\/pages\/101\/revisions"}],"predecessor-version":[{"id":1291,"href":"https:\/\/ekistika.com\/en\/wp-json\/wp\/v2\/pages\/101\/revisions\/1291"}],"up":[{"embeddable":true,"href":"https:\/\/ekistika.com\/en\/wp-json\/wp\/v2\/pages\/20"}],"wp:attachment":[{"href":"https:\/\/ekistika.com\/en\/wp-json\/wp\/v2\/media?parent=101"}],"curies":[{"name":"wp","href":"https:\/\/api.w.org\/{rel}","templated":true}]}}