{"id":1065,"date":"2024-07-19T13:01:55","date_gmt":"2024-07-19T13:01:55","guid":{"rendered":"https:\/\/ekistika.com\/?page_id=1065"},"modified":"2024-12-29T10:33:28","modified_gmt":"2024-12-29T10:33:28","slug":"yapgml","status":"publish","type":"page","link":"https:\/\/ekistika.com\/en\/destek\/yapgml\/","title":{"rendered":"YAPgml Destek"},"content":{"rendered":"<h6 class=\"wp-block-heading alignfull has-text-align-center has-quaternary-color has-text-color has-background has-link-color wp-elements-d2693b39308ee826f874f69a2c3da9b4\" style=\"background-color:#25333c\"><strong>DUYURU<\/strong><br><br>Harita ve Kadastro M\u00fchendisleri Odas\u0131 ile Ekistika Yaz\u0131l\u0131m aras\u0131nda yap\u0131lan s\u00f6zle\u015fme gere\u011fi olarak 2023 y\u0131l\u0131ndan itibaren Oda taraf\u0131ndan kay\u0131tl\u0131 \u00fcyelerine \u00fccretsiz olarak sunulan YAPgml yaz\u0131l\u0131m\u0131 ile ilgili lisanslama ve destek hizmeti, alternatif yaz\u0131l\u0131mlar\u0131n ortaya \u00e7\u0131kmas\u0131 ve Odan\u0131n s\u00fcrecin en ba\u015f\u0131nda planlad\u0131\u011f\u0131 hedeflere \u00f6nemli \u00f6l\u00e7\u00fcde ula\u015fmas\u0131yla birlikte 01.01.2025 tarihi itibariyle sonland\u0131r\u0131lacakt\u0131r.<br><br>YAPgml yaz\u0131l\u0131m\u0131 ile ilgili lisans temini, teknik destek ve yaz\u0131l\u0131m g\u00fcncelleme faaliyetleri <strong><span style=\"text-decoration: underline;\">firmam\u0131z taraf\u0131ndan devam ettirilecek<\/span> <\/strong>olup her t\u00fcrl\u00fc soru, g\u00f6r\u00fc\u015f ve \u00f6nerilerinizi a\u015fa\u011f\u0131daki ileti\u015fim adresleri \u00fczerinden iletebilirsiniz.<br><br>YAPgml&#8217;i indirmek i\u00e7in <a href=\"https:\/\/ekistika.com\/en\/urunler\/yapgml\/indir\/\">bu ba\u011flant\u0131ya<\/a> t\u0131klayabilirsiniz. <strong>15 g\u00fcnl\u00fck \u00fccretsiz deneme s\u00fcr\u00fcm\u00fc<\/strong> i\u00e7in <a href=\"https:\/\/ekistika.com\/en\/iletisim\/\">bizimle ileti\u015fime ge\u00e7in > <\/a><br><br><strong>Mail: <\/strong>info@ekistika.com<br><strong>Telefon:<\/strong> +90 532 6828896<\/h6>\n\n\n\n<div class=\"wp-block-cover alignfull\" style=\"min-height:307px;aspect-ratio:unset;\"><span aria-hidden=\"true\" class=\"wp-block-cover__background has-primary-background-color has-background-dim-20 has-background-dim\"><\/span><img loading=\"lazy\" decoding=\"async\" width=\"628\" height=\"480\" class=\"wp-block-cover__image-background wp-image-5\" alt=\"\" src=\"https:\/\/ekistika.com\/wp-content\/uploads\/2022\/01\/image-2.jpg\" style=\"object-position:52% 55%\" data-object-fit=\"cover\" data-object-position=\"52% 55%\" srcset=\"https:\/\/ekistika.com\/wp-content\/uploads\/2022\/01\/image-2.jpg 628w, https:\/\/ekistika.com\/wp-content\/uploads\/2022\/01\/image-2-300x229.jpg 300w, https:\/\/ekistika.com\/wp-content\/uploads\/2022\/01\/image-2-768x587.jpg 768w\" sizes=\"auto, (max-width: 628px) 100vw, 628px\" \/><div class=\"wp-block-cover__inner-container is-layout-flow wp-block-cover-is-layout-flow\">\n<h2 class=\"wp-block-heading has-text-align-center has-quaternary-color has-text-color has-link-color wp-elements-a12e8ff55bc5dd748b403226d2ea7a24\" id=\"nivelman-dengeleme-kanava-geoid-ve-hiz-hesaplari-yapar\">YAPgml i\u00e7in destek bilgilerine buradan ula\u015fabilirsiniz.<\/h2>\n<\/div><\/div>\n\n\n\n<h2 class=\"wp-block-heading\"><strong>Genel<\/strong><\/h2>\n\n\n\n<div class=\"wp-block-coblocks-accordion\">\n<div class=\"wp-block-coblocks-accordion-item\"><details><summary class=\"wp-block-coblocks-accordion-item__title\"><strong>Program \u0130ndirme ve Kurulumu<\/strong><\/summary><div class=\"wp-block-coblocks-accordion-item__content\">\n<p><a href=\"https:\/\/ekistika.com\/en\/urunler\/yapgml\/indir\/\">YAPGML indirme sayfas\u0131 ><\/a><\/p>\n\n\n\n<p>YAPGML program nas\u0131l kurulur &gt;<\/p>\n<\/div><\/details><\/div>\n\n\n\n<div class=\"wp-block-coblocks-accordion-item\"><details><summary class=\"wp-block-coblocks-accordion-item__title\"><strong>Lisans Alma<\/strong><\/summary><div class=\"wp-block-coblocks-accordion-item__content\">\n<p>Lisans al\u0131m\u0131 &gt;<\/p>\n<\/div><\/details><\/div>\n\n\n\n<div class=\"wp-block-coblocks-accordion-item\"><details><summary class=\"wp-block-coblocks-accordion-item__title\"><strong>Program\u0131 \u00c7al\u0131\u015ft\u0131rma ve \u00c7izime Haz\u0131rl\u0131k<\/strong><\/summary><div class=\"wp-block-coblocks-accordion-item__content\">\n<p><\/p>\n<\/div><\/details><\/div>\n<\/div>\n\n\n\n<div style=\"height:10px\" aria-hidden=\"true\" class=\"wp-block-spacer\"><\/div>\n\n\n\n<h2 class=\"wp-block-heading mb-0 pb-0\"><strong>\u00c7izim \u0130\u015flemleri<\/strong><\/h2>\n\n\n\n<div style=\"height:10px\" aria-hidden=\"true\" class=\"wp-block-spacer\"><\/div>\n\n\n\n<div class=\"wp-block-coblocks-accordion\">\n<div class=\"wp-block-coblocks-accordion-item\"><details><summary class=\"wp-block-coblocks-accordion-item__title\"><strong>Kat Plan S\u0131n\u0131r\u0131 \u00c7izimi<\/strong><\/summary><div class=\"wp-block-coblocks-accordion-item__content\">\n<p>Makale 1 &gt; <\/p>\n<\/div><\/details><\/div>\n\n\n\n<div class=\"wp-block-coblocks-accordion-item\"><details><summary class=\"wp-block-coblocks-accordion-item__title\"><strong>Bina Aks\u0131 \u00c7izimi<\/strong><\/summary><div class=\"wp-block-coblocks-accordion-item__content\">\n<p>makale 1 &gt;<\/p>\n<\/div><\/details><\/div>\n\n\n\n<div class=\"wp-block-coblocks-accordion-item\"><details><summary class=\"wp-block-coblocks-accordion-item__title\"><strong>Bina Alan\u0131 \u00c7izimi<\/strong><\/summary><div class=\"wp-block-coblocks-accordion-item__content\">\n<p>Makale 1 &gt;<\/p>\n<\/div><\/details><\/div>\n\n\n\n<div class=\"wp-block-coblocks-accordion-item\"><details><summary class=\"wp-block-coblocks-accordion-item__title\"><strong>Kat Alan\u0131 \u00c7izimi<\/strong><\/summary><div class=\"wp-block-coblocks-accordion-item__content\">\n<p>Kat alan\u0131 nas\u0131l \u00e7izilir &gt;<\/p>\n\n\n\n<p>Kat i\u00e7 alan\u0131 nedir ve nas\u0131l \u00e7izilir &gt;<\/p>\n<\/div><\/details><\/div>\n\n\n\n<div class=\"wp-block-coblocks-accordion-item\"><details><summary class=\"wp-block-coblocks-accordion-item__title\"><strong>Ba\u011f\u0131ms\u0131z B\u00f6l\u00fcm \u00c7izimi<\/strong><\/summary><div class=\"wp-block-coblocks-accordion-item__content\">\n<p>Ba\u011f\u0131ms\u0131z b\u00f6l\u00fcm kullan\u0131m amac\u0131 neye g\u00f6re se\u00e7ilir? &gt;<\/p>\n\n\n\n<p>Ba\u011f\u0131ms\u0131z b\u00f6l\u00fcm s\u0131n\u0131r\u0131 nas\u0131l \u00e7izilir &gt;<\/p>\n\n\n\n<p>Ba\u011f\u0131ms\u0131z b\u00f6l\u00fcm nas\u0131l olu\u015fturulur &gt;<\/p>\n<\/div><\/details><\/div>\n\n\n\n<div class=\"wp-block-coblocks-accordion-item\"><details><summary class=\"wp-block-coblocks-accordion-item__title\"><strong>Ortak Alan \u00c7izimi<\/strong><\/summary><div class=\"wp-block-coblocks-accordion-item__content\">\n<p>makale &gt;<\/p>\n<\/div><\/details><\/div>\n\n\n\n<div class=\"wp-block-coblocks-accordion-item\"><details><summary class=\"wp-block-coblocks-accordion-item__title\"><strong>Oda \u00c7izimi<\/strong><\/summary><div class=\"wp-block-coblocks-accordion-item__content\">\n<p>Oda nas\u0131l \u00e7izilir &gt;<\/p>\n\n\n\n<p>Oda \u0130\u00e7 Yap\u0131 nedir ve nas\u0131l \u00e7izilir &gt;<\/p>\n<\/div><\/details><\/div>\n\n\n\n<div class=\"wp-block-coblocks-accordion-item\"><details><summary class=\"wp-block-coblocks-accordion-item__title\"><strong>Balkon ve Teras \u00c7izimi<\/strong><\/summary><div class=\"wp-block-coblocks-accordion-item__content\">\n<p>Balkon s\u0131n\u0131r\u0131 nas\u0131l \u00e7izilir? &gt;<\/p>\n\n\n\n<p>Balkon alan\u0131 nas\u0131l belirlenir? &gt;<\/p>\n\n\n\n<p>Balkon duvar\u0131 nas\u0131l \u00e7izilir? &gt;<\/p>\n<\/div><\/details><\/div>\n\n\n\n<div class=\"wp-block-coblocks-accordion-item\"><details><summary class=\"wp-block-coblocks-accordion-item__title\"><strong>Kap\u0131 \u00c7izimi<\/strong><\/summary><div class=\"wp-block-coblocks-accordion-item__content\">\n<p><a href=\"https:\/\/ekistika.com\/en\/destek\/yapgml\/kapi-tipleri\/\">Kap\u0131 tipleri nelerdir? &gt;<\/a><\/p>\n\n\n\n<p>Kap\u0131 \u00e7izimi nas\u0131l yap\u0131l\u0131r? &gt;<\/p>\n\n\n\n<p>Otomatik kap\u0131 \u00e7izimi &gt;<\/p>\n<\/div><\/details><\/div>\n\n\n\n<div class=\"wp-block-coblocks-accordion-item\"><details><summary class=\"wp-block-coblocks-accordion-item__title\"><strong>Pencere \u00c7izimi<\/strong><\/summary><div class=\"wp-block-coblocks-accordion-item__content\">\n<p><a href=\"https:\/\/ekistika.com\/en\/destek\/yapgml\/pencere-tipleri\/\">Pencere tipleri nelerdir? &gt;<\/a><\/p>\n\n\n\n<p>Pencere nas\u0131l \u00e7izilir? &gt;<\/p>\n\n\n\n<p>Otomatik pencere \u00e7izimi? &gt;<\/p>\n<\/div><\/details><\/div>\n<\/div>\n\n\n\n<div style=\"height:10px\" aria-hidden=\"true\" class=\"wp-block-spacer\"><\/div>\n\n\n\n<h2 class=\"wp-block-heading\"><strong>Kat \u0130\u015flemleri<\/strong><\/h2>\n\n\n\n<div class=\"wp-block-coblocks-accordion\">\n<div class=\"wp-block-coblocks-accordion-item\"><details><summary class=\"wp-block-coblocks-accordion-item__title\"><strong>Kat Kontrol\u00fc<\/strong><\/summary><div class=\"wp-block-coblocks-accordion-item__content\">\n<p>Kat kontrol\u00fc nas\u0131l yap\u0131l\u0131r? &gt;<\/p>\n\n\n\n<p><\/p>\n<\/div><\/details><\/div>\n\n\n\n<div class=\"wp-block-coblocks-accordion-item\"><details><summary class=\"wp-block-coblocks-accordion-item__title\"><strong>Kat Y\u00fckseltme<\/strong><\/summary><div class=\"wp-block-coblocks-accordion-item__content\">\n<p>Kat y\u00fckseltme i\u015flemi nas\u0131l yap\u0131l\u0131r?<\/p>\n<\/div><\/details><\/div>\n\n\n\n<div class=\"wp-block-coblocks-accordion-item\"><details><summary class=\"wp-block-coblocks-accordion-item__title\"><strong>Kat Birle\u015ftirme<\/strong><\/summary><div class=\"wp-block-coblocks-accordion-item__content\">\n<p>Katlar nas\u0131l birle\u015ftirilir?<\/p>\n<\/div><\/details><\/div>\n<\/div>\n\n\n\n<div style=\"height:10px\" aria-hidden=\"true\" class=\"wp-block-spacer\"><\/div>\n\n\n\n<h2 class=\"wp-block-heading\"><strong>GeoReferans \u0130\u015flemleri<\/strong><\/h2>\n\n\n\n<div class=\"wp-block-coblocks-accordion\">\n<div class=\"wp-block-coblocks-accordion-item\"><details><summary class=\"wp-block-coblocks-accordion-item__title\"><strong>GeoReferans<\/strong><\/summary><div class=\"wp-block-coblocks-accordion-item__content\">\n<p>GeoReferans i\u015flemi nas\u0131l ger\u00e7ekle\u015ftirilir?<\/p>\n\n\n\n<p><\/p>\n<\/div><\/details><\/div>\n\n\n\n<div class=\"wp-block-coblocks-accordion-item\"><details><summary class=\"wp-block-coblocks-accordion-item__title\"><strong>Model &#8211; Bina E\u015fle\u015ftirme<\/strong><\/summary><div class=\"wp-block-coblocks-accordion-item__content\">\n<p>Model &#8211; bina e\u015fle\u015ftirme i\u015flemi hangi durumlarda yap\u0131lmal\u0131? &gt;<\/p>\n<\/div><\/details><\/div>\n<\/div>\n\n\n\n<div style=\"height:10px\" aria-hidden=\"true\" class=\"wp-block-spacer\"><\/div>\n\n\n\n<h2 class=\"wp-block-heading\"><strong>\u00c7at\u0131 \u0130\u015flemleri<\/strong><\/h2>\n\n\n\n<div class=\"wp-block-coblocks-accordion\">\n<div class=\"wp-block-coblocks-accordion-item\"><details><summary class=\"wp-block-coblocks-accordion-item__title\"><strong>\u00c7at\u0131 Ana Yap\u0131 \u00c7izimi<\/strong><\/summary><div class=\"wp-block-coblocks-accordion-item__content\">\n<p>Makale &gt;<\/p>\n<\/div><\/details><\/div>\n\n\n\n<div class=\"wp-block-coblocks-accordion-item\"><details><summary class=\"wp-block-coblocks-accordion-item__title\"><strong>\u00c7at\u0131 Detay \u00c7izimi<\/strong><\/summary><div class=\"wp-block-coblocks-accordion-item__content\">\n<p>\u00c7at\u0131 detay\u0131 <\/p>\n<\/div><\/details><\/div>\n\n\n\n<div class=\"wp-block-coblocks-accordion-item\"><details><summary class=\"wp-block-coblocks-accordion-item__title\"><strong>\u00c7at\u0131 Eklenti \u00c7izimi<\/strong><\/summary><div class=\"wp-block-coblocks-accordion-item__content\">\n<p>Makale &gt;<\/p>\n<\/div><\/details><\/div>\n\n\n\n<div class=\"wp-block-coblocks-accordion-item\"><details><summary class=\"wp-block-coblocks-accordion-item__title\"><strong>\u00c7at\u0131 \u00c7izgisi \u00c7izimi<\/strong><\/summary><div class=\"wp-block-coblocks-accordion-item__content\">\n<p><\/p>\n<\/div><\/details><\/div>\n\n\n\n<div class=\"wp-block-coblocks-accordion-item\"><details><summary class=\"wp-block-coblocks-accordion-item__title\"><strong>\u00c7at\u0131 Y\u00fczey Olu\u015fturma<\/strong><\/summary><div class=\"wp-block-coblocks-accordion-item__content\">\n<p><\/p>\n<\/div><\/details><\/div>\n\n\n\n<div class=\"wp-block-coblocks-accordion-item\"><details><summary class=\"wp-block-coblocks-accordion-item__title\"><strong>\u00c7at\u0131 Kat\u0131 Trimleme<\/strong><\/summary><div class=\"wp-block-coblocks-accordion-item__content\">\n<p><\/p>\n<\/div><\/details><\/div>\n<\/div>\n\n\n\n<div style=\"height:10px\" aria-hidden=\"true\" class=\"wp-block-spacer\"><\/div>\n\n\n\n<h2 class=\"wp-block-heading\"><strong>D\u00f6n\u00fc\u015f\u00fcm \u0130\u015flemleri<\/strong><\/h2>\n\n\n\n<div class=\"wp-block-coblocks-accordion\">\n<div class=\"wp-block-coblocks-accordion-item\"><details><summary class=\"wp-block-coblocks-accordion-item__title\"><strong>CityGML D\u00f6n\u00fc\u015ft\u00fcrme<\/strong><\/summary><div class=\"wp-block-coblocks-accordion-item__content\">\n<p>CityGML d\u00f6n\u00fc\u015f\u00fcm\u00fc nas\u0131l yap\u0131l\u0131r? &gt;<\/p>\n\n\n\n<p>Koordinat sistemleri hakk\u0131nda &gt;<\/p>\n\n\n\n<p>Terrain Intersection Curve (TIC) nedir? &gt;<\/p>\n<\/div><\/details><\/div>\n<\/div>\n\n\n\n<div style=\"height:10px\" aria-hidden=\"true\" class=\"wp-block-spacer\"><\/div>\n\n\n\n<h2 class=\"wp-block-heading\"><strong>Yard\u0131mc\u0131 \u0130\u015flemler<\/strong><\/h2>\n\n\n\n<div class=\"wp-block-coblocks-accordion\">\n<div class=\"wp-block-coblocks-accordion-item\"><details><summary class=\"wp-block-coblocks-accordion-item__title\"><strong>NV\u0130 Bilgilerini Alma<\/strong><\/summary><div class=\"wp-block-coblocks-accordion-item__content\">\n<p>NV\u0130 bilgileri dosyadan otomatik nas\u0131l al\u0131n\u0131r?<\/p>\n<\/div><\/details><\/div>\n\n\n\n<div class=\"wp-block-coblocks-accordion-item\"><details><summary class=\"wp-block-coblocks-accordion-item__title\"><strong>Beyan Bilgileri Alma<\/strong><\/summary><div class=\"wp-block-coblocks-accordion-item__content\">\n<p>Beyan bilgileri dosyadan nas\u0131l al\u0131n\u0131r?<\/p>\n<\/div><\/details><\/div>\n\n\n\n<div class=\"wp-block-coblocks-accordion-item\"><details><summary class=\"wp-block-coblocks-accordion-item__title\"><strong>\u00dc\u00e7gen D\u00f6nd\u00fcrme<\/strong><\/summary><div class=\"wp-block-coblocks-accordion-item__content\">\n<p>\u00dc\u00e7gen d\u00f6nd\u00fcrme i\u015flemi nas\u0131l yap\u0131l\u0131r? &gt;<\/p>\n<\/div><\/details><\/div>\n\n\n\n<div class=\"wp-block-coblocks-accordion-item\"><details><summary class=\"wp-block-coblocks-accordion-item__title\"><strong>Nokta Edit\u00f6r\u00fc<\/strong><\/summary><div class=\"wp-block-coblocks-accordion-item__content\">\n<p>Nokta edit\u00f6r\u00fc ne i\u00e7in kullan\u0131l\u0131r? &gt;<\/p>\n<\/div><\/details><\/div>\n<\/div>","protected":false},"excerpt":{"rendered":"<p>DUYURU Harita ve Kadastro M\u00fchendisleri Odas\u0131 ile Ekistika Yaz\u0131l\u0131m aras\u0131nda yap\u0131lan s\u00f6zle\u015fme gere\u011fi olarak 2023 y\u0131l\u0131ndan itibaren Oda taraf\u0131ndan kay\u0131tl\u0131 \u00fcyelerine \u00fccretsiz olarak sunulan YAPgml yaz\u0131l\u0131m\u0131 ile ilgili lisanslama ve destek hizmeti, alternatif yaz\u0131l\u0131mlar\u0131n ortaya \u00e7\u0131kmas\u0131 ve Odan\u0131n s\u00fcrecin en ba\u015f\u0131nda planlad\u0131\u011f\u0131 hedeflere \u00f6nemli \u00f6l\u00e7\u00fcde ula\u015fmas\u0131yla birlikte 01.01.2025 tarihi itibariyle sonland\u0131r\u0131lacakt\u0131r. YAPgml yaz\u0131l\u0131m\u0131 ile ilgili [&hellip;]<\/p>\n","protected":false},"author":1,"featured_media":0,"parent":168,"menu_order":0,"comment_status":"closed","ping_status":"closed","template":"","meta":{"_coblocks_attr":"","_coblocks_dimensions":"","_coblocks_responsive_height":"","_coblocks_accordion_ie_support":"","hide_page_title":"","footnotes":""},"class_list":["post-1065","page","type-page","status-publish","hentry"],"yoast_head":"<!-- This site is optimized with the Yoast SEO plugin v27.5 - https:\/\/yoast.com\/product\/yoast-seo-wordpress\/ -->\n<title>YAPgml Destek - Ekistika<\/title>\n<meta name=\"description\" content=\"Ekistika YAPgml \u00fcr\u00fcn\u00fc i\u00e7in destek bilgilerine ve konular\u0131na buradan ula\u015fabilir ve yard\u0131m alabilirsiniz.\" \/>\n<meta name=\"robots\" content=\"index, follow, max-snippet:-1, max-image-preview:large, max-video-preview:-1\" \/>\n<link rel=\"canonical\" href=\"https:\/\/ekistika.com\/en\/destek\/yapgml\/\" \/>\n<meta property=\"og:locale\" content=\"en_US\" \/>\n<meta property=\"og:type\" content=\"article\" \/>\n<meta property=\"og:title\" content=\"YAPgml Destek - Ekistika\" \/>\n<meta property=\"og:description\" content=\"Ekistika YAPgml \u00fcr\u00fcn\u00fc i\u00e7in destek bilgilerine ve konular\u0131na buradan ula\u015fabilir ve yard\u0131m alabilirsiniz.\" \/>\n<meta property=\"og:url\" content=\"https:\/\/ekistika.com\/en\/destek\/yapgml\/\" \/>\n<meta property=\"og:site_name\" content=\"Ekistika\" \/>\n<meta property=\"article:modified_time\" content=\"2024-12-29T10:33:28+00:00\" \/>\n<meta property=\"og:image\" content=\"https:\/\/ekistika.com\/wp-content\/uploads\/2022\/01\/image-2.jpg\" \/>\n\t<meta property=\"og:image:width\" content=\"628\" \/>\n\t<meta property=\"og:image:height\" content=\"480\" \/>\n\t<meta property=\"og:image:type\" content=\"image\/jpeg\" \/>\n<meta name=\"twitter:card\" content=\"summary_large_image\" \/>\n<meta name=\"twitter:label1\" content=\"Est. reading time\" \/>\n\t<meta name=\"twitter:data1\" content=\"3 minutes\" \/>\n<script type=\"application\/ld+json\" class=\"yoast-schema-graph\">{\"@context\":\"https:\\\/\\\/schema.org\",\"@graph\":[{\"@type\":\"WebPage\",\"@id\":\"https:\\\/\\\/ekistika.com\\\/destek\\\/yapgml\\\/\",\"url\":\"https:\\\/\\\/ekistika.com\\\/destek\\\/yapgml\\\/\",\"name\":\"YAPgml Destek - Ekistika\",\"isPartOf\":{\"@id\":\"https:\\\/\\\/ekistika.com\\\/#website\"},\"primaryImageOfPage\":{\"@id\":\"https:\\\/\\\/ekistika.com\\\/destek\\\/yapgml\\\/#primaryimage\"},\"image\":{\"@id\":\"https:\\\/\\\/ekistika.com\\\/destek\\\/yapgml\\\/#primaryimage\"},\"thumbnailUrl\":\"https:\\\/\\\/ekistika.com\\\/wp-content\\\/uploads\\\/2022\\\/01\\\/image-2.jpg\",\"datePublished\":\"2024-07-19T13:01:55+00:00\",\"dateModified\":\"2024-12-29T10:33:28+00:00\",\"description\":\"Ekistika YAPgml \u00fcr\u00fcn\u00fc i\u00e7in destek bilgilerine ve konular\u0131na buradan ula\u015fabilir ve yard\u0131m alabilirsiniz.\",\"breadcrumb\":{\"@id\":\"https:\\\/\\\/ekistika.com\\\/destek\\\/yapgml\\\/#breadcrumb\"},\"inLanguage\":\"en-US\",\"potentialAction\":[{\"@type\":\"ReadAction\",\"target\":[\"https:\\\/\\\/ekistika.com\\\/destek\\\/yapgml\\\/\"]}]},{\"@type\":\"ImageObject\",\"inLanguage\":\"en-US\",\"@id\":\"https:\\\/\\\/ekistika.com\\\/destek\\\/yapgml\\\/#primaryimage\",\"url\":\"https:\\\/\\\/ekistika.com\\\/wp-content\\\/uploads\\\/2022\\\/01\\\/image-2.jpg\",\"contentUrl\":\"https:\\\/\\\/ekistika.com\\\/wp-content\\\/uploads\\\/2022\\\/01\\\/image-2.jpg\"},{\"@type\":\"BreadcrumbList\",\"@id\":\"https:\\\/\\\/ekistika.com\\\/destek\\\/yapgml\\\/#breadcrumb\",\"itemListElement\":[{\"@type\":\"ListItem\",\"position\":1,\"name\":\"Anasayfa\",\"item\":\"https:\\\/\\\/ekistika.com\\\/\"},{\"@type\":\"ListItem\",\"position\":2,\"name\":\"Destek\",\"item\":\"https:\\\/\\\/ekistika.com\\\/destek\\\/\"},{\"@type\":\"ListItem\",\"position\":3,\"name\":\"YAPgml Destek\"}]},{\"@type\":\"WebSite\",\"@id\":\"https:\\\/\\\/ekistika.com\\\/#website\",\"url\":\"https:\\\/\\\/ekistika.com\\\/\",\"name\":\"Ekistika\",\"description\":\"\",\"publisher\":{\"@id\":\"https:\\\/\\\/ekistika.com\\\/#organization\"},\"potentialAction\":[{\"@type\":\"SearchAction\",\"target\":{\"@type\":\"EntryPoint\",\"urlTemplate\":\"https:\\\/\\\/ekistika.com\\\/?s={search_term_string}\"},\"query-input\":{\"@type\":\"PropertyValueSpecification\",\"valueRequired\":true,\"valueName\":\"search_term_string\"}}],\"inLanguage\":\"en-US\"},{\"@type\":\"Organization\",\"@id\":\"https:\\\/\\\/ekistika.com\\\/#organization\",\"name\":\"Ekistika\",\"url\":\"https:\\\/\\\/ekistika.com\\\/\",\"logo\":{\"@type\":\"ImageObject\",\"inLanguage\":\"en-US\",\"@id\":\"https:\\\/\\\/ekistika.com\\\/#\\\/schema\\\/logo\\\/image\\\/\",\"url\":\"https:\\\/\\\/ekistika.com\\\/wp-content\\\/uploads\\\/2024\\\/07\\\/cropped-Light-1200pxekistika.png\",\"contentUrl\":\"https:\\\/\\\/ekistika.com\\\/wp-content\\\/uploads\\\/2024\\\/07\\\/cropped-Light-1200pxekistika.png\",\"width\":480,\"height\":480,\"caption\":\"Ekistika\"},\"image\":{\"@id\":\"https:\\\/\\\/ekistika.com\\\/#\\\/schema\\\/logo\\\/image\\\/\"}}]}<\/script>\n<!-- \/ Yoast SEO plugin. -->","yoast_head_json":{"title":"YAPgml Destek - Ekistika","description":"Ekistika YAPgml \u00fcr\u00fcn\u00fc i\u00e7in destek bilgilerine ve konular\u0131na buradan ula\u015fabilir ve yard\u0131m alabilirsiniz.","robots":{"index":"index","follow":"follow","max-snippet":"max-snippet:-1","max-image-preview":"max-image-preview:large","max-video-preview":"max-video-preview:-1"},"canonical":"https:\/\/ekistika.com\/en\/destek\/yapgml\/","og_locale":"en_US","og_type":"article","og_title":"YAPgml Destek - Ekistika","og_description":"Ekistika YAPgml \u00fcr\u00fcn\u00fc i\u00e7in destek bilgilerine ve konular\u0131na buradan ula\u015fabilir ve yard\u0131m alabilirsiniz.","og_url":"https:\/\/ekistika.com\/en\/destek\/yapgml\/","og_site_name":"Ekistika","article_modified_time":"2024-12-29T10:33:28+00:00","og_image":[{"width":628,"height":480,"url":"https:\/\/ekistika.com\/wp-content\/uploads\/2022\/01\/image-2.jpg","type":"image\/jpeg"}],"twitter_card":"summary_large_image","twitter_misc":{"Est. reading time":"3 minutes"},"schema":{"@context":"https:\/\/schema.org","@graph":[{"@type":"WebPage","@id":"https:\/\/ekistika.com\/destek\/yapgml\/","url":"https:\/\/ekistika.com\/destek\/yapgml\/","name":"YAPgml Destek - Ekistika","isPartOf":{"@id":"https:\/\/ekistika.com\/#website"},"primaryImageOfPage":{"@id":"https:\/\/ekistika.com\/destek\/yapgml\/#primaryimage"},"image":{"@id":"https:\/\/ekistika.com\/destek\/yapgml\/#primaryimage"},"thumbnailUrl":"https:\/\/ekistika.com\/wp-content\/uploads\/2022\/01\/image-2.jpg","datePublished":"2024-07-19T13:01:55+00:00","dateModified":"2024-12-29T10:33:28+00:00","description":"Ekistika YAPgml \u00fcr\u00fcn\u00fc i\u00e7in destek bilgilerine ve konular\u0131na buradan ula\u015fabilir ve yard\u0131m alabilirsiniz.","breadcrumb":{"@id":"https:\/\/ekistika.com\/destek\/yapgml\/#breadcrumb"},"inLanguage":"en-US","potentialAction":[{"@type":"ReadAction","target":["https:\/\/ekistika.com\/destek\/yapgml\/"]}]},{"@type":"ImageObject","inLanguage":"en-US","@id":"https:\/\/ekistika.com\/destek\/yapgml\/#primaryimage","url":"https:\/\/ekistika.com\/wp-content\/uploads\/2022\/01\/image-2.jpg","contentUrl":"https:\/\/ekistika.com\/wp-content\/uploads\/2022\/01\/image-2.jpg"},{"@type":"BreadcrumbList","@id":"https:\/\/ekistika.com\/destek\/yapgml\/#breadcrumb","itemListElement":[{"@type":"ListItem","position":1,"name":"Anasayfa","item":"https:\/\/ekistika.com\/"},{"@type":"ListItem","position":2,"name":"Destek","item":"https:\/\/ekistika.com\/destek\/"},{"@type":"ListItem","position":3,"name":"YAPgml Destek"}]},{"@type":"WebSite","@id":"https:\/\/ekistika.com\/#website","url":"https:\/\/ekistika.com\/","name":"Ekistika","description":"","publisher":{"@id":"https:\/\/ekistika.com\/#organization"},"potentialAction":[{"@type":"SearchAction","target":{"@type":"EntryPoint","urlTemplate":"https:\/\/ekistika.com\/?s={search_term_string}"},"query-input":{"@type":"PropertyValueSpecification","valueRequired":true,"valueName":"search_term_string"}}],"inLanguage":"en-US"},{"@type":"Organization","@id":"https:\/\/ekistika.com\/#organization","name":"Ekistika","url":"https:\/\/ekistika.com\/","logo":{"@type":"ImageObject","inLanguage":"en-US","@id":"https:\/\/ekistika.com\/#\/schema\/logo\/image\/","url":"https:\/\/ekistika.com\/wp-content\/uploads\/2024\/07\/cropped-Light-1200pxekistika.png","contentUrl":"https:\/\/ekistika.com\/wp-content\/uploads\/2024\/07\/cropped-Light-1200pxekistika.png","width":480,"height":480,"caption":"Ekistika"},"image":{"@id":"https:\/\/ekistika.com\/#\/schema\/logo\/image\/"}}]}},"_links":{"self":[{"href":"https:\/\/ekistika.com\/en\/wp-json\/wp\/v2\/pages\/1065","targetHints":{"allow":["GET"]}}],"collection":[{"href":"https:\/\/ekistika.com\/en\/wp-json\/wp\/v2\/pages"}],"about":[{"href":"https:\/\/ekistika.com\/en\/wp-json\/wp\/v2\/types\/page"}],"author":[{"embeddable":true,"href":"https:\/\/ekistika.com\/en\/wp-json\/wp\/v2\/users\/1"}],"replies":[{"embeddable":true,"href":"https:\/\/ekistika.com\/en\/wp-json\/wp\/v2\/comments?post=1065"}],"version-history":[{"count":31,"href":"https:\/\/ekistika.com\/en\/wp-json\/wp\/v2\/pages\/1065\/revisions"}],"predecessor-version":[{"id":1540,"href":"https:\/\/ekistika.com\/en\/wp-json\/wp\/v2\/pages\/1065\/revisions\/1540"}],"up":[{"embeddable":true,"href":"https:\/\/ekistika.com\/en\/wp-json\/wp\/v2\/pages\/168"}],"wp:attachment":[{"href":"https:\/\/ekistika.com\/en\/wp-json\/wp\/v2\/media?parent=1065"}],"curies":[{"name":"wp","href":"https:\/\/api.w.org\/{rel}","templated":true}]}}