{"id":129,"date":"2022-01-26T19:55:48","date_gmt":"2022-01-26T19:55:48","guid":{"rendered":"https:\/\/ekistika.com\/?page_id=129"},"modified":"2024-07-25T22:26:48","modified_gmt":"2024-07-25T22:26:48","slug":"hakkimizda","status":"publish","type":"page","link":"https:\/\/ekistika.com\/en\/hakkimizda\/","title":{"rendered":"About Us"},"content":{"rendered":"<div class=\"wp-block-cover alignfull\" style=\"min-height:307px;aspect-ratio:unset;\"><span aria-hidden=\"true\" class=\"wp-block-cover__background has-background-dim\"><\/span><img loading=\"lazy\" decoding=\"async\" width=\"720\" height=\"480\" class=\"wp-block-cover__image-background wp-image-130\" alt=\"hakk\u0131m\u0131zda\" src=\"https:\/\/ekistika.com\/wp-content\/uploads\/2022\/01\/qtq80-vnhPgp.jpeg\" data-object-fit=\"cover\" srcset=\"https:\/\/ekistika.com\/wp-content\/uploads\/2022\/01\/qtq80-vnhPgp.jpeg 720w, https:\/\/ekistika.com\/wp-content\/uploads\/2022\/01\/qtq80-vnhPgp-300x200.jpeg 300w, https:\/\/ekistika.com\/wp-content\/uploads\/2022\/01\/qtq80-vnhPgp-1024x683.jpeg 1024w, https:\/\/ekistika.com\/wp-content\/uploads\/2022\/01\/qtq80-vnhPgp-768x512.jpeg 768w\" sizes=\"auto, (max-width: 720px) 100vw, 720px\" \/><div class=\"wp-block-cover__inner-container is-layout-flow wp-block-cover-is-layout-flow\">\n<h2 class=\"wp-block-heading has-text-align-center has-quaternary-color has-text-color\" id=\"bizim-hakkimizda-daha-cok-bilgiye-ulasin\">Ekistika hakk\u0131nda daha \u00e7ok bilgi edinin.<\/h2>\n<\/div><\/div>\n\n\n\n<h2 class=\"wp-block-heading\" id=\"biz-kimiz\">What is Ekistika?<\/h2>\n\n\n\n<p>Hakk\u0131m\u0131zda bilgi edinin: Ekistik, yerle\u015fim bilimi demektir. Ekistika yerle\u015fim bilimini kodlama ile ele alan bir yaz\u0131l\u0131m \u015firketidir. Bina modellemelerini ve haritalar\u0131 kodlarla birle\u015ftirir ve hayat\u0131 kolayla\u015ft\u0131rmay\u0131 ama\u00e7lar. \u015eirketler i\u00e7in modern \u00e7\u00f6z\u00fcmler \u00fcretir.<\/p>\n\n\n\n<p><\/p>\n\n\n\n<h2 class=\"wp-block-heading\" id=\"ne-isler-yapiyoruz\">Nas\u0131l yaz\u0131l\u0131mlar geli\u015ftiriyoruz?<\/h2>\n\n\n\n<p>\u015eimdilik yay\u0131nda olan \u00fc\u00e7 uygulamam\u0131z var. YAPgml, DGNEdit ve Nivelman.<br><\/p>\n\n\n\n<ul class=\"wp-block-list\">\n<li>En yeni uygulamam\u0131z <strong>YAPgml<\/strong>, 3 boyutlu say\u0131sal yap\u0131 modeli \u00fcretimine ili\u015fkin \u00e7izim, veri giri\u015fi ve GML d\u00f6n\u00fc\u015f\u00fcm\u00fc i\u015flemlerini yapan bir yaz\u0131l\u0131md\u0131r. <a href=\"https:\/\/ekistika.com\/en\/urunler\/yapgml\/\">YAPgml hakk\u0131nda daha fazla bilgi al\u0131n ><\/a><\/li>\n<\/ul>\n\n\n\n<ul class=\"wp-block-list\">\n<li><strong>DGNEdit<\/strong> say\u0131sal harita \u00fcretimi i\u00e7in, <strong>Nivelman<\/strong> ise dengeleme ve hesap i\u015flemleri i\u00e7in pek \u00e7ok bilinen harita firmalar\u0131nda kullan\u0131lmaktad\u0131r.<\/li>\n<\/ul>\n\n\n\n<p>Daha fazla bilgi edinmek i\u00e7in <a data-type=\"page\" data-id=\"20\" href=\"https:\/\/ekistika.com\/en\/urunler\/\">\u00fcr\u00fcnler sayfas\u0131n\u0131 ziyaret edin<\/a> veya <a data-type=\"page\" data-id=\"19\" href=\"https:\/\/ekistika.com\/en\/referanslar\/\">referanslar\u0131m\u0131za g\u00f6z at\u0131n<\/a>.<\/p>\n\n\n\n<p><\/p>\n\n\n\n<p><\/p>\n\n\n\n<h2 class=\"wp-block-heading\" id=\"bize-nasil-ulasabilirsiniz\">Ekistika&#8217;ya nas\u0131l ula\u015fabilirsiniz?<\/h2>\n\n\n\n<p>\u0130leti\u015fim b\u00f6l\u00fcm\u00fcnde konum, telefon veya e-posta gibi farkl\u0131 kanallardaki ileti\u015fim bilgilerimizi g\u00f6rebilir; LinkedIn hesab\u0131m\u0131za da eri\u015febilirsiniz.<\/p>\n\n\n\n<p><\/p>\n\n\n\n<p id=\"iletisim-sayfasini-ziyaret-et\"><a href=\"https:\/\/ekistika.com\/en\/iletisim\/\" data-type=\"page\" data-id=\"21\">\u0130leti\u015fim sayfas\u0131n\u0131 ziyaret et &gt;<\/a><\/p>\n\n\n\n<p><\/p>\n\n\n\n<p><\/p>","protected":false},"excerpt":{"rendered":"<p>Ekistika nedir? Hakk\u0131m\u0131zda bilgi edinin: Ekistik, yerle\u015fim bilimi demektir. Ekistika yerle\u015fim bilimini kodlama ile ele alan bir yaz\u0131l\u0131m \u015firketidir. Bina modellemelerini ve haritalar\u0131 kodlarla birle\u015ftirir ve hayat\u0131 kolayla\u015ft\u0131rmay\u0131 ama\u00e7lar. \u015eirketler i\u00e7in modern \u00e7\u00f6z\u00fcmler \u00fcretir. Nas\u0131l yaz\u0131l\u0131mlar geli\u015ftiriyoruz? \u015eimdilik yay\u0131nda olan \u00fc\u00e7 uygulamam\u0131z var. YAPgml, DGNEdit ve Nivelman. Daha fazla bilgi edinmek i\u00e7in \u00fcr\u00fcnler sayfas\u0131n\u0131 ziyaret [&hellip;]<\/p>\n","protected":false},"author":1,"featured_media":0,"parent":0,"menu_order":0,"comment_status":"closed","ping_status":"closed","template":"","meta":{"_coblocks_attr":"","_coblocks_dimensions":"","_coblocks_responsive_height":"","_coblocks_accordion_ie_support":"","hide_page_title":"","footnotes":""},"class_list":["post-129","page","type-page","status-publish","hentry"],"yoast_head":"<!-- This site is optimized with the Yoast SEO plugin v27.5 - https:\/\/yoast.com\/product\/yoast-seo-wordpress\/ -->\n<title>Hakk\u0131m\u0131zda - Ekistika<\/title>\n<meta name=\"description\" content=\"Hakk\u0131m\u0131zda bilgi edinin: Ekistik, yerle\u015fim bilimi demektir. Ekistika ise yerle\u015fim bilimini kodlama ile ele alan bir yaz\u0131l\u0131m \u015firketidir.\" \/>\n<meta name=\"robots\" content=\"index, follow, max-snippet:-1, max-image-preview:large, max-video-preview:-1\" \/>\n<link rel=\"canonical\" href=\"https:\/\/ekistika.com\/en\/hakkimizda\/\" \/>\n<meta property=\"og:locale\" content=\"en_US\" \/>\n<meta property=\"og:type\" content=\"article\" \/>\n<meta property=\"og:title\" content=\"Hakk\u0131m\u0131zda - Ekistika\" \/>\n<meta property=\"og:description\" content=\"Hakk\u0131m\u0131zda bilgi edinin: Ekistik, yerle\u015fim bilimi demektir. Ekistika ise yerle\u015fim bilimini kodlama ile ele alan bir yaz\u0131l\u0131m \u015firketidir.\" \/>\n<meta property=\"og:url\" content=\"https:\/\/ekistika.com\/en\/hakkimizda\/\" \/>\n<meta property=\"og:site_name\" content=\"Ekistika\" \/>\n<meta property=\"article:modified_time\" content=\"2024-07-25T22:26:48+00:00\" \/>\n<meta property=\"og:image\" content=\"https:\/\/ekistika.com\/wp-content\/uploads\/2022\/01\/qtq80-vnhPgp.jpeg\" \/>\n<meta name=\"twitter:card\" content=\"summary_large_image\" \/>\n<meta name=\"twitter:label1\" content=\"Est. reading time\" \/>\n\t<meta name=\"twitter:data1\" content=\"1 minute\" \/>\n<script type=\"application\/ld+json\" class=\"yoast-schema-graph\">{\"@context\":\"https:\\\/\\\/schema.org\",\"@graph\":[{\"@type\":\"WebPage\",\"@id\":\"https:\\\/\\\/ekistika.com\\\/hakkimizda\\\/\",\"url\":\"https:\\\/\\\/ekistika.com\\\/hakkimizda\\\/\",\"name\":\"Hakk\u0131m\u0131zda - Ekistika\",\"isPartOf\":{\"@id\":\"https:\\\/\\\/ekistika.com\\\/#website\"},\"primaryImageOfPage\":{\"@id\":\"https:\\\/\\\/ekistika.com\\\/hakkimizda\\\/#primaryimage\"},\"image\":{\"@id\":\"https:\\\/\\\/ekistika.com\\\/hakkimizda\\\/#primaryimage\"},\"thumbnailUrl\":\"https:\\\/\\\/ekistika.com\\\/wp-content\\\/uploads\\\/2022\\\/01\\\/qtq80-vnhPgp.jpeg\",\"datePublished\":\"2022-01-26T19:55:48+00:00\",\"dateModified\":\"2024-07-25T22:26:48+00:00\",\"description\":\"Hakk\u0131m\u0131zda bilgi edinin: Ekistik, yerle\u015fim bilimi demektir. Ekistika ise yerle\u015fim bilimini kodlama ile ele alan bir yaz\u0131l\u0131m \u015firketidir.\",\"breadcrumb\":{\"@id\":\"https:\\\/\\\/ekistika.com\\\/hakkimizda\\\/#breadcrumb\"},\"inLanguage\":\"en-US\",\"potentialAction\":[{\"@type\":\"ReadAction\",\"target\":[\"https:\\\/\\\/ekistika.com\\\/hakkimizda\\\/\"]}]},{\"@type\":\"ImageObject\",\"inLanguage\":\"en-US\",\"@id\":\"https:\\\/\\\/ekistika.com\\\/hakkimizda\\\/#primaryimage\",\"url\":\"https:\\\/\\\/ekistika.com\\\/wp-content\\\/uploads\\\/2022\\\/01\\\/qtq80-vnhPgp.jpeg\",\"contentUrl\":\"https:\\\/\\\/ekistika.com\\\/wp-content\\\/uploads\\\/2022\\\/01\\\/qtq80-vnhPgp.jpeg\"},{\"@type\":\"BreadcrumbList\",\"@id\":\"https:\\\/\\\/ekistika.com\\\/hakkimizda\\\/#breadcrumb\",\"itemListElement\":[{\"@type\":\"ListItem\",\"position\":1,\"name\":\"Anasayfa\",\"item\":\"https:\\\/\\\/ekistika.com\\\/\"},{\"@type\":\"ListItem\",\"position\":2,\"name\":\"Hakk\u0131m\u0131zda\"}]},{\"@type\":\"WebSite\",\"@id\":\"https:\\\/\\\/ekistika.com\\\/#website\",\"url\":\"https:\\\/\\\/ekistika.com\\\/\",\"name\":\"Ekistika\",\"description\":\"\",\"publisher\":{\"@id\":\"https:\\\/\\\/ekistika.com\\\/#organization\"},\"potentialAction\":[{\"@type\":\"SearchAction\",\"target\":{\"@type\":\"EntryPoint\",\"urlTemplate\":\"https:\\\/\\\/ekistika.com\\\/?s={search_term_string}\"},\"query-input\":{\"@type\":\"PropertyValueSpecification\",\"valueRequired\":true,\"valueName\":\"search_term_string\"}}],\"inLanguage\":\"en-US\"},{\"@type\":\"Organization\",\"@id\":\"https:\\\/\\\/ekistika.com\\\/#organization\",\"name\":\"Ekistika\",\"url\":\"https:\\\/\\\/ekistika.com\\\/\",\"logo\":{\"@type\":\"ImageObject\",\"inLanguage\":\"en-US\",\"@id\":\"https:\\\/\\\/ekistika.com\\\/#\\\/schema\\\/logo\\\/image\\\/\",\"url\":\"https:\\\/\\\/ekistika.com\\\/wp-content\\\/uploads\\\/2024\\\/07\\\/cropped-Light-1200pxekistika.png\",\"contentUrl\":\"https:\\\/\\\/ekistika.com\\\/wp-content\\\/uploads\\\/2024\\\/07\\\/cropped-Light-1200pxekistika.png\",\"width\":480,\"height\":480,\"caption\":\"Ekistika\"},\"image\":{\"@id\":\"https:\\\/\\\/ekistika.com\\\/#\\\/schema\\\/logo\\\/image\\\/\"}}]}<\/script>\n<!-- \/ Yoast SEO plugin. -->","yoast_head_json":{"title":"Hakk\u0131m\u0131zda - Ekistika","description":"Hakk\u0131m\u0131zda bilgi edinin: Ekistik, yerle\u015fim bilimi demektir. Ekistika ise yerle\u015fim bilimini kodlama ile ele alan bir yaz\u0131l\u0131m \u015firketidir.","robots":{"index":"index","follow":"follow","max-snippet":"max-snippet:-1","max-image-preview":"max-image-preview:large","max-video-preview":"max-video-preview:-1"},"canonical":"https:\/\/ekistika.com\/en\/hakkimizda\/","og_locale":"en_US","og_type":"article","og_title":"Hakk\u0131m\u0131zda - Ekistika","og_description":"Hakk\u0131m\u0131zda bilgi edinin: Ekistik, yerle\u015fim bilimi demektir. Ekistika ise yerle\u015fim bilimini kodlama ile ele alan bir yaz\u0131l\u0131m \u015firketidir.","og_url":"https:\/\/ekistika.com\/en\/hakkimizda\/","og_site_name":"Ekistika","article_modified_time":"2024-07-25T22:26:48+00:00","og_image":[{"url":"https:\/\/ekistika.com\/wp-content\/uploads\/2022\/01\/qtq80-vnhPgp.jpeg","type":"","width":"","height":""}],"twitter_card":"summary_large_image","twitter_misc":{"Est. reading time":"1 minute"},"schema":{"@context":"https:\/\/schema.org","@graph":[{"@type":"WebPage","@id":"https:\/\/ekistika.com\/hakkimizda\/","url":"https:\/\/ekistika.com\/hakkimizda\/","name":"Hakk\u0131m\u0131zda - Ekistika","isPartOf":{"@id":"https:\/\/ekistika.com\/#website"},"primaryImageOfPage":{"@id":"https:\/\/ekistika.com\/hakkimizda\/#primaryimage"},"image":{"@id":"https:\/\/ekistika.com\/hakkimizda\/#primaryimage"},"thumbnailUrl":"https:\/\/ekistika.com\/wp-content\/uploads\/2022\/01\/qtq80-vnhPgp.jpeg","datePublished":"2022-01-26T19:55:48+00:00","dateModified":"2024-07-25T22:26:48+00:00","description":"Hakk\u0131m\u0131zda bilgi edinin: Ekistik, yerle\u015fim bilimi demektir. Ekistika ise yerle\u015fim bilimini kodlama ile ele alan bir yaz\u0131l\u0131m \u015firketidir.","breadcrumb":{"@id":"https:\/\/ekistika.com\/hakkimizda\/#breadcrumb"},"inLanguage":"en-US","potentialAction":[{"@type":"ReadAction","target":["https:\/\/ekistika.com\/hakkimizda\/"]}]},{"@type":"ImageObject","inLanguage":"en-US","@id":"https:\/\/ekistika.com\/hakkimizda\/#primaryimage","url":"https:\/\/ekistika.com\/wp-content\/uploads\/2022\/01\/qtq80-vnhPgp.jpeg","contentUrl":"https:\/\/ekistika.com\/wp-content\/uploads\/2022\/01\/qtq80-vnhPgp.jpeg"},{"@type":"BreadcrumbList","@id":"https:\/\/ekistika.com\/hakkimizda\/#breadcrumb","itemListElement":[{"@type":"ListItem","position":1,"name":"Anasayfa","item":"https:\/\/ekistika.com\/"},{"@type":"ListItem","position":2,"name":"Hakk\u0131m\u0131zda"}]},{"@type":"WebSite","@id":"https:\/\/ekistika.com\/#website","url":"https:\/\/ekistika.com\/","name":"Ekistika","description":"","publisher":{"@id":"https:\/\/ekistika.com\/#organization"},"potentialAction":[{"@type":"SearchAction","target":{"@type":"EntryPoint","urlTemplate":"https:\/\/ekistika.com\/?s={search_term_string}"},"query-input":{"@type":"PropertyValueSpecification","valueRequired":true,"valueName":"search_term_string"}}],"inLanguage":"en-US"},{"@type":"Organization","@id":"https:\/\/ekistika.com\/#organization","name":"Ekistika","url":"https:\/\/ekistika.com\/","logo":{"@type":"ImageObject","inLanguage":"en-US","@id":"https:\/\/ekistika.com\/#\/schema\/logo\/image\/","url":"https:\/\/ekistika.com\/wp-content\/uploads\/2024\/07\/cropped-Light-1200pxekistika.png","contentUrl":"https:\/\/ekistika.com\/wp-content\/uploads\/2024\/07\/cropped-Light-1200pxekistika.png","width":480,"height":480,"caption":"Ekistika"},"image":{"@id":"https:\/\/ekistika.com\/#\/schema\/logo\/image\/"}}]}},"_links":{"self":[{"href":"https:\/\/ekistika.com\/en\/wp-json\/wp\/v2\/pages\/129","targetHints":{"allow":["GET"]}}],"collection":[{"href":"https:\/\/ekistika.com\/en\/wp-json\/wp\/v2\/pages"}],"about":[{"href":"https:\/\/ekistika.com\/en\/wp-json\/wp\/v2\/types\/page"}],"author":[{"embeddable":true,"href":"https:\/\/ekistika.com\/en\/wp-json\/wp\/v2\/users\/1"}],"replies":[{"embeddable":true,"href":"https:\/\/ekistika.com\/en\/wp-json\/wp\/v2\/comments?post=129"}],"version-history":[{"count":15,"href":"https:\/\/ekistika.com\/en\/wp-json\/wp\/v2\/pages\/129\/revisions"}],"predecessor-version":[{"id":1217,"href":"https:\/\/ekistika.com\/en\/wp-json\/wp\/v2\/pages\/129\/revisions\/1217"}],"wp:attachment":[{"href":"https:\/\/ekistika.com\/en\/wp-json\/wp\/v2\/media?parent=129"}],"curies":[{"name":"wp","href":"https:\/\/api.w.org\/{rel}","templated":true}]}}