{"id":1333,"date":"2024-08-18T10:33:02","date_gmt":"2024-08-18T10:33:02","guid":{"rendered":"https:\/\/ekistika.com\/?page_id=1333"},"modified":"2024-08-18T11:29:36","modified_gmt":"2024-08-18T11:29:36","slug":"kapi-tipleri","status":"publish","type":"page","link":"https:\/\/ekistika.com\/en\/destek\/yapgml\/kapi-tipleri\/","title":{"rendered":"Kap\u0131 Tipleri"},"content":{"rendered":"<div class=\"wp-block-cover alignfull\" style=\"min-height:200px;aspect-ratio:unset;\"><span aria-hidden=\"true\" class=\"wp-block-cover__background has-primary-background-color has-background-dim-20 has-background-dim\"><\/span><img loading=\"lazy\" decoding=\"async\" width=\"628\" height=\"480\" class=\"wp-block-cover__image-background wp-image-5\" alt=\"\" src=\"https:\/\/ekistika.com\/wp-content\/uploads\/2022\/01\/image-2.jpg\" style=\"object-position:52% 55%\" data-object-fit=\"cover\" data-object-position=\"52% 55%\" srcset=\"https:\/\/ekistika.com\/wp-content\/uploads\/2022\/01\/image-2.jpg 628w, https:\/\/ekistika.com\/wp-content\/uploads\/2022\/01\/image-2-300x229.jpg 300w, https:\/\/ekistika.com\/wp-content\/uploads\/2022\/01\/image-2-768x587.jpg 768w\" sizes=\"auto, (max-width: 628px) 100vw, 628px\" \/><div class=\"wp-block-cover__inner-container is-layout-flow wp-block-cover-is-layout-flow\">\n<p style=\"line-height:1.25;font-size:18px\" class=\"has-custom-lineheight mb-0 pb-0\">Ekistika YAPgml Destek<\/p>\n\n\n\n<p class=\"has-text-align-left has-quaternary-color has-text-color has-link-color has-custom-lineheight mt-0 pt-0 wp-elements-b7374b8d64bbb53365cce475a0c4a799\" style=\"line-height:1.25;font-size:36px\">TKGM CityGML kap\u0131 tipleri nelerdir?<\/p>\n<\/div><\/div>\n\n\n\n<h4 class=\"wp-block-heading\">1- Bina\/Yap\u0131 Giri\u015f Kap\u0131s\u0131<\/h4>\n\n\n\n<p>Ba\u011f\u0131ms\u0131z b\u00f6l\u00fcmlerden d\u0131\u015fa a\u00e7\u0131lan ve yap\u0131n\u0131n ana giri\u015f kap\u0131lar\u0131d\u0131r (numarataja esas). M\u00fcstakil yap\u0131lar\u0131n giri\u015f kap\u0131lar\u0131 ya da apartmanlarda bulunan d\u00fckk\u00e2n veya ma\u011fazalar\u0131n d\u0131\u015fa bakan kap\u0131lar\u0131 bu kategoriye girer.<\/p>\n\n\n\n<p>Apartman, i\u015f merkezi gibi yap\u0131larda; yap\u0131lar\u0131n ana giri\u015f kap\u0131lar\u0131d\u0131r (numarataja esas).<\/p>\n\n\n\n<h4 class=\"wp-block-heading\">2- D\u0131\u015f Kap\u0131<\/h4>\n\n\n\n<p>Ba\u011f\u0131ms\u0131z b\u00f6l\u00fcmlerden d\u0131\u015fa a\u00e7\u0131lan, ancak yap\u0131n\u0131n ana giri\u015f kap\u0131s\u0131 olmayan kap\u0131lard\u0131r (numarataja esas de\u011fil). M\u00fcstakil yap\u0131larda bah\u00e7e, teras, balkon gibi alanlara a\u00e7\u0131lan kap\u0131lar bu gruba dahildir.<\/p>\n\n\n\n<p>Apartman, i\u015f merkezi gibi yap\u0131larda; yap\u0131lar\u0131n ana giri\u015f kap\u0131s\u0131 olmayan, ortak alanlar\u0131 d\u0131\u015f mek\u00e2na ba\u011flayan kap\u0131lard\u0131r (yang\u0131n \u00e7\u0131k\u0131\u015f\u0131, k\u00f6m\u00fcrl\u00fck \u00e7\u0131k\u0131\u015f\u0131, otopark \u00e7\u0131k\u0131\u015f\u0131 gibi).<\/p>\n\n\n\n<p>Ayr\u0131ca, apartman, i\u015f merkezi gibi yap\u0131larda; ba\u011f\u0131ms\u0131z b\u00f6l\u00fcmlerin d\u0131\u015f mek\u00e2na a\u00e7\u0131lan kap\u0131lar\u0131 (bah\u00e7e, teras, balkon kap\u0131lar\u0131) da bu kategoriye girer.<\/p>\n\n\n\n<h4 class=\"wp-block-heading\">3- Ba\u011f\u0131ms\u0131z B\u00f6l\u00fcm Kap\u0131s\u0131<\/h4>\n\n\n\n<p>Apartman, i\u015f merkezi gibi yap\u0131larda; ba\u011f\u0131ms\u0131z b\u00f6l\u00fcmlerin ana giri\u015f kap\u0131lar\u0131d\u0131r (numarataja esas). Bu kap\u0131lar, ba\u011f\u0131ms\u0131z b\u00f6l\u00fcmleri ortak alanlara ba\u011flar.<\/p>\n\n\n\n<h4 class=\"wp-block-heading\">4- K\u0131s\u0131m Kap\u0131s\u0131<\/h4>\n\n\n\n<p>Ba\u011f\u0131ms\u0131z b\u00f6l\u00fcmler aras\u0131ndaki veya ortak alanlardan ortak alanlara a\u00e7\u0131lan kap\u0131lard\u0131r.<\/p>\n\n\n\n<p>Apartman, i\u015f merkezi gibi yap\u0131larda; ba\u011f\u0131ms\u0131z b\u00f6l\u00fcmlerin ana giri\u015f kap\u0131s\u0131 olmayan, ba\u011f\u0131ms\u0131z b\u00f6l\u00fcmlerden ortak alanlara a\u00e7\u0131lan kap\u0131lard\u0131r (numarataja esas de\u011fil).<\/p>\n\n\n\n<p>Ortak alanlardan d\u0131\u015far\u0131ya a\u00e7\u0131lan kap\u0131n\u0131n &#8220;bina\/yap\u0131 giri\u015f kap\u0131s\u0131 m\u0131 yoksa d\u0131\u015f kap\u0131 m\u0131&#8221; oldu\u011fu, \u00fcretim s\u00fcrecinde operat\u00f6r taraf\u0131ndan mimari projeden tespit edilmelidir.<\/p>\n\n\n\n<p><strong>Kap\u0131 \u00c7izimi S\u0131ras\u0131nda Uyulmas\u0131 Gereken Kurallar<\/strong><\/p>\n\n\n\n<ul class=\"wp-block-list\">\n<li>Kap\u0131lar, mimari projeye uygun \u015fekilde konumland\u0131r\u0131lmal\u0131d\u0131r.<\/li>\n\n\n\n<li>Kap\u0131 geni\u015flikleri, mimari projedeki \u00e7izimlere g\u00f6re belirlenmelidir.<\/li>\n\n\n\n<li>Kap\u0131 y\u00fcksekli\u011fi, mimari projede belirtilen kat plan\u0131 ve bina kesitlerinden al\u0131nmal\u0131d\u0131r.<\/li>\n\n\n\n<li>Kap\u0131 y\u00fcksekli\u011finin belirlenemedi\u011fi durumlarda, tabandan tavana do\u011fru 210 cm olarak kabul edilerek kap\u0131 \u00fcretimi yap\u0131lmal\u0131d\u0131r.<\/li>\n\n\n\n<li>Kat y\u00fcksekli\u011finin 210 cm\u2019den d\u00fc\u015f\u00fck oldu\u011fu durumlarda, kap\u0131 \u00fcretimi tavandan tabana do\u011fru 30 cm a\u015fa\u011f\u0131dan ba\u015flayacak \u015fekilde yap\u0131lmal\u0131d\u0131r.<\/li>\n<\/ul>\n\n\n\n<h4 class=\"wp-block-heading has-text-align-center\" id=\"nivelman-ile-ilgili-daha-fazla-bilgi-edinin\"><a href=\"https:\/\/ekistika.com\/en\/urunler\/yapgml\/\">YAPgml hakk\u0131nda daha fazla bilgi edinin &gt;<\/a><\/h4>","protected":false},"excerpt":{"rendered":"<p>1- Bina\/Yap\u0131 Giri\u015f Kap\u0131s\u0131 Ba\u011f\u0131ms\u0131z b\u00f6l\u00fcmlerden d\u0131\u015fa a\u00e7\u0131lan ve yap\u0131n\u0131n ana giri\u015f kap\u0131lar\u0131d\u0131r (numarataja esas). M\u00fcstakil yap\u0131lar\u0131n giri\u015f kap\u0131lar\u0131 ya da apartmanlarda bulunan d\u00fckk\u00e2n veya ma\u011fazalar\u0131n d\u0131\u015fa bakan kap\u0131lar\u0131 bu kategoriye girer. Apartman, i\u015f merkezi gibi yap\u0131larda; yap\u0131lar\u0131n ana giri\u015f kap\u0131lar\u0131d\u0131r (numarataja esas). 2- D\u0131\u015f Kap\u0131 Ba\u011f\u0131ms\u0131z b\u00f6l\u00fcmlerden d\u0131\u015fa a\u00e7\u0131lan, ancak yap\u0131n\u0131n ana giri\u015f kap\u0131s\u0131 [&hellip;]<\/p>\n","protected":false},"author":1,"featured_media":0,"parent":1065,"menu_order":0,"comment_status":"closed","ping_status":"closed","template":"","meta":{"_coblocks_attr":"","_coblocks_dimensions":"","_coblocks_responsive_height":"","_coblocks_accordion_ie_support":"","hide_page_title":"","footnotes":""},"class_list":["post-1333","page","type-page","status-publish","hentry"],"yoast_head":"<!-- This site is optimized with the Yoast SEO plugin v27.5 - https:\/\/yoast.com\/product\/yoast-seo-wordpress\/ -->\n<title>Kap\u0131 Tipleri - YapGML<\/title>\n<meta name=\"description\" content=\"Bu makalede TKGM CityGML kap\u0131 tipleri anlat\u0131lmaktad\u0131r.\" \/>\n<meta name=\"robots\" content=\"index, follow, max-snippet:-1, max-image-preview:large, max-video-preview:-1\" \/>\n<link rel=\"canonical\" href=\"https:\/\/ekistika.com\/en\/destek\/yapgml\/kapi-tipleri\/\" \/>\n<meta property=\"og:locale\" content=\"en_US\" \/>\n<meta property=\"og:type\" content=\"article\" \/>\n<meta property=\"og:title\" content=\"Kap\u0131 Tipleri - YapGML\" \/>\n<meta property=\"og:description\" content=\"Bu makalede TKGM CityGML kap\u0131 tipleri anlat\u0131lmaktad\u0131r.\" \/>\n<meta property=\"og:url\" content=\"https:\/\/ekistika.com\/en\/destek\/yapgml\/kapi-tipleri\/\" \/>\n<meta property=\"og:site_name\" content=\"Ekistika\" \/>\n<meta property=\"article:modified_time\" content=\"2024-08-18T11:29:36+00:00\" \/>\n<meta property=\"og:image\" content=\"https:\/\/ekistika.com\/wp-content\/uploads\/2022\/01\/image-2.jpg\" \/>\n<meta name=\"twitter:card\" content=\"summary_large_image\" \/>\n<meta name=\"twitter:label1\" content=\"Est. reading time\" \/>\n\t<meta name=\"twitter:data1\" content=\"2 minutes\" \/>\n<script type=\"application\/ld+json\" class=\"yoast-schema-graph\">{\"@context\":\"https:\\\/\\\/schema.org\",\"@graph\":[{\"@type\":\"WebPage\",\"@id\":\"https:\\\/\\\/ekistika.com\\\/destek\\\/yapgml\\\/kapi-tipleri\\\/\",\"url\":\"https:\\\/\\\/ekistika.com\\\/destek\\\/yapgml\\\/kapi-tipleri\\\/\",\"name\":\"Kap\u0131 Tipleri - YapGML\",\"isPartOf\":{\"@id\":\"https:\\\/\\\/ekistika.com\\\/#website\"},\"primaryImageOfPage\":{\"@id\":\"https:\\\/\\\/ekistika.com\\\/destek\\\/yapgml\\\/kapi-tipleri\\\/#primaryimage\"},\"image\":{\"@id\":\"https:\\\/\\\/ekistika.com\\\/destek\\\/yapgml\\\/kapi-tipleri\\\/#primaryimage\"},\"thumbnailUrl\":\"https:\\\/\\\/ekistika.com\\\/wp-content\\\/uploads\\\/2022\\\/01\\\/image-2.jpg\",\"datePublished\":\"2024-08-18T10:33:02+00:00\",\"dateModified\":\"2024-08-18T11:29:36+00:00\",\"description\":\"Bu makalede TKGM CityGML kap\u0131 tipleri anlat\u0131lmaktad\u0131r.\",\"breadcrumb\":{\"@id\":\"https:\\\/\\\/ekistika.com\\\/destek\\\/yapgml\\\/kapi-tipleri\\\/#breadcrumb\"},\"inLanguage\":\"en-US\",\"potentialAction\":[{\"@type\":\"ReadAction\",\"target\":[\"https:\\\/\\\/ekistika.com\\\/destek\\\/yapgml\\\/kapi-tipleri\\\/\"]}]},{\"@type\":\"ImageObject\",\"inLanguage\":\"en-US\",\"@id\":\"https:\\\/\\\/ekistika.com\\\/destek\\\/yapgml\\\/kapi-tipleri\\\/#primaryimage\",\"url\":\"https:\\\/\\\/ekistika.com\\\/wp-content\\\/uploads\\\/2022\\\/01\\\/image-2.jpg\",\"contentUrl\":\"https:\\\/\\\/ekistika.com\\\/wp-content\\\/uploads\\\/2022\\\/01\\\/image-2.jpg\"},{\"@type\":\"BreadcrumbList\",\"@id\":\"https:\\\/\\\/ekistika.com\\\/destek\\\/yapgml\\\/kapi-tipleri\\\/#breadcrumb\",\"itemListElement\":[{\"@type\":\"ListItem\",\"position\":1,\"name\":\"Anasayfa\",\"item\":\"https:\\\/\\\/ekistika.com\\\/\"},{\"@type\":\"ListItem\",\"position\":2,\"name\":\"Destek\",\"item\":\"https:\\\/\\\/ekistika.com\\\/destek\\\/\"},{\"@type\":\"ListItem\",\"position\":3,\"name\":\"YAPgml Destek\",\"item\":\"https:\\\/\\\/ekistika.com\\\/destek\\\/yapgml\\\/\"},{\"@type\":\"ListItem\",\"position\":4,\"name\":\"Kap\u0131 Tipleri\"}]},{\"@type\":\"WebSite\",\"@id\":\"https:\\\/\\\/ekistika.com\\\/#website\",\"url\":\"https:\\\/\\\/ekistika.com\\\/\",\"name\":\"Ekistika\",\"description\":\"\",\"publisher\":{\"@id\":\"https:\\\/\\\/ekistika.com\\\/#organization\"},\"potentialAction\":[{\"@type\":\"SearchAction\",\"target\":{\"@type\":\"EntryPoint\",\"urlTemplate\":\"https:\\\/\\\/ekistika.com\\\/?s={search_term_string}\"},\"query-input\":{\"@type\":\"PropertyValueSpecification\",\"valueRequired\":true,\"valueName\":\"search_term_string\"}}],\"inLanguage\":\"en-US\"},{\"@type\":\"Organization\",\"@id\":\"https:\\\/\\\/ekistika.com\\\/#organization\",\"name\":\"Ekistika\",\"url\":\"https:\\\/\\\/ekistika.com\\\/\",\"logo\":{\"@type\":\"ImageObject\",\"inLanguage\":\"en-US\",\"@id\":\"https:\\\/\\\/ekistika.com\\\/#\\\/schema\\\/logo\\\/image\\\/\",\"url\":\"https:\\\/\\\/ekistika.com\\\/wp-content\\\/uploads\\\/2024\\\/07\\\/cropped-Light-1200pxekistika.png\",\"contentUrl\":\"https:\\\/\\\/ekistika.com\\\/wp-content\\\/uploads\\\/2024\\\/07\\\/cropped-Light-1200pxekistika.png\",\"width\":480,\"height\":480,\"caption\":\"Ekistika\"},\"image\":{\"@id\":\"https:\\\/\\\/ekistika.com\\\/#\\\/schema\\\/logo\\\/image\\\/\"}}]}<\/script>\n<!-- \/ Yoast SEO plugin. -->","yoast_head_json":{"title":"Kap\u0131 Tipleri - YapGML","description":"Bu makalede TKGM CityGML kap\u0131 tipleri anlat\u0131lmaktad\u0131r.","robots":{"index":"index","follow":"follow","max-snippet":"max-snippet:-1","max-image-preview":"max-image-preview:large","max-video-preview":"max-video-preview:-1"},"canonical":"https:\/\/ekistika.com\/en\/destek\/yapgml\/kapi-tipleri\/","og_locale":"en_US","og_type":"article","og_title":"Kap\u0131 Tipleri - YapGML","og_description":"Bu makalede TKGM CityGML kap\u0131 tipleri anlat\u0131lmaktad\u0131r.","og_url":"https:\/\/ekistika.com\/en\/destek\/yapgml\/kapi-tipleri\/","og_site_name":"Ekistika","article_modified_time":"2024-08-18T11:29:36+00:00","og_image":[{"url":"https:\/\/ekistika.com\/wp-content\/uploads\/2022\/01\/image-2.jpg","type":"","width":"","height":""}],"twitter_card":"summary_large_image","twitter_misc":{"Est. reading time":"2 minutes"},"schema":{"@context":"https:\/\/schema.org","@graph":[{"@type":"WebPage","@id":"https:\/\/ekistika.com\/destek\/yapgml\/kapi-tipleri\/","url":"https:\/\/ekistika.com\/destek\/yapgml\/kapi-tipleri\/","name":"Kap\u0131 Tipleri - YapGML","isPartOf":{"@id":"https:\/\/ekistika.com\/#website"},"primaryImageOfPage":{"@id":"https:\/\/ekistika.com\/destek\/yapgml\/kapi-tipleri\/#primaryimage"},"image":{"@id":"https:\/\/ekistika.com\/destek\/yapgml\/kapi-tipleri\/#primaryimage"},"thumbnailUrl":"https:\/\/ekistika.com\/wp-content\/uploads\/2022\/01\/image-2.jpg","datePublished":"2024-08-18T10:33:02+00:00","dateModified":"2024-08-18T11:29:36+00:00","description":"Bu makalede TKGM CityGML kap\u0131 tipleri anlat\u0131lmaktad\u0131r.","breadcrumb":{"@id":"https:\/\/ekistika.com\/destek\/yapgml\/kapi-tipleri\/#breadcrumb"},"inLanguage":"en-US","potentialAction":[{"@type":"ReadAction","target":["https:\/\/ekistika.com\/destek\/yapgml\/kapi-tipleri\/"]}]},{"@type":"ImageObject","inLanguage":"en-US","@id":"https:\/\/ekistika.com\/destek\/yapgml\/kapi-tipleri\/#primaryimage","url":"https:\/\/ekistika.com\/wp-content\/uploads\/2022\/01\/image-2.jpg","contentUrl":"https:\/\/ekistika.com\/wp-content\/uploads\/2022\/01\/image-2.jpg"},{"@type":"BreadcrumbList","@id":"https:\/\/ekistika.com\/destek\/yapgml\/kapi-tipleri\/#breadcrumb","itemListElement":[{"@type":"ListItem","position":1,"name":"Anasayfa","item":"https:\/\/ekistika.com\/"},{"@type":"ListItem","position":2,"name":"Destek","item":"https:\/\/ekistika.com\/destek\/"},{"@type":"ListItem","position":3,"name":"YAPgml Destek","item":"https:\/\/ekistika.com\/destek\/yapgml\/"},{"@type":"ListItem","position":4,"name":"Kap\u0131 Tipleri"}]},{"@type":"WebSite","@id":"https:\/\/ekistika.com\/#website","url":"https:\/\/ekistika.com\/","name":"Ekistika","description":"","publisher":{"@id":"https:\/\/ekistika.com\/#organization"},"potentialAction":[{"@type":"SearchAction","target":{"@type":"EntryPoint","urlTemplate":"https:\/\/ekistika.com\/?s={search_term_string}"},"query-input":{"@type":"PropertyValueSpecification","valueRequired":true,"valueName":"search_term_string"}}],"inLanguage":"en-US"},{"@type":"Organization","@id":"https:\/\/ekistika.com\/#organization","name":"Ekistika","url":"https:\/\/ekistika.com\/","logo":{"@type":"ImageObject","inLanguage":"en-US","@id":"https:\/\/ekistika.com\/#\/schema\/logo\/image\/","url":"https:\/\/ekistika.com\/wp-content\/uploads\/2024\/07\/cropped-Light-1200pxekistika.png","contentUrl":"https:\/\/ekistika.com\/wp-content\/uploads\/2024\/07\/cropped-Light-1200pxekistika.png","width":480,"height":480,"caption":"Ekistika"},"image":{"@id":"https:\/\/ekistika.com\/#\/schema\/logo\/image\/"}}]}},"_links":{"self":[{"href":"https:\/\/ekistika.com\/en\/wp-json\/wp\/v2\/pages\/1333","targetHints":{"allow":["GET"]}}],"collection":[{"href":"https:\/\/ekistika.com\/en\/wp-json\/wp\/v2\/pages"}],"about":[{"href":"https:\/\/ekistika.com\/en\/wp-json\/wp\/v2\/types\/page"}],"author":[{"embeddable":true,"href":"https:\/\/ekistika.com\/en\/wp-json\/wp\/v2\/users\/1"}],"replies":[{"embeddable":true,"href":"https:\/\/ekistika.com\/en\/wp-json\/wp\/v2\/comments?post=1333"}],"version-history":[{"count":12,"href":"https:\/\/ekistika.com\/en\/wp-json\/wp\/v2\/pages\/1333\/revisions"}],"predecessor-version":[{"id":1387,"href":"https:\/\/ekistika.com\/en\/wp-json\/wp\/v2\/pages\/1333\/revisions\/1387"}],"up":[{"embeddable":true,"href":"https:\/\/ekistika.com\/en\/wp-json\/wp\/v2\/pages\/1065"}],"wp:attachment":[{"href":"https:\/\/ekistika.com\/en\/wp-json\/wp\/v2\/media?parent=1333"}],"curies":[{"name":"wp","href":"https:\/\/api.w.org\/{rel}","templated":true}]}}