{"id":1346,"date":"2024-08-18T10:45:25","date_gmt":"2024-08-18T10:45:25","guid":{"rendered":"https:\/\/ekistika.com\/?page_id=1346"},"modified":"2024-08-18T11:27:24","modified_gmt":"2024-08-18T11:27:24","slug":"pencere-tipleri","status":"publish","type":"page","link":"https:\/\/ekistika.com\/en\/destek\/yapgml\/pencere-tipleri\/","title":{"rendered":"Pencere Tipleri"},"content":{"rendered":"<div class=\"wp-block-cover alignfull\" style=\"min-height:200px;aspect-ratio:unset;\"><span aria-hidden=\"true\" class=\"wp-block-cover__background has-primary-background-color has-background-dim-20 has-background-dim\"><\/span><img loading=\"lazy\" decoding=\"async\" width=\"628\" height=\"480\" class=\"wp-block-cover__image-background wp-image-5\" alt=\"\" src=\"https:\/\/ekistika.com\/wp-content\/uploads\/2022\/01\/image-2.jpg\" style=\"object-position:52% 55%\" data-object-fit=\"cover\" data-object-position=\"52% 55%\" srcset=\"https:\/\/ekistika.com\/wp-content\/uploads\/2022\/01\/image-2.jpg 628w, https:\/\/ekistika.com\/wp-content\/uploads\/2022\/01\/image-2-300x229.jpg 300w, https:\/\/ekistika.com\/wp-content\/uploads\/2022\/01\/image-2-768x587.jpg 768w\" sizes=\"auto, (max-width: 628px) 100vw, 628px\" \/><div class=\"wp-block-cover__inner-container is-layout-flow wp-block-cover-is-layout-flow\">\n<p style=\"line-height:1.25;font-size:18px\" class=\"has-custom-lineheight mb-0 pb-0\">Ekistika YAPgml Destek<\/p>\n\n\n\n<p class=\"has-text-align-left has-quaternary-color has-text-color has-link-color has-custom-lineheight mt-0 pt-0 wp-elements-3bb5db882d43bb37b36231af469abad1\" style=\"line-height:1.25;font-size:36px\">TKGM CityGML pencere tipleri nelerdir?<\/p>\n<\/div><\/div>\n\n\n\n<h4 class=\"wp-block-heading\">1- D\u0131\u015fa A\u00e7\u0131lan Pencere<\/h4>\n\n\n\n<p>K\u0131s\u0131mdan d\u0131\u015f mek\u00e2na a\u00e7\u0131lan pencereler.<\/p>\n\n\n\n<h4 class=\"wp-block-heading\">2- \u0130\u00e7 K\u0131s\u0131mdan \u0130\u00e7 K\u0131sma A\u00e7\u0131lan Pencere<\/h4>\n\n\n\n<p>Bir k\u0131s\u0131mdan di\u011fer bir k\u0131sma a\u00e7\u0131lan pencereler.<\/p>\n\n\n\n<p><strong>Pencere \u00c7izimi S\u0131ras\u0131nda Uyulmas\u0131 Gereken Kurallar<\/strong><\/p>\n\n\n\n<ul class=\"wp-block-list\">\n<li>Pencereler, mimari projeye uygun olarak konumland\u0131r\u0131lmal\u0131d\u0131r.<\/li>\n\n\n\n<li>Pencere geni\u015flikleri, projedeki \u00e7izimlere g\u00f6re belirlenmelidir.<\/li>\n\n\n\n<li>Pencere taban mesafesi ve pencere y\u00fcksekli\u011fi, mimari projede belirtilen kat plan\u0131 ve bina kesitinden al\u0131nmal\u0131d\u0131r.<\/li>\n\n\n\n<li>Mimari projede pencere taban mesafesi ve pencere y\u00fcksekli\u011fi belirlenemedi\u011fi durumlarda:\n<ul class=\"wp-block-list\">\n<li>Mesken olarak kullan\u0131lan ba\u011f\u0131ms\u0131z b\u00f6l\u00fcmler i\u00e7in pencere-tavan mesafesi 50 cm, pencere y\u00fcksekli\u011fi ise 130 cm olarak kabul edilmelidir.<\/li>\n\n\n\n<li>Ticari nitelikteki ba\u011f\u0131ms\u0131z b\u00f6l\u00fcmler i\u00e7in pencere-zemin mesafesi 10 cm, pencere y\u00fcksekli\u011fi ise tavan ile aras\u0131nda 10 cm bo\u015fluk kalacak \u015fekilde ayarlanmal\u0131d\u0131r.<\/li>\n\n\n\n<li>Banyo, tuvalet gibi k\u0131s\u0131mlar ile bodrum kattaki k\u00fc\u00e7\u00fck boyutlu pencereler i\u00e7in pencere-tavan mesafesi 50 cm, pencere y\u00fcksekli\u011fi ise 50 cm olacak \u015fekilde \u00e7izilmelidir.<\/li>\n<\/ul>\n<\/li>\n<\/ul>\n\n\n\n<ul class=\"wp-block-list\">\n<li>Banyo ve tuvaletlerde bulunan, havaland\u0131rma bo\u015flu\u011funa a\u00e7\u0131lan pencereler \u00e7izilmemelidir.<\/li>\n<\/ul>","protected":false},"excerpt":{"rendered":"<p>1- D\u0131\u015fa A\u00e7\u0131lan Pencere K\u0131s\u0131mdan d\u0131\u015f mek\u00e2na a\u00e7\u0131lan pencereler. 2- \u0130\u00e7 K\u0131s\u0131mdan \u0130\u00e7 K\u0131sma A\u00e7\u0131lan Pencere Bir k\u0131s\u0131mdan di\u011fer bir k\u0131sma a\u00e7\u0131lan pencereler. Pencere \u00c7izimi S\u0131ras\u0131nda Uyulmas\u0131 Gereken Kurallar<\/p>","protected":false},"author":1,"featured_media":0,"parent":1065,"menu_order":0,"comment_status":"closed","ping_status":"closed","template":"","meta":{"_coblocks_attr":"","_coblocks_dimensions":"","_coblocks_responsive_height":"","_coblocks_accordion_ie_support":"","hide_page_title":"","footnotes":""},"class_list":["post-1346","page","type-page","status-publish","hentry"],"yoast_head":"<!-- This site is optimized with the Yoast SEO plugin v27.5 - https:\/\/yoast.com\/product\/yoast-seo-wordpress\/ -->\n<title>Pencere Tipleri - YapGML<\/title>\n<meta name=\"description\" content=\"Bu makalede TKGM CityGML pencere tipleri anlat\u0131lmaktad\u0131r.\" \/>\n<meta name=\"robots\" content=\"index, follow, max-snippet:-1, max-image-preview:large, max-video-preview:-1\" \/>\n<link rel=\"canonical\" href=\"https:\/\/ekistika.com\/en\/destek\/yapgml\/pencere-tipleri\/\" \/>\n<meta property=\"og:locale\" content=\"en_US\" \/>\n<meta property=\"og:type\" content=\"article\" \/>\n<meta property=\"og:title\" content=\"Pencere Tipleri - YapGML\" \/>\n<meta property=\"og:description\" content=\"Bu makalede TKGM CityGML pencere tipleri anlat\u0131lmaktad\u0131r.\" \/>\n<meta property=\"og:url\" content=\"https:\/\/ekistika.com\/en\/destek\/yapgml\/pencere-tipleri\/\" \/>\n<meta property=\"og:site_name\" content=\"Ekistika\" \/>\n<meta property=\"article:modified_time\" content=\"2024-08-18T11:27:24+00:00\" \/>\n<meta property=\"og:image\" content=\"https:\/\/ekistika.com\/wp-content\/uploads\/2022\/01\/image-2.jpg\" \/>\n<meta name=\"twitter:card\" content=\"summary_large_image\" \/>\n<meta name=\"twitter:label1\" content=\"Est. reading time\" \/>\n\t<meta name=\"twitter:data1\" content=\"1 minute\" \/>\n<script type=\"application\/ld+json\" class=\"yoast-schema-graph\">{\"@context\":\"https:\\\/\\\/schema.org\",\"@graph\":[{\"@type\":\"WebPage\",\"@id\":\"https:\\\/\\\/ekistika.com\\\/destek\\\/yapgml\\\/pencere-tipleri\\\/\",\"url\":\"https:\\\/\\\/ekistika.com\\\/destek\\\/yapgml\\\/pencere-tipleri\\\/\",\"name\":\"Pencere Tipleri - YapGML\",\"isPartOf\":{\"@id\":\"https:\\\/\\\/ekistika.com\\\/#website\"},\"primaryImageOfPage\":{\"@id\":\"https:\\\/\\\/ekistika.com\\\/destek\\\/yapgml\\\/pencere-tipleri\\\/#primaryimage\"},\"image\":{\"@id\":\"https:\\\/\\\/ekistika.com\\\/destek\\\/yapgml\\\/pencere-tipleri\\\/#primaryimage\"},\"thumbnailUrl\":\"https:\\\/\\\/ekistika.com\\\/wp-content\\\/uploads\\\/2022\\\/01\\\/image-2.jpg\",\"datePublished\":\"2024-08-18T10:45:25+00:00\",\"dateModified\":\"2024-08-18T11:27:24+00:00\",\"description\":\"Bu makalede TKGM CityGML pencere tipleri anlat\u0131lmaktad\u0131r.\",\"breadcrumb\":{\"@id\":\"https:\\\/\\\/ekistika.com\\\/destek\\\/yapgml\\\/pencere-tipleri\\\/#breadcrumb\"},\"inLanguage\":\"en-US\",\"potentialAction\":[{\"@type\":\"ReadAction\",\"target\":[\"https:\\\/\\\/ekistika.com\\\/destek\\\/yapgml\\\/pencere-tipleri\\\/\"]}]},{\"@type\":\"ImageObject\",\"inLanguage\":\"en-US\",\"@id\":\"https:\\\/\\\/ekistika.com\\\/destek\\\/yapgml\\\/pencere-tipleri\\\/#primaryimage\",\"url\":\"https:\\\/\\\/ekistika.com\\\/wp-content\\\/uploads\\\/2022\\\/01\\\/image-2.jpg\",\"contentUrl\":\"https:\\\/\\\/ekistika.com\\\/wp-content\\\/uploads\\\/2022\\\/01\\\/image-2.jpg\"},{\"@type\":\"BreadcrumbList\",\"@id\":\"https:\\\/\\\/ekistika.com\\\/destek\\\/yapgml\\\/pencere-tipleri\\\/#breadcrumb\",\"itemListElement\":[{\"@type\":\"ListItem\",\"position\":1,\"name\":\"Anasayfa\",\"item\":\"https:\\\/\\\/ekistika.com\\\/\"},{\"@type\":\"ListItem\",\"position\":2,\"name\":\"Destek\",\"item\":\"https:\\\/\\\/ekistika.com\\\/destek\\\/\"},{\"@type\":\"ListItem\",\"position\":3,\"name\":\"YAPgml Destek\",\"item\":\"https:\\\/\\\/ekistika.com\\\/destek\\\/yapgml\\\/\"},{\"@type\":\"ListItem\",\"position\":4,\"name\":\"Pencere Tipleri\"}]},{\"@type\":\"WebSite\",\"@id\":\"https:\\\/\\\/ekistika.com\\\/#website\",\"url\":\"https:\\\/\\\/ekistika.com\\\/\",\"name\":\"Ekistika\",\"description\":\"\",\"publisher\":{\"@id\":\"https:\\\/\\\/ekistika.com\\\/#organization\"},\"potentialAction\":[{\"@type\":\"SearchAction\",\"target\":{\"@type\":\"EntryPoint\",\"urlTemplate\":\"https:\\\/\\\/ekistika.com\\\/?s={search_term_string}\"},\"query-input\":{\"@type\":\"PropertyValueSpecification\",\"valueRequired\":true,\"valueName\":\"search_term_string\"}}],\"inLanguage\":\"en-US\"},{\"@type\":\"Organization\",\"@id\":\"https:\\\/\\\/ekistika.com\\\/#organization\",\"name\":\"Ekistika\",\"url\":\"https:\\\/\\\/ekistika.com\\\/\",\"logo\":{\"@type\":\"ImageObject\",\"inLanguage\":\"en-US\",\"@id\":\"https:\\\/\\\/ekistika.com\\\/#\\\/schema\\\/logo\\\/image\\\/\",\"url\":\"https:\\\/\\\/ekistika.com\\\/wp-content\\\/uploads\\\/2024\\\/07\\\/cropped-Light-1200pxekistika.png\",\"contentUrl\":\"https:\\\/\\\/ekistika.com\\\/wp-content\\\/uploads\\\/2024\\\/07\\\/cropped-Light-1200pxekistika.png\",\"width\":480,\"height\":480,\"caption\":\"Ekistika\"},\"image\":{\"@id\":\"https:\\\/\\\/ekistika.com\\\/#\\\/schema\\\/logo\\\/image\\\/\"}}]}<\/script>\n<!-- \/ Yoast SEO plugin. -->","yoast_head_json":{"title":"Pencere Tipleri - YapGML","description":"Bu makalede TKGM CityGML pencere tipleri anlat\u0131lmaktad\u0131r.","robots":{"index":"index","follow":"follow","max-snippet":"max-snippet:-1","max-image-preview":"max-image-preview:large","max-video-preview":"max-video-preview:-1"},"canonical":"https:\/\/ekistika.com\/en\/destek\/yapgml\/pencere-tipleri\/","og_locale":"en_US","og_type":"article","og_title":"Pencere Tipleri - YapGML","og_description":"Bu makalede TKGM CityGML pencere tipleri anlat\u0131lmaktad\u0131r.","og_url":"https:\/\/ekistika.com\/en\/destek\/yapgml\/pencere-tipleri\/","og_site_name":"Ekistika","article_modified_time":"2024-08-18T11:27:24+00:00","og_image":[{"url":"https:\/\/ekistika.com\/wp-content\/uploads\/2022\/01\/image-2.jpg","type":"","width":"","height":""}],"twitter_card":"summary_large_image","twitter_misc":{"Est. reading time":"1 minute"},"schema":{"@context":"https:\/\/schema.org","@graph":[{"@type":"WebPage","@id":"https:\/\/ekistika.com\/destek\/yapgml\/pencere-tipleri\/","url":"https:\/\/ekistika.com\/destek\/yapgml\/pencere-tipleri\/","name":"Pencere Tipleri - YapGML","isPartOf":{"@id":"https:\/\/ekistika.com\/#website"},"primaryImageOfPage":{"@id":"https:\/\/ekistika.com\/destek\/yapgml\/pencere-tipleri\/#primaryimage"},"image":{"@id":"https:\/\/ekistika.com\/destek\/yapgml\/pencere-tipleri\/#primaryimage"},"thumbnailUrl":"https:\/\/ekistika.com\/wp-content\/uploads\/2022\/01\/image-2.jpg","datePublished":"2024-08-18T10:45:25+00:00","dateModified":"2024-08-18T11:27:24+00:00","description":"Bu makalede TKGM CityGML pencere tipleri anlat\u0131lmaktad\u0131r.","breadcrumb":{"@id":"https:\/\/ekistika.com\/destek\/yapgml\/pencere-tipleri\/#breadcrumb"},"inLanguage":"en-US","potentialAction":[{"@type":"ReadAction","target":["https:\/\/ekistika.com\/destek\/yapgml\/pencere-tipleri\/"]}]},{"@type":"ImageObject","inLanguage":"en-US","@id":"https:\/\/ekistika.com\/destek\/yapgml\/pencere-tipleri\/#primaryimage","url":"https:\/\/ekistika.com\/wp-content\/uploads\/2022\/01\/image-2.jpg","contentUrl":"https:\/\/ekistika.com\/wp-content\/uploads\/2022\/01\/image-2.jpg"},{"@type":"BreadcrumbList","@id":"https:\/\/ekistika.com\/destek\/yapgml\/pencere-tipleri\/#breadcrumb","itemListElement":[{"@type":"ListItem","position":1,"name":"Anasayfa","item":"https:\/\/ekistika.com\/"},{"@type":"ListItem","position":2,"name":"Destek","item":"https:\/\/ekistika.com\/destek\/"},{"@type":"ListItem","position":3,"name":"YAPgml Destek","item":"https:\/\/ekistika.com\/destek\/yapgml\/"},{"@type":"ListItem","position":4,"name":"Pencere Tipleri"}]},{"@type":"WebSite","@id":"https:\/\/ekistika.com\/#website","url":"https:\/\/ekistika.com\/","name":"Ekistika","description":"","publisher":{"@id":"https:\/\/ekistika.com\/#organization"},"potentialAction":[{"@type":"SearchAction","target":{"@type":"EntryPoint","urlTemplate":"https:\/\/ekistika.com\/?s={search_term_string}"},"query-input":{"@type":"PropertyValueSpecification","valueRequired":true,"valueName":"search_term_string"}}],"inLanguage":"en-US"},{"@type":"Organization","@id":"https:\/\/ekistika.com\/#organization","name":"Ekistika","url":"https:\/\/ekistika.com\/","logo":{"@type":"ImageObject","inLanguage":"en-US","@id":"https:\/\/ekistika.com\/#\/schema\/logo\/image\/","url":"https:\/\/ekistika.com\/wp-content\/uploads\/2024\/07\/cropped-Light-1200pxekistika.png","contentUrl":"https:\/\/ekistika.com\/wp-content\/uploads\/2024\/07\/cropped-Light-1200pxekistika.png","width":480,"height":480,"caption":"Ekistika"},"image":{"@id":"https:\/\/ekistika.com\/#\/schema\/logo\/image\/"}}]}},"_links":{"self":[{"href":"https:\/\/ekistika.com\/en\/wp-json\/wp\/v2\/pages\/1346","targetHints":{"allow":["GET"]}}],"collection":[{"href":"https:\/\/ekistika.com\/en\/wp-json\/wp\/v2\/pages"}],"about":[{"href":"https:\/\/ekistika.com\/en\/wp-json\/wp\/v2\/types\/page"}],"author":[{"embeddable":true,"href":"https:\/\/ekistika.com\/en\/wp-json\/wp\/v2\/users\/1"}],"replies":[{"embeddable":true,"href":"https:\/\/ekistika.com\/en\/wp-json\/wp\/v2\/comments?post=1346"}],"version-history":[{"count":5,"href":"https:\/\/ekistika.com\/en\/wp-json\/wp\/v2\/pages\/1346\/revisions"}],"predecessor-version":[{"id":1388,"href":"https:\/\/ekistika.com\/en\/wp-json\/wp\/v2\/pages\/1346\/revisions\/1388"}],"up":[{"embeddable":true,"href":"https:\/\/ekistika.com\/en\/wp-json\/wp\/v2\/pages\/1065"}],"wp:attachment":[{"href":"https:\/\/ekistika.com\/en\/wp-json\/wp\/v2\/media?parent=1346"}],"curies":[{"name":"wp","href":"https:\/\/api.w.org\/{rel}","templated":true}]}}