{"id":16,"date":"2022-01-25T12:56:32","date_gmt":"2022-01-25T12:56:32","guid":{"rendered":"https:\/\/ekistika.com\/ana-sayfa\/"},"modified":"2024-12-29T10:32:35","modified_gmt":"2024-12-29T10:32:35","slug":"ekistika","status":"publish","type":"page","link":"https:\/\/ekistika.com\/en\/","title":{"rendered":""},"content":{"rendered":"<h6 class=\"wp-block-heading alignfull has-text-align-center has-quaternary-color has-text-color has-background has-link-color wp-elements-4248ad427ad7d1ccafb89266d655a180\" style=\"background-color:#25333c\"><strong>DUYURU<\/strong><br><br>Harita ve Kadastro M\u00fchendisleri Odas\u0131 ile Ekistika Yaz\u0131l\u0131m aras\u0131nda yap\u0131lan s\u00f6zle\u015fme gere\u011fi olarak 2023 y\u0131l\u0131ndan itibaren Oda taraf\u0131ndan kay\u0131tl\u0131 \u00fcyelerine \u00fccretsiz olarak sunulan YAPgml yaz\u0131l\u0131m\u0131 ile ilgili lisanslama ve destek hizmeti, alternatif yaz\u0131l\u0131mlar\u0131n ortaya \u00e7\u0131kmas\u0131 ve Odan\u0131n s\u00fcrecin en ba\u015f\u0131nda planlad\u0131\u011f\u0131 hedeflere \u00f6nemli \u00f6l\u00e7\u00fcde ula\u015fmas\u0131yla birlikte 01.01.2025 tarihi itibariyle sonland\u0131r\u0131lacakt\u0131r.<br><br>YAPgml yaz\u0131l\u0131m\u0131 ile ilgili lisans temini, teknik destek ve yaz\u0131l\u0131m g\u00fcncelleme faaliyetleri <strong><span style=\"text-decoration: underline;\">firmam\u0131z taraf\u0131ndan devam ettirilecek<\/span> <\/strong>olup her t\u00fcrl\u00fc soru, g\u00f6r\u00fc\u015f ve \u00f6nerilerinizi a\u015fa\u011f\u0131daki ileti\u015fim adresleri \u00fczerinden iletebilirsiniz.<br><br>YAPgml&#8217;i indirmek i\u00e7in <a href=\"https:\/\/ekistika.com\/en\/urunler\/yapgml\/indir\/\">bu ba\u011flant\u0131ya<\/a> t\u0131klayabilirsiniz. <strong>15 g\u00fcnl\u00fck \u00fccretsiz deneme s\u00fcr\u00fcm\u00fc<\/strong> i\u00e7in <a href=\"https:\/\/ekistika.com\/en\/iletisim\/\">bizimle ileti\u015fime ge\u00e7in > <\/a><br><br><strong>Mail: <\/strong>info@ekistika.com<br><strong>Telefon:<\/strong> +90 532 6828896<\/h6>\n\n\n\n<div class=\"wp-block-cover alignfull\" style=\"min-height:300px;aspect-ratio:unset;\"><span aria-hidden=\"true\" class=\"wp-block-cover__background has-primary-background-color has-background-dim-60 has-background-dim\"><\/span><img loading=\"lazy\" decoding=\"async\" width=\"533\" height=\"480\" class=\"wp-block-cover__image-background wp-image-14\" alt=\"Ekistika\" src=\"https:\/\/ekistika.com\/wp-content\/uploads\/2022\/01\/image-11.jpg\" style=\"object-position:52% 6%\" data-object-fit=\"cover\" data-object-position=\"52% 6%\" srcset=\"https:\/\/ekistika.com\/wp-content\/uploads\/2022\/01\/image-11.jpg 533w, https:\/\/ekistika.com\/wp-content\/uploads\/2022\/01\/image-11-300x270.jpg 300w, https:\/\/ekistika.com\/wp-content\/uploads\/2022\/01\/image-11-1024x922.jpg 1024w, https:\/\/ekistika.com\/wp-content\/uploads\/2022\/01\/image-11-768x691.jpg 768w, https:\/\/ekistika.com\/wp-content\/uploads\/2022\/01\/image-11-1536x1382.jpg 1536w\" sizes=\"auto, (max-width: 533px) 100vw, 533px\" \/><div class=\"wp-block-cover__inner-container is-layout-flow wp-block-cover-is-layout-flow\">\n<h2 class=\"wp-block-heading has-text-align-center has-quaternary-color has-text-color\" id=\"ekistika-ya-hosgeldiniz\">Welcome to Ekistika,\nEnglish version will be ready soon. <\/h2>\n<\/div><\/div>\n\n\n\n<div class=\"wp-block-coblocks-features alignwide coblocks-features-8715102587\"><div class=\"wp-block-coblocks-features__inner has-columns has-2-columns has-responsive-columns has-center-content has-large-gutter\">\n<div class=\"wp-block-coblocks-feature coblocks-feature-8715102658\"><div class=\"wp-block-coblocks-feature__inner has-no-padding\"><div class=\"wp-block-coblocks-icon\">\n\t\t\t\t<div class=\"wp-block-coblocks-icon__inner has-text-color has-secondary-color\" style=\"height: 60px; width: 60px;\">\n\t\t\t\t\t<svg fill=\"none\" viewbox=\"0 0 20 20\" xmlns=\"http:\/\/www.w3.org\/2000\/svg\"><path d=\"m16.6666667 15c.9166666 0 1.6583333-.75 1.6583333-1.6666667l.0083333-9.16666663c0-.91666667-.75-1.66666667-1.6666666-1.66666667h-13.33333337c-.91666666 0-1.66666666.75-1.66666666 1.66666667v9.16666663c0 .9166667.75 1.6666667 1.66666666 1.6666667h-3.33333333c0 .9166667.75 1.6666667 1.66666667 1.6666667h16.66666663c.9166667 0 1.6666667-.75 1.6666667-1.6666667zm-13.33333337-10.83333333h13.33333337v9.16666663h-13.33333337zm6.66666667 11.66666663c-.45833333 0-.83333333-.375-.83333333-.8333333s.375-.8333333.83333333-.8333333c.4583333 0 .8333333.375.8333333.8333333s-.375.8333333-.8333333.8333333z\" fill=\"currentColor\" \/><\/svg>\n\t\t\t\t<\/div>\n\t\t\t<\/div>\n\n\n<h4 class=\"wp-block-heading\" id=\"ekistika-nedir\">What is Ekistika?<\/h4>\n\n\n\n<p>Ekistika yerle\u015fim bilimini kodlama ile ele alan bir yaz\u0131l\u0131m \u015firketidir. Bina modellemelerini ve haritalar\u0131 kodlarla birle\u015ftirir ve \u015firketler i\u00e7in \u00e7\u00f6z\u00fcmler \u00fcretir. <\/p>\n\n\n\n<p style=\"font-size:18px\"><a data-type=\"page\" data-id=\"129\" href=\"https:\/\/ekistika.com\/en\/hakkimizda\/\"><strong>Hakk\u0131m\u0131zda daha fazla bilgi edinin &gt;<\/strong><\/a><\/p>\n<\/div><\/div>\n\n\n\n<div class=\"wp-block-coblocks-feature coblocks-feature-8715102665\"><div class=\"wp-block-coblocks-feature__inner has-no-padding\"><div class=\"wp-block-coblocks-icon is-style-outlined\">\n\t\t\t\t<div class=\"wp-block-coblocks-icon__inner has-text-color has-secondary-color\" style=\"height: 60px; width: 60px;\">\n\t\t\t\t\t<svg fill=\"none\" viewbox=\"0 0 20 20\" xmlns=\"http:\/\/www.w3.org\/2000\/svg\"><path d=\"m9.99610362 17.0837787-7.42990299-5.7765731-1.63316728 1.2702412 9.07315155 7.0568956 9.0731515-7.0568956-1.6432485-1.2803225zm.01008128-2.560645 7.4198217-5.77657311 1.6533298-1.28032249-9.0731515-7.05689565-9.07315155 7.05689565 1.64324856 1.28032249z\" fill=\"currentColor\" \/><\/svg>\n\t\t\t\t<\/div>\n\t\t\t<\/div>\n\n\n<h4 class=\"wp-block-heading\" id=\"yaptigimiz-isler-neler\">What do we do?<\/h4>\n\n\n\n<p>\u015eirketler i\u00e7in bir\u00e7ok \u00fc\u00e7 boyutlu mimari proje, bina modelleme ve say\u0131sal harita \u00fcretimi uygulamalar\u0131 geli\u015ftiriyoruz. <\/p>\n\n\n\n<p style=\"font-size:18px\"><a href=\"https:\/\/ekistika.com\/en\/urunler\/\"><strong>Her ge\u00e7en g\u00fcn geni\u015fleyen \u00fcr\u00fcnler listemizi ke\u015ffedin &gt;<\/strong><\/a><\/p>\n<\/div><\/div>\n<\/div><\/div>\n\n\n\n<div style=\"height:10px\" aria-hidden=\"true\" class=\"wp-block-spacer\"><\/div>\n\n\n\n<div class=\"wp-block-coblocks-features alignwide coblocks-features-8715102587\"><div class=\"wp-block-coblocks-features__inner has-columns has-2-columns has-responsive-columns has-center-content has-large-gutter\">\n<div class=\"wp-block-coblocks-feature coblocks-feature-8715102665\"><div class=\"wp-block-coblocks-feature__inner has-no-padding\"><div class=\"wp-block-coblocks-icon is-style-outlined\">\n\t\t\t\t<div class=\"wp-block-coblocks-icon__inner has-text-color has-secondary-color\" style=\"height: 63px; width: 63px;\">\n\t\t\t\t\t<svg fill=\"none\" viewbox=\"0 0 20 20\" xmlns=\"http:\/\/www.w3.org\/2000\/svg\"><path d=\"m13.1578947 9.47368421v-6.31578947l-3.1578947-3.15789474-3.15789474 3.15789474v2.10526315h-6.31578947v14.73684211h18.94736841v-10.52631579zm-8.42105259 8.42105259h-2.10526316v-2.1052631h2.10526316zm0-4.2105263h-2.10526316v-2.1052631h2.10526316zm0-4.21052629h-2.10526316v-2.10526316h2.10526316zm6.31578949 8.42105259h-2.10526318v-2.1052631h2.10526318zm0-4.2105263h-2.10526318v-2.1052631h2.10526318zm0-4.21052629h-2.10526318v-2.10526316h2.10526318zm0-4.21052632h-2.10526318v-2.10526315h2.10526318zm6.3157895 12.63157891h-2.1052632v-2.1052631h2.1052632zm0-4.2105263h-2.1052632v-2.1052631h2.1052632z\" fill=\"currentColor\" \/><\/svg>\n\t\t\t\t<\/div>\n\t\t\t<\/div>\n\n\n<h4 class=\"wp-block-heading\" id=\"yaptigimiz-isler-neler\">YAPgml<\/h4>\n\n\n\n<p>YAPgml, Tapu ve Kadastro Genel M\u00fcd\u00fcrl\u00fc\u011f\u00fc&#8217;n\u00fcnce belirlenen standartlara uygun<br>olacak \u015fekilde 3 boyutlu say\u0131sal yap\u0131 modeli \u00fcretimine ili\u015fkin \u00e7izim, veri giri\u015fi ve GML d\u00f6n\u00fc\u015f\u00fcm\u00fc i\u015flemlerini ayn\u0131 \u00e7at\u0131 alt\u0131nda yapan bir yaz\u0131l\u0131md\u0131r.<\/p>\n\n\n\n<p style=\"font-size:18px\"><a href=\"https:\/\/ekistika.com\/en\/urunler\/yapgml\/\"><strong>YAPgml hakk\u0131nda daha fazla bilgi al\u0131n &gt;<\/strong><\/a><\/p>\n<\/div><\/div>\n\n\n\n<div class=\"wp-block-coblocks-feature coblocks-feature-8715102665\"><div class=\"wp-block-coblocks-feature__inner has-no-padding\"><div class=\"wp-block-coblocks-icon is-style-outlined\">\n\t\t\t\t<div class=\"wp-block-coblocks-icon__inner has-text-color has-secondary-color\" style=\"height: 75px; width: 75px;\">\n\t\t\t\t\t<svg fill=\"none\" viewbox=\"-3 -3 24 24\" xmlns=\"http:\/\/www.w3.org\/2000\/svg\"><path d=\"M1.5 18.75A.75.75 0 0 1 .75 18V3A2.753 2.753 0 0 1 3.5.25h11A2.753 2.753 0 0 1 17.25 3v10a2.752 2.752 0 0 1-2.75 2.75H6.166c-.27 0-.533.088-.749.25L1.95 18.6a.751.751 0 0 1-.45.15Zm2-17A1.251 1.251 0 0 0 2.25 3v13.5l2.267-1.7a2.767 2.767 0 0 1 1.65-.55H14.5A1.25 1.25 0 0 0 15.75 13V3a1.251 1.251 0 0 0-1.25-1.25h-11Z\" fill=\"currentColor\"\/><\/svg>\n\n\t\t\t\t<\/div>\n\t\t\t<\/div>\n\n\n<h4 class=\"wp-block-heading\" id=\"yaptigimiz-isler-neler\">\u0130leti\u015fim ve Destek<\/h4>\n\n\n\n<p>Adresimize, telefon numaralar\u0131m\u0131za ve ileti\u015fim e-postam\u0131za g\u00f6z atmak i\u00e7in <a href=\"https:\/\/ekistika.com\/en\/iletisim\/\">ileti\u015fim sayfam\u0131za<\/a> g\u00f6z at\u0131n. Veya destek almak isterseniz, Ekistika Destek sayfas\u0131 her zaman yard\u0131ma a\u00e7\u0131k.<\/p>\n\n\n\n<p style=\"font-size:18px\"><a href=\"https:\/\/ekistika.com\/en\/destek\/\"><strong>Destek sayfas\u0131n\u0131 ke\u015ffedin &gt;<\/strong><\/a><\/p>\n\n\n\n<p><\/p>\n<\/div><\/div>\n<\/div><\/div>","protected":false},"excerpt":{"rendered":"<p>DUYURU Harita ve Kadastro M\u00fchendisleri Odas\u0131 ile Ekistika Yaz\u0131l\u0131m aras\u0131nda yap\u0131lan s\u00f6zle\u015fme gere\u011fi olarak 2023 y\u0131l\u0131ndan itibaren Oda taraf\u0131ndan kay\u0131tl\u0131 \u00fcyelerine \u00fccretsiz olarak sunulan YAPgml yaz\u0131l\u0131m\u0131 ile ilgili lisanslama ve destek hizmeti, alternatif yaz\u0131l\u0131mlar\u0131n ortaya \u00e7\u0131kmas\u0131 ve Odan\u0131n s\u00fcrecin en ba\u015f\u0131nda planlad\u0131\u011f\u0131 hedeflere \u00f6nemli \u00f6l\u00e7\u00fcde ula\u015fmas\u0131yla birlikte 01.01.2025 tarihi itibariyle sonland\u0131r\u0131lacakt\u0131r. YAPgml yaz\u0131l\u0131m\u0131 ile ilgili [&hellip;]<\/p>\n","protected":false},"author":1,"featured_media":0,"parent":0,"menu_order":0,"comment_status":"closed","ping_status":"closed","template":"","meta":{"_coblocks_attr":"","_coblocks_dimensions":"","_coblocks_responsive_height":"","_coblocks_accordion_ie_support":"","hide_page_title":"","footnotes":""},"class_list":["post-16","page","type-page","status-publish","hentry"],"yoast_head":"<!-- This site is optimized with the Yoast SEO plugin v27.5 - https:\/\/yoast.com\/product\/yoast-seo-wordpress\/ -->\n<title>Ekistika<\/title>\n<meta name=\"description\" content=\"Ekistika, yerle\u015fim bilimiyle u\u011fra\u015fan bir yaz\u0131l\u0131m \u015firketidir. Bina modellemeleri ve harita yaz\u0131l\u0131mlar\u0131yla \u015firketler i\u00e7in \u00e7\u00f6z\u00fcmler \u00fcretir.\" \/>\n<meta name=\"robots\" content=\"index, follow, max-snippet:-1, max-image-preview:large, max-video-preview:-1\" \/>\n<link rel=\"canonical\" href=\"https:\/\/ekistika.com\/en\/\" \/>\n<meta property=\"og:locale\" content=\"en_US\" \/>\n<meta property=\"og:type\" content=\"article\" \/>\n<meta property=\"og:title\" content=\"Ekistika\" \/>\n<meta property=\"og:description\" content=\"Ekistika, yerle\u015fim bilimiyle u\u011fra\u015fan bir yaz\u0131l\u0131m \u015firketidir. Bina modellemeleri ve harita yaz\u0131l\u0131mlar\u0131yla \u015firketler i\u00e7in \u00e7\u00f6z\u00fcmler \u00fcretir.\" \/>\n<meta property=\"og:url\" content=\"https:\/\/ekistika.com\/en\/\" \/>\n<meta property=\"og:site_name\" content=\"Ekistika\" \/>\n<meta property=\"article:modified_time\" content=\"2024-12-29T10:32:35+00:00\" \/>\n<meta property=\"og:image\" content=\"https:\/\/ekistika.com\/wp-content\/uploads\/2022\/01\/image-11.jpg\" \/>\n\t<meta property=\"og:image:width\" content=\"533\" \/>\n\t<meta property=\"og:image:height\" content=\"480\" \/>\n\t<meta property=\"og:image:type\" content=\"image\/jpeg\" \/>\n<meta name=\"twitter:card\" content=\"summary_large_image\" \/>\n<meta name=\"twitter:label1\" content=\"Est. reading time\" \/>\n\t<meta name=\"twitter:data1\" content=\"2 minutes\" \/>\n<script type=\"application\/ld+json\" class=\"yoast-schema-graph\">{\"@context\":\"https:\\\/\\\/schema.org\",\"@graph\":[{\"@type\":\"WebPage\",\"@id\":\"https:\\\/\\\/ekistika.com\\\/\",\"url\":\"https:\\\/\\\/ekistika.com\\\/\",\"name\":\"Ekistika\",\"isPartOf\":{\"@id\":\"https:\\\/\\\/ekistika.com\\\/#website\"},\"primaryImageOfPage\":{\"@id\":\"https:\\\/\\\/ekistika.com\\\/#primaryimage\"},\"image\":{\"@id\":\"https:\\\/\\\/ekistika.com\\\/#primaryimage\"},\"thumbnailUrl\":\"https:\\\/\\\/ekistika.com\\\/wp-content\\\/uploads\\\/2022\\\/01\\\/image-11.jpg\",\"datePublished\":\"2022-01-25T12:56:32+00:00\",\"dateModified\":\"2024-12-29T10:32:35+00:00\",\"description\":\"Ekistika, yerle\u015fim bilimiyle u\u011fra\u015fan bir yaz\u0131l\u0131m \u015firketidir. Bina modellemeleri ve harita yaz\u0131l\u0131mlar\u0131yla \u015firketler i\u00e7in \u00e7\u00f6z\u00fcmler \u00fcretir.\",\"inLanguage\":\"en-US\",\"potentialAction\":[{\"@type\":\"ReadAction\",\"target\":[\"https:\\\/\\\/ekistika.com\\\/\"]}]},{\"@type\":\"ImageObject\",\"inLanguage\":\"en-US\",\"@id\":\"https:\\\/\\\/ekistika.com\\\/#primaryimage\",\"url\":\"https:\\\/\\\/ekistika.com\\\/wp-content\\\/uploads\\\/2022\\\/01\\\/image-11.jpg\",\"contentUrl\":\"https:\\\/\\\/ekistika.com\\\/wp-content\\\/uploads\\\/2022\\\/01\\\/image-11.jpg\"},{\"@type\":\"WebSite\",\"@id\":\"https:\\\/\\\/ekistika.com\\\/#website\",\"url\":\"https:\\\/\\\/ekistika.com\\\/\",\"name\":\"Ekistika\",\"description\":\"\",\"publisher\":{\"@id\":\"https:\\\/\\\/ekistika.com\\\/#organization\"},\"potentialAction\":[{\"@type\":\"SearchAction\",\"target\":{\"@type\":\"EntryPoint\",\"urlTemplate\":\"https:\\\/\\\/ekistika.com\\\/?s={search_term_string}\"},\"query-input\":{\"@type\":\"PropertyValueSpecification\",\"valueRequired\":true,\"valueName\":\"search_term_string\"}}],\"inLanguage\":\"en-US\"},{\"@type\":\"Organization\",\"@id\":\"https:\\\/\\\/ekistika.com\\\/#organization\",\"name\":\"Ekistika\",\"url\":\"https:\\\/\\\/ekistika.com\\\/\",\"logo\":{\"@type\":\"ImageObject\",\"inLanguage\":\"en-US\",\"@id\":\"https:\\\/\\\/ekistika.com\\\/#\\\/schema\\\/logo\\\/image\\\/\",\"url\":\"https:\\\/\\\/ekistika.com\\\/wp-content\\\/uploads\\\/2024\\\/07\\\/cropped-Light-1200pxekistika.png\",\"contentUrl\":\"https:\\\/\\\/ekistika.com\\\/wp-content\\\/uploads\\\/2024\\\/07\\\/cropped-Light-1200pxekistika.png\",\"width\":480,\"height\":480,\"caption\":\"Ekistika\"},\"image\":{\"@id\":\"https:\\\/\\\/ekistika.com\\\/#\\\/schema\\\/logo\\\/image\\\/\"}}]}<\/script>\n<!-- \/ Yoast SEO plugin. -->","yoast_head_json":{"title":"Ekistika","description":"Ekistika, yerle\u015fim bilimiyle u\u011fra\u015fan bir yaz\u0131l\u0131m \u015firketidir. Bina modellemeleri ve harita yaz\u0131l\u0131mlar\u0131yla \u015firketler i\u00e7in \u00e7\u00f6z\u00fcmler \u00fcretir.","robots":{"index":"index","follow":"follow","max-snippet":"max-snippet:-1","max-image-preview":"max-image-preview:large","max-video-preview":"max-video-preview:-1"},"canonical":"https:\/\/ekistika.com\/en\/","og_locale":"en_US","og_type":"article","og_title":"Ekistika","og_description":"Ekistika, yerle\u015fim bilimiyle u\u011fra\u015fan bir yaz\u0131l\u0131m \u015firketidir. Bina modellemeleri ve harita yaz\u0131l\u0131mlar\u0131yla \u015firketler i\u00e7in \u00e7\u00f6z\u00fcmler \u00fcretir.","og_url":"https:\/\/ekistika.com\/en\/","og_site_name":"Ekistika","article_modified_time":"2024-12-29T10:32:35+00:00","og_image":[{"width":533,"height":480,"url":"https:\/\/ekistika.com\/wp-content\/uploads\/2022\/01\/image-11.jpg","type":"image\/jpeg"}],"twitter_card":"summary_large_image","twitter_misc":{"Est. reading time":"2 minutes"},"schema":{"@context":"https:\/\/schema.org","@graph":[{"@type":"WebPage","@id":"https:\/\/ekistika.com\/","url":"https:\/\/ekistika.com\/","name":"Ekistika","isPartOf":{"@id":"https:\/\/ekistika.com\/#website"},"primaryImageOfPage":{"@id":"https:\/\/ekistika.com\/#primaryimage"},"image":{"@id":"https:\/\/ekistika.com\/#primaryimage"},"thumbnailUrl":"https:\/\/ekistika.com\/wp-content\/uploads\/2022\/01\/image-11.jpg","datePublished":"2022-01-25T12:56:32+00:00","dateModified":"2024-12-29T10:32:35+00:00","description":"Ekistika, yerle\u015fim bilimiyle u\u011fra\u015fan bir yaz\u0131l\u0131m \u015firketidir. Bina modellemeleri ve harita yaz\u0131l\u0131mlar\u0131yla \u015firketler i\u00e7in \u00e7\u00f6z\u00fcmler \u00fcretir.","inLanguage":"en-US","potentialAction":[{"@type":"ReadAction","target":["https:\/\/ekistika.com\/"]}]},{"@type":"ImageObject","inLanguage":"en-US","@id":"https:\/\/ekistika.com\/#primaryimage","url":"https:\/\/ekistika.com\/wp-content\/uploads\/2022\/01\/image-11.jpg","contentUrl":"https:\/\/ekistika.com\/wp-content\/uploads\/2022\/01\/image-11.jpg"},{"@type":"WebSite","@id":"https:\/\/ekistika.com\/#website","url":"https:\/\/ekistika.com\/","name":"Ekistika","description":"","publisher":{"@id":"https:\/\/ekistika.com\/#organization"},"potentialAction":[{"@type":"SearchAction","target":{"@type":"EntryPoint","urlTemplate":"https:\/\/ekistika.com\/?s={search_term_string}"},"query-input":{"@type":"PropertyValueSpecification","valueRequired":true,"valueName":"search_term_string"}}],"inLanguage":"en-US"},{"@type":"Organization","@id":"https:\/\/ekistika.com\/#organization","name":"Ekistika","url":"https:\/\/ekistika.com\/","logo":{"@type":"ImageObject","inLanguage":"en-US","@id":"https:\/\/ekistika.com\/#\/schema\/logo\/image\/","url":"https:\/\/ekistika.com\/wp-content\/uploads\/2024\/07\/cropped-Light-1200pxekistika.png","contentUrl":"https:\/\/ekistika.com\/wp-content\/uploads\/2024\/07\/cropped-Light-1200pxekistika.png","width":480,"height":480,"caption":"Ekistika"},"image":{"@id":"https:\/\/ekistika.com\/#\/schema\/logo\/image\/"}}]}},"_links":{"self":[{"href":"https:\/\/ekistika.com\/en\/wp-json\/wp\/v2\/pages\/16","targetHints":{"allow":["GET"]}}],"collection":[{"href":"https:\/\/ekistika.com\/en\/wp-json\/wp\/v2\/pages"}],"about":[{"href":"https:\/\/ekistika.com\/en\/wp-json\/wp\/v2\/types\/page"}],"author":[{"embeddable":true,"href":"https:\/\/ekistika.com\/en\/wp-json\/wp\/v2\/users\/1"}],"replies":[{"embeddable":true,"href":"https:\/\/ekistika.com\/en\/wp-json\/wp\/v2\/comments?post=16"}],"version-history":[{"count":68,"href":"https:\/\/ekistika.com\/en\/wp-json\/wp\/v2\/pages\/16\/revisions"}],"predecessor-version":[{"id":1537,"href":"https:\/\/ekistika.com\/en\/wp-json\/wp\/v2\/pages\/16\/revisions\/1537"}],"wp:attachment":[{"href":"https:\/\/ekistika.com\/en\/wp-json\/wp\/v2\/media?parent=16"}],"curies":[{"name":"wp","href":"https:\/\/api.w.org\/{rel}","templated":true}]}}