{"id":168,"date":"2022-02-04T17:18:25","date_gmt":"2022-02-04T17:18:25","guid":{"rendered":"https:\/\/ekistika.com\/?page_id=168"},"modified":"2024-07-25T22:25:11","modified_gmt":"2024-07-25T22:25:11","slug":"destek","status":"publish","type":"page","link":"https:\/\/ekistika.com\/en\/destek\/","title":{"rendered":"Support"},"content":{"rendered":"<div class=\"wp-block-cover alignfull\" style=\"min-height:307px;aspect-ratio:unset;\"><span aria-hidden=\"true\" class=\"wp-block-cover__background has-primary-background-color has-background-dim-60 has-background-dim\"><\/span><img loading=\"lazy\" decoding=\"async\" width=\"720\" height=\"480\" class=\"wp-block-cover__image-background wp-image-169\" alt=\"destek\" src=\"https:\/\/ekistika.com\/wp-content\/uploads\/2022\/02\/qtq80-A31EtE.jpeg\" style=\"object-position:51% 0%\" data-object-fit=\"cover\" data-object-position=\"51% 0%\" srcset=\"https:\/\/ekistika.com\/wp-content\/uploads\/2022\/02\/qtq80-A31EtE.jpeg 720w, https:\/\/ekistika.com\/wp-content\/uploads\/2022\/02\/qtq80-A31EtE-300x200.jpeg 300w, https:\/\/ekistika.com\/wp-content\/uploads\/2022\/02\/qtq80-A31EtE-1024x683.jpeg 1024w, https:\/\/ekistika.com\/wp-content\/uploads\/2022\/02\/qtq80-A31EtE-768x512.jpeg 768w, https:\/\/ekistika.com\/wp-content\/uploads\/2022\/02\/qtq80-A31EtE-1536x1024.jpeg 1536w, https:\/\/ekistika.com\/wp-content\/uploads\/2022\/02\/qtq80-A31EtE-2048x1365.jpeg 2048w\" sizes=\"auto, (max-width: 720px) 100vw, 720px\" \/><div class=\"wp-block-cover__inner-container is-layout-flow wp-block-cover-is-layout-flow\">\n<h2 class=\"wp-block-heading has-text-align-center has-quaternary-color has-text-color\" id=\"ekistika-destek-e-hosgeldiniz-burada-her-zaman-yaninizdayiz\">Ekistika Destek&#8217;e ho\u015fgeldiniz. Burada her zaman yan\u0131n\u0131zday\u0131z.<\/h2>\n<\/div><\/div>\n\n\n\n<div style=\"height:10px\" aria-hidden=\"true\" class=\"wp-block-spacer\"><\/div>\n\n\n\n<p class=\"has-text-align-center\" id=\"bu-sayfada-bircok-urunumuz-icin-destek-bilgilerine-erisebilirsiniz-lutfen-asagidan-sahip-oldugunuz-yazilimi-secin\" style=\"font-size:17px\">Bu sayfada bir\u00e7ok \u00fcr\u00fcn\u00fcm\u00fcz i\u00e7in destek sayfalar\u0131na eri\u015febilirsiniz. L\u00fctfen a\u015fa\u011f\u0131dan sahip oldu\u011funuz yaz\u0131l\u0131m\u0131 se\u00e7in.<\/p>\n\n\n\n<div style=\"height:15px\" aria-hidden=\"true\" class=\"wp-block-spacer\"><\/div>\n\n\n\n<div class=\"wp-block-media-text is-stacked-on-mobile is-vertically-aligned-center\" style=\"grid-template-columns:30% auto\"><figure class=\"wp-block-media-text__media\"><img loading=\"lazy\" decoding=\"async\" width=\"628\" height=\"480\" src=\"https:\/\/ekistika.com\/wp-content\/uploads\/2022\/01\/image-2.jpg\" alt=\"\" class=\"wp-image-5 size-full\" srcset=\"https:\/\/ekistika.com\/wp-content\/uploads\/2022\/01\/image-2.jpg 628w, https:\/\/ekistika.com\/wp-content\/uploads\/2022\/01\/image-2-300x229.jpg 300w, https:\/\/ekistika.com\/wp-content\/uploads\/2022\/01\/image-2-768x587.jpg 768w\" sizes=\"auto, (max-width: 628px) 100vw, 628px\" \/><\/figure><div class=\"wp-block-media-text__content\">\n<h5 class=\"wp-block-heading has-text-align-center\" id=\"dgnedit-icin-destek-sayfasi\"><a href=\"https:\/\/ekistika.com\/en\/destek\/yapgml\/\">YAPgml i\u00e7in yard\u0131m sayfas\u0131 &gt;<\/a><\/h5>\n<\/div><\/div>\n\n\n\n<div style=\"height:10px\" aria-hidden=\"true\" class=\"wp-block-spacer\"><\/div>\n\n\n\n<div class=\"wp-block-media-text is-stacked-on-mobile is-vertically-aligned-center\" style=\"grid-template-columns:30% auto\"><figure class=\"wp-block-media-text__media\"><img loading=\"lazy\" decoding=\"async\" width=\"628\" height=\"480\" src=\"https:\/\/ekistika.com\/wp-content\/uploads\/2022\/01\/image-9.jpg\" alt=\"dgnedit\" class=\"wp-image-12 size-full\" srcset=\"https:\/\/ekistika.com\/wp-content\/uploads\/2022\/01\/image-9.jpg 628w, https:\/\/ekistika.com\/wp-content\/uploads\/2022\/01\/image-9-300x229.jpg 300w, https:\/\/ekistika.com\/wp-content\/uploads\/2022\/01\/image-9-768x587.jpg 768w\" sizes=\"auto, (max-width: 628px) 100vw, 628px\" \/><\/figure><div class=\"wp-block-media-text__content\">\n<h5 class=\"wp-block-heading has-text-align-center\" id=\"dgnedit-icin-destek-sayfasi\"><a data-type=\"page\" data-id=\"220\" href=\"https:\/\/ekistika.com\/en\/destek\/dgnedit\/\">DGNEdit i\u00e7in yard\u0131m sayfas\u0131 &gt;<\/a><\/h5>\n<\/div><\/div>\n\n\n\n<div style=\"height:10px\" aria-hidden=\"true\" class=\"wp-block-spacer\"><\/div>\n\n\n\n<div class=\"wp-block-media-text is-stacked-on-mobile is-vertically-aligned-center has-medium-font-size\" style=\"padding-top:0;padding-bottom:0;grid-template-columns:30% auto\"><figure class=\"wp-block-media-text__media\"><img loading=\"lazy\" decoding=\"async\" width=\"265\" height=\"300\" src=\"https:\/\/ekistika.com\/wp-content\/uploads\/2022\/01\/image-3-265x300.jpg\" alt=\"Nivelman Image\" class=\"wp-image-6 size-medium\" srcset=\"https:\/\/ekistika.com\/wp-content\/uploads\/2022\/01\/image-3-265x300.jpg 265w, https:\/\/ekistika.com\/wp-content\/uploads\/2022\/01\/image-3-768x869.jpg 768w, https:\/\/ekistika.com\/wp-content\/uploads\/2022\/01\/image-3.jpg 424w\" sizes=\"auto, (max-width: 265px) 100vw, 265px\" \/><\/figure><div class=\"wp-block-media-text__content\">\n<h5 class=\"wp-block-heading has-text-align-center\" id=\"nivelman-icin-destek-sayfasi\"><a data-type=\"page\" data-id=\"280\" href=\"https:\/\/ekistika.com\/en\/destek\/nivelman\/\">Nivelman i\u00e7in yard\u0131m sayfas\u0131 &gt;<\/a><\/h5>\n<\/div><\/div>\n\n\n\n<div style=\"height:20px\" aria-hidden=\"true\" class=\"wp-block-spacer\"><\/div>\n\n\n\n<p class=\"has-text-align-center\" id=\"farkli-bir-konuda-destege-ihtiyaciniz-lutfen-varsa-asagidan-destek-konunuzu-secin\" style=\"font-size:17px\">Farkl\u0131 bir konuda yard\u0131ma ihtiyac\u0131n\u0131z varsa l\u00fctfen a\u015fa\u011f\u0131dan konunuzu se\u00e7in.<\/p>\n\n\n\n<div style=\"height:15px\" aria-hidden=\"true\" class=\"wp-block-spacer\"><\/div>\n\n\n\n<div class=\"wp-block-coblocks-accordion\">\n<div class=\"wp-block-coblocks-accordion-item\"><details><summary class=\"wp-block-coblocks-accordion-item__title\">Uygulama sat\u0131n alma<\/summary><div class=\"wp-block-coblocks-accordion-item__content\">\n<p>Uygulamalar\u0131m\u0131z\u0131n fiyat veya \u00f6zellik bilgileri hakk\u0131nda daha fazla bilgi almak i\u00e7in bize info@ekistika.com mail adresinden veya +90 532 6828896 no&#8217;lu telefondan hafta i\u00e7i her g\u00fcn saat 09.00 &#8211; 18.00 aras\u0131nda ula\u015fabilirsiniz.<\/p>\n<\/div><\/details><\/div>\n<\/div>\n\n\n\n<div class=\"wp-block-coblocks-accordion\">\n<div class=\"wp-block-coblocks-accordion-item\"><details><summary class=\"wp-block-coblocks-accordion-item__title\">Uygulamalar hakk\u0131nda genel yard\u0131m<\/summary><div class=\"wp-block-coblocks-accordion-item__content\">\n<p>Ald\u0131\u011f\u0131n\u0131z uygulama hakk\u0131nda \u00f6zel yard\u0131m almak istiyorsan\u0131z i\u00e7in bize info@ekistika.com mail adresinden veya +90 532 6828896 no&#8217;lu telefondan hafta i\u00e7i her g\u00fcn saat 09.00 &#8211; 18.00 aras\u0131nda ula\u015fabilirsiniz.<\/p>\n<\/div><\/details><\/div>\n<\/div>\n\n\n\n<div class=\"wp-block-coblocks-accordion\">\n<div class=\"wp-block-coblocks-accordion-item\"><\/div>\n<\/div>\n\n\n\n<div class=\"wp-block-coblocks-accordion\">\n<div class=\"wp-block-coblocks-accordion-item\"><\/div>\n<\/div>","protected":false},"excerpt":{"rendered":"<p>Bu sayfada bir\u00e7ok \u00fcr\u00fcn\u00fcm\u00fcz i\u00e7in destek sayfalar\u0131na eri\u015febilirsiniz. L\u00fctfen a\u015fa\u011f\u0131dan sahip oldu\u011funuz yaz\u0131l\u0131m\u0131 se\u00e7in. YAPgml i\u00e7in yard\u0131m sayfas\u0131 &gt; DGNEdit i\u00e7in yard\u0131m sayfas\u0131 &gt; Nivelman i\u00e7in yard\u0131m sayfas\u0131 &gt; Farkl\u0131 bir konuda yard\u0131ma ihtiyac\u0131n\u0131z varsa l\u00fctfen a\u015fa\u011f\u0131dan konunuzu se\u00e7in.<\/p>","protected":false},"author":1,"featured_media":0,"parent":0,"menu_order":0,"comment_status":"closed","ping_status":"closed","template":"","meta":{"_coblocks_attr":"","_coblocks_dimensions":"","_coblocks_responsive_height":"","_coblocks_accordion_ie_support":"","hide_page_title":"","footnotes":""},"class_list":["post-168","page","type-page","status-publish","hentry"],"yoast_head":"<!-- This site is optimized with the Yoast SEO plugin v27.5 - https:\/\/yoast.com\/product\/yoast-seo-wordpress\/ -->\n<title>Destek - Ekistika<\/title>\n<meta name=\"description\" content=\"Bu sayfada bir\u00e7ok Ekistika \u00fcr\u00fcn\u00fc i\u00e7in destek bilgilerine eri\u015febilir, farkl\u0131 konularda yard\u0131m sayfalar\u0131na g\u00f6z atabilirsiniz.\" \/>\n<meta name=\"robots\" content=\"index, follow, max-snippet:-1, max-image-preview:large, max-video-preview:-1\" \/>\n<link rel=\"canonical\" href=\"https:\/\/ekistika.com\/en\/destek\/\" \/>\n<meta property=\"og:locale\" content=\"en_US\" \/>\n<meta property=\"og:type\" content=\"article\" \/>\n<meta property=\"og:title\" content=\"Destek - Ekistika\" \/>\n<meta property=\"og:description\" content=\"Bu sayfada bir\u00e7ok Ekistika \u00fcr\u00fcn\u00fc i\u00e7in destek bilgilerine eri\u015febilir, farkl\u0131 konularda yard\u0131m sayfalar\u0131na g\u00f6z atabilirsiniz.\" \/>\n<meta property=\"og:url\" content=\"https:\/\/ekistika.com\/en\/destek\/\" \/>\n<meta property=\"og:site_name\" content=\"Ekistika\" \/>\n<meta property=\"article:modified_time\" content=\"2024-07-25T22:25:11+00:00\" \/>\n<meta property=\"og:image\" content=\"https:\/\/ekistika.com\/wp-content\/uploads\/2022\/02\/qtq80-A31EtE.jpeg\" \/>\n<meta name=\"twitter:card\" content=\"summary_large_image\" \/>\n<meta name=\"twitter:label1\" content=\"Est. reading time\" \/>\n\t<meta name=\"twitter:data1\" content=\"2 minutes\" \/>\n<script type=\"application\/ld+json\" class=\"yoast-schema-graph\">{\"@context\":\"https:\\\/\\\/schema.org\",\"@graph\":[{\"@type\":\"WebPage\",\"@id\":\"https:\\\/\\\/ekistika.com\\\/destek\\\/\",\"url\":\"https:\\\/\\\/ekistika.com\\\/destek\\\/\",\"name\":\"Destek - Ekistika\",\"isPartOf\":{\"@id\":\"https:\\\/\\\/ekistika.com\\\/#website\"},\"primaryImageOfPage\":{\"@id\":\"https:\\\/\\\/ekistika.com\\\/destek\\\/#primaryimage\"},\"image\":{\"@id\":\"https:\\\/\\\/ekistika.com\\\/destek\\\/#primaryimage\"},\"thumbnailUrl\":\"https:\\\/\\\/ekistika.com\\\/wp-content\\\/uploads\\\/2022\\\/02\\\/qtq80-A31EtE.jpeg\",\"datePublished\":\"2022-02-04T17:18:25+00:00\",\"dateModified\":\"2024-07-25T22:25:11+00:00\",\"description\":\"Bu sayfada bir\u00e7ok Ekistika \u00fcr\u00fcn\u00fc i\u00e7in destek bilgilerine eri\u015febilir, farkl\u0131 konularda yard\u0131m sayfalar\u0131na g\u00f6z atabilirsiniz.\",\"breadcrumb\":{\"@id\":\"https:\\\/\\\/ekistika.com\\\/destek\\\/#breadcrumb\"},\"inLanguage\":\"en-US\",\"potentialAction\":[{\"@type\":\"ReadAction\",\"target\":[\"https:\\\/\\\/ekistika.com\\\/destek\\\/\"]}]},{\"@type\":\"ImageObject\",\"inLanguage\":\"en-US\",\"@id\":\"https:\\\/\\\/ekistika.com\\\/destek\\\/#primaryimage\",\"url\":\"https:\\\/\\\/ekistika.com\\\/wp-content\\\/uploads\\\/2022\\\/02\\\/qtq80-A31EtE.jpeg\",\"contentUrl\":\"https:\\\/\\\/ekistika.com\\\/wp-content\\\/uploads\\\/2022\\\/02\\\/qtq80-A31EtE.jpeg\"},{\"@type\":\"BreadcrumbList\",\"@id\":\"https:\\\/\\\/ekistika.com\\\/destek\\\/#breadcrumb\",\"itemListElement\":[{\"@type\":\"ListItem\",\"position\":1,\"name\":\"Anasayfa\",\"item\":\"https:\\\/\\\/ekistika.com\\\/\"},{\"@type\":\"ListItem\",\"position\":2,\"name\":\"Destek\"}]},{\"@type\":\"WebSite\",\"@id\":\"https:\\\/\\\/ekistika.com\\\/#website\",\"url\":\"https:\\\/\\\/ekistika.com\\\/\",\"name\":\"Ekistika\",\"description\":\"\",\"publisher\":{\"@id\":\"https:\\\/\\\/ekistika.com\\\/#organization\"},\"potentialAction\":[{\"@type\":\"SearchAction\",\"target\":{\"@type\":\"EntryPoint\",\"urlTemplate\":\"https:\\\/\\\/ekistika.com\\\/?s={search_term_string}\"},\"query-input\":{\"@type\":\"PropertyValueSpecification\",\"valueRequired\":true,\"valueName\":\"search_term_string\"}}],\"inLanguage\":\"en-US\"},{\"@type\":\"Organization\",\"@id\":\"https:\\\/\\\/ekistika.com\\\/#organization\",\"name\":\"Ekistika\",\"url\":\"https:\\\/\\\/ekistika.com\\\/\",\"logo\":{\"@type\":\"ImageObject\",\"inLanguage\":\"en-US\",\"@id\":\"https:\\\/\\\/ekistika.com\\\/#\\\/schema\\\/logo\\\/image\\\/\",\"url\":\"https:\\\/\\\/ekistika.com\\\/wp-content\\\/uploads\\\/2024\\\/07\\\/cropped-Light-1200pxekistika.png\",\"contentUrl\":\"https:\\\/\\\/ekistika.com\\\/wp-content\\\/uploads\\\/2024\\\/07\\\/cropped-Light-1200pxekistika.png\",\"width\":480,\"height\":480,\"caption\":\"Ekistika\"},\"image\":{\"@id\":\"https:\\\/\\\/ekistika.com\\\/#\\\/schema\\\/logo\\\/image\\\/\"}}]}<\/script>\n<!-- \/ Yoast SEO plugin. -->","yoast_head_json":{"title":"Destek - Ekistika","description":"Bu sayfada bir\u00e7ok Ekistika \u00fcr\u00fcn\u00fc i\u00e7in destek bilgilerine eri\u015febilir, farkl\u0131 konularda yard\u0131m sayfalar\u0131na g\u00f6z atabilirsiniz.","robots":{"index":"index","follow":"follow","max-snippet":"max-snippet:-1","max-image-preview":"max-image-preview:large","max-video-preview":"max-video-preview:-1"},"canonical":"https:\/\/ekistika.com\/en\/destek\/","og_locale":"en_US","og_type":"article","og_title":"Destek - Ekistika","og_description":"Bu sayfada bir\u00e7ok Ekistika \u00fcr\u00fcn\u00fc i\u00e7in destek bilgilerine eri\u015febilir, farkl\u0131 konularda yard\u0131m sayfalar\u0131na g\u00f6z atabilirsiniz.","og_url":"https:\/\/ekistika.com\/en\/destek\/","og_site_name":"Ekistika","article_modified_time":"2024-07-25T22:25:11+00:00","og_image":[{"url":"https:\/\/ekistika.com\/wp-content\/uploads\/2022\/02\/qtq80-A31EtE.jpeg","type":"","width":"","height":""}],"twitter_card":"summary_large_image","twitter_misc":{"Est. reading time":"2 minutes"},"schema":{"@context":"https:\/\/schema.org","@graph":[{"@type":"WebPage","@id":"https:\/\/ekistika.com\/destek\/","url":"https:\/\/ekistika.com\/destek\/","name":"Destek - Ekistika","isPartOf":{"@id":"https:\/\/ekistika.com\/#website"},"primaryImageOfPage":{"@id":"https:\/\/ekistika.com\/destek\/#primaryimage"},"image":{"@id":"https:\/\/ekistika.com\/destek\/#primaryimage"},"thumbnailUrl":"https:\/\/ekistika.com\/wp-content\/uploads\/2022\/02\/qtq80-A31EtE.jpeg","datePublished":"2022-02-04T17:18:25+00:00","dateModified":"2024-07-25T22:25:11+00:00","description":"Bu sayfada bir\u00e7ok Ekistika \u00fcr\u00fcn\u00fc i\u00e7in destek bilgilerine eri\u015febilir, farkl\u0131 konularda yard\u0131m sayfalar\u0131na g\u00f6z atabilirsiniz.","breadcrumb":{"@id":"https:\/\/ekistika.com\/destek\/#breadcrumb"},"inLanguage":"en-US","potentialAction":[{"@type":"ReadAction","target":["https:\/\/ekistika.com\/destek\/"]}]},{"@type":"ImageObject","inLanguage":"en-US","@id":"https:\/\/ekistika.com\/destek\/#primaryimage","url":"https:\/\/ekistika.com\/wp-content\/uploads\/2022\/02\/qtq80-A31EtE.jpeg","contentUrl":"https:\/\/ekistika.com\/wp-content\/uploads\/2022\/02\/qtq80-A31EtE.jpeg"},{"@type":"BreadcrumbList","@id":"https:\/\/ekistika.com\/destek\/#breadcrumb","itemListElement":[{"@type":"ListItem","position":1,"name":"Anasayfa","item":"https:\/\/ekistika.com\/"},{"@type":"ListItem","position":2,"name":"Destek"}]},{"@type":"WebSite","@id":"https:\/\/ekistika.com\/#website","url":"https:\/\/ekistika.com\/","name":"Ekistika","description":"","publisher":{"@id":"https:\/\/ekistika.com\/#organization"},"potentialAction":[{"@type":"SearchAction","target":{"@type":"EntryPoint","urlTemplate":"https:\/\/ekistika.com\/?s={search_term_string}"},"query-input":{"@type":"PropertyValueSpecification","valueRequired":true,"valueName":"search_term_string"}}],"inLanguage":"en-US"},{"@type":"Organization","@id":"https:\/\/ekistika.com\/#organization","name":"Ekistika","url":"https:\/\/ekistika.com\/","logo":{"@type":"ImageObject","inLanguage":"en-US","@id":"https:\/\/ekistika.com\/#\/schema\/logo\/image\/","url":"https:\/\/ekistika.com\/wp-content\/uploads\/2024\/07\/cropped-Light-1200pxekistika.png","contentUrl":"https:\/\/ekistika.com\/wp-content\/uploads\/2024\/07\/cropped-Light-1200pxekistika.png","width":480,"height":480,"caption":"Ekistika"},"image":{"@id":"https:\/\/ekistika.com\/#\/schema\/logo\/image\/"}}]}},"_links":{"self":[{"href":"https:\/\/ekistika.com\/en\/wp-json\/wp\/v2\/pages\/168","targetHints":{"allow":["GET"]}}],"collection":[{"href":"https:\/\/ekistika.com\/en\/wp-json\/wp\/v2\/pages"}],"about":[{"href":"https:\/\/ekistika.com\/en\/wp-json\/wp\/v2\/types\/page"}],"author":[{"embeddable":true,"href":"https:\/\/ekistika.com\/en\/wp-json\/wp\/v2\/users\/1"}],"replies":[{"embeddable":true,"href":"https:\/\/ekistika.com\/en\/wp-json\/wp\/v2\/comments?post=168"}],"version-history":[{"count":39,"href":"https:\/\/ekistika.com\/en\/wp-json\/wp\/v2\/pages\/168\/revisions"}],"predecessor-version":[{"id":1307,"href":"https:\/\/ekistika.com\/en\/wp-json\/wp\/v2\/pages\/168\/revisions\/1307"}],"wp:attachment":[{"href":"https:\/\/ekistika.com\/en\/wp-json\/wp\/v2\/media?parent=168"}],"curies":[{"name":"wp","href":"https:\/\/api.w.org\/{rel}","templated":true}]}}