{"id":19,"date":"2022-01-25T12:56:32","date_gmt":"2022-01-25T12:56:32","guid":{"rendered":"https:\/\/ekistika.com\/projeler\/"},"modified":"2024-12-27T10:21:08","modified_gmt":"2024-12-27T10:21:08","slug":"referanslar","status":"publish","type":"page","link":"https:\/\/ekistika.com\/en\/referanslar\/","title":{"rendered":"References"},"content":{"rendered":"<div class=\"wp-block-cover alignfull\" style=\"min-height:307px;aspect-ratio:unset;\"><span aria-hidden=\"true\" class=\"wp-block-cover__background has-background-dim\"><\/span><img loading=\"lazy\" decoding=\"async\" width=\"720\" height=\"480\" class=\"wp-block-cover__image-background wp-image-127\" alt=\"referanslar\" src=\"https:\/\/ekistika.com\/wp-content\/uploads\/2022\/01\/qtq80-Z0qXve.jpeg\" data-object-fit=\"cover\" srcset=\"https:\/\/ekistika.com\/wp-content\/uploads\/2022\/01\/qtq80-Z0qXve.jpeg 720w, https:\/\/ekistika.com\/wp-content\/uploads\/2022\/01\/qtq80-Z0qXve-300x200.jpeg 300w, https:\/\/ekistika.com\/wp-content\/uploads\/2022\/01\/qtq80-Z0qXve-1024x683.jpeg 1024w, https:\/\/ekistika.com\/wp-content\/uploads\/2022\/01\/qtq80-Z0qXve-768x512.jpeg 768w, https:\/\/ekistika.com\/wp-content\/uploads\/2022\/01\/qtq80-Z0qXve-1536x1024.jpeg 1536w, https:\/\/ekistika.com\/wp-content\/uploads\/2022\/01\/qtq80-Z0qXve-2048x1365.jpeg 2048w\" sizes=\"auto, (max-width: 720px) 100vw, 720px\" \/><div class=\"wp-block-cover__inner-container is-layout-flow wp-block-cover-is-layout-flow\">\n<h2 class=\"wp-block-heading has-text-align-center has-quaternary-color has-text-color\" id=\"beraber-calistigimiz-veya-is-yaptigimiz-sirketlere-goz-atin\">Beraber \u00e7al\u0131\u015ft\u0131\u011f\u0131m\u0131z veya i\u015f yapt\u0131\u011f\u0131m\u0131z \u015firketlere g\u00f6z at\u0131n.<\/h2>\n<\/div><\/div>\n\n\n\n<div style=\"height:10px\" aria-hidden=\"true\" class=\"wp-block-spacer\"><\/div>\n\n\n\n<p class=\"has-text-align-center\">G\u00fcn ge\u00e7tik\u00e7e geni\u015fleyen referanslar listemiz \u00e7e\u015fitli yaz\u0131l\u0131m \u015firketleri ve \u015firket gruplar\u0131ndan olu\u015fuyor.<\/p>\n\n\n\n<div style=\"height:20px\" aria-hidden=\"true\" class=\"wp-block-spacer\"><\/div>\n\n\n\n<div class=\"wp-block-media-text is-stacked-on-mobile\" style=\"grid-template-columns:52% auto\"><figure class=\"wp-block-media-text__media\"><img loading=\"lazy\" decoding=\"async\" width=\"838\" height=\"1024\" src=\"https:\/\/ekistika.com\/wp-content\/uploads\/2024\/12\/hkmo-logo-sm-1-838x1024.avif\" alt=\"\" class=\"wp-image-1505 size-full\" srcset=\"https:\/\/ekistika.com\/wp-content\/uploads\/2024\/12\/hkmo-logo-sm-1-838x1024.avif 838w, https:\/\/ekistika.com\/wp-content\/uploads\/2024\/12\/hkmo-logo-sm-1-246x300.avif 246w, https:\/\/ekistika.com\/wp-content\/uploads\/2024\/12\/hkmo-logo-sm-1-768x938.avif 768w, https:\/\/ekistika.com\/wp-content\/uploads\/2024\/12\/hkmo-logo-sm-1-10x12.avif 10w, https:\/\/ekistika.com\/wp-content\/uploads\/2024\/12\/hkmo-logo-sm-1.avif 847w\" sizes=\"auto, (max-width: 838px) 100vw, 838px\" \/><\/figure><div class=\"wp-block-media-text__content\">\n<p class=\"has-primary-color has-text-color\" style=\"font-size:24px\"><a href=\"https:\/\/hkmo.org.tr\/\" target=\"_blank\" rel=\"noreferrer noopener\">TMMOB Harita ve Kadastro M\u00fchendisleri Odas\u0131<\/a><\/p>\n<\/div><\/div>\n\n\n\n<div style=\"height:20px\" aria-hidden=\"true\" class=\"wp-block-spacer\"><\/div>\n\n\n\n<div class=\"wp-block-media-text is-stacked-on-mobile is-vertically-aligned-center\" style=\"grid-template-columns:52% auto\"><figure class=\"wp-block-media-text__media\"><img loading=\"lazy\" decoding=\"async\" width=\"1024\" height=\"648\" src=\"https:\/\/ekistika.com\/wp-content\/uploads\/2022\/05\/Ekran-Resmi-2022-05-10-12.06.27-1024x648.png\" alt=\"\" class=\"wp-image-434 size-full\" srcset=\"https:\/\/ekistika.com\/wp-content\/uploads\/2022\/05\/Ekran-Resmi-2022-05-10-12.06.27-1024x648.png 1024w, https:\/\/ekistika.com\/wp-content\/uploads\/2022\/05\/Ekran-Resmi-2022-05-10-12.06.27-300x190.png 300w, https:\/\/ekistika.com\/wp-content\/uploads\/2022\/05\/Ekran-Resmi-2022-05-10-12.06.27-768x486.png 768w, https:\/\/ekistika.com\/wp-content\/uploads\/2022\/05\/Ekran-Resmi-2022-05-10-12.06.27.png 1138w\" sizes=\"auto, (max-width: 1024px) 100vw, 1024px\" \/><\/figure><div class=\"wp-block-media-text__content\">\n<p class=\"has-primary-color has-text-color has-huge-font-size\" style=\"font-size:24px\"><mark style=\"background-color:rgba(0, 0, 0, 0)\" class=\"has-inline-color has-primary-color\"><a href=\"http:\/\/kutlubey.com.tr\" target=\"_blank\" rel=\"noreferrer noopener nofollow\">Kutlubey Harita<\/a><\/mark><\/p>\n<\/div><\/div>\n\n\n\n<div style=\"height:20px\" aria-hidden=\"true\" class=\"wp-block-spacer\"><\/div>\n\n\n\n<div class=\"wp-block-media-text is-stacked-on-mobile\" style=\"grid-template-columns:52% auto\"><figure class=\"wp-block-media-text__media\"><img loading=\"lazy\" decoding=\"async\" width=\"720\" height=\"437\" src=\"https:\/\/ekistika.com\/wp-content\/uploads\/2023\/02\/Ekran-Resmi-2023-02-11-22.02.50.png\" alt=\"\" class=\"wp-image-856 size-full\" srcset=\"https:\/\/ekistika.com\/wp-content\/uploads\/2023\/02\/Ekran-Resmi-2023-02-11-22.02.50.png 720w, https:\/\/ekistika.com\/wp-content\/uploads\/2023\/02\/Ekran-Resmi-2023-02-11-22.02.50-300x182.png 300w, https:\/\/ekistika.com\/wp-content\/uploads\/2023\/02\/Ekran-Resmi-2023-02-11-22.02.50-18x12.png 18w\" sizes=\"auto, (max-width: 720px) 100vw, 720px\" \/><\/figure><div class=\"wp-block-media-text__content\">\n<p class=\"has-primary-color has-text-color\" style=\"font-size:24px\"><a href=\"http:\/\/mescioglu.com.tr\" target=\"_blank\" rel=\"noreferrer noopener nofollow\">Mescio\u011flu<\/a><\/p>\n<\/div><\/div>\n\n\n\n<div style=\"height:20px\" aria-hidden=\"true\" class=\"wp-block-spacer\"><\/div>\n\n\n\n<div class=\"wp-block-media-text is-stacked-on-mobile\" style=\"grid-template-columns:52% auto\"><figure class=\"wp-block-media-text__media\"><img loading=\"lazy\" decoding=\"async\" width=\"1024\" height=\"531\" src=\"https:\/\/ekistika.com\/wp-content\/uploads\/2022\/05\/Ekran-Resmi-2022-05-10-12.12.02-1024x531.jpg\" alt=\"\" class=\"wp-image-436 size-full\" srcset=\"https:\/\/ekistika.com\/wp-content\/uploads\/2022\/05\/Ekran-Resmi-2022-05-10-12.12.02-1024x531.jpg 1024w, https:\/\/ekistika.com\/wp-content\/uploads\/2022\/05\/Ekran-Resmi-2022-05-10-12.12.02-300x155.jpg 300w, https:\/\/ekistika.com\/wp-content\/uploads\/2022\/05\/Ekran-Resmi-2022-05-10-12.12.02-768x398.jpg 768w, https:\/\/ekistika.com\/wp-content\/uploads\/2022\/05\/Ekran-Resmi-2022-05-10-12.12.02.jpg 720w\" sizes=\"auto, (max-width: 1024px) 100vw, 1024px\" \/><\/figure><div class=\"wp-block-media-text__content\">\n<p class=\"has-primary-color has-text-color\" style=\"font-size:24px\"><a href=\"http:\/\/geogis.com.tr\" target=\"_blank\" rel=\"noreferrer noopener nofollow\">GEOGIS<\/a><\/p>\n<\/div><\/div>\n\n\n\n<div style=\"height:20px\" aria-hidden=\"true\" class=\"wp-block-spacer\"><\/div>\n\n\n\n<div class=\"wp-block-media-text is-stacked-on-mobile\" style=\"grid-template-columns:52% auto\"><figure class=\"wp-block-media-text__media\"><img loading=\"lazy\" decoding=\"async\" width=\"288\" height=\"150\" src=\"https:\/\/ekistika.com\/wp-content\/uploads\/2022\/02\/birlik-harita-adres-telefon.png\" alt=\"\" class=\"wp-image-208 size-full\"\/><\/figure><div class=\"wp-block-media-text__content\">\n<p class=\"has-primary-color has-text-color\" style=\"font-size:24px\"><a href=\"http:\/\/birlikharita.com.tr\" target=\"_blank\" rel=\"noreferrer noopener nofollow\">Birlik Harita<\/a><\/p>\n<\/div><\/div>","protected":false},"excerpt":{"rendered":"<p>G\u00fcn ge\u00e7tik\u00e7e geni\u015fleyen referanslar listemiz \u00e7e\u015fitli yaz\u0131l\u0131m \u015firketleri ve \u015firket gruplar\u0131ndan olu\u015fuyor. TMMOB Harita ve Kadastro M\u00fchendisleri Odas\u0131 Kutlubey Harita Mescio\u011flu GEOGIS Birlik Harita<\/p>","protected":false},"author":1,"featured_media":0,"parent":0,"menu_order":0,"comment_status":"closed","ping_status":"closed","template":"","meta":{"_coblocks_attr":"Helvetica","_coblocks_dimensions":"","_coblocks_responsive_height":"","_coblocks_accordion_ie_support":"","hide_page_title":"","footnotes":""},"class_list":["post-19","page","type-page","status-publish","hentry"],"yoast_head":"<!-- This site is optimized with the Yoast SEO plugin v27.5 - https:\/\/yoast.com\/product\/yoast-seo-wordpress\/ -->\n<title>Referanslar - Ekistika<\/title>\n<meta name=\"description\" content=\"Ekistika olarak beraber \u00e7al\u0131\u015ft\u0131\u011f\u0131m\u0131z veya i\u015f yapt\u0131\u011f\u0131m\u0131z \u015firketleri ke\u015ffetmek i\u00e7in referanslar listesine g\u00f6z at\u0131n.\" \/>\n<meta name=\"robots\" content=\"index, follow, max-snippet:-1, max-image-preview:large, max-video-preview:-1\" \/>\n<link rel=\"canonical\" href=\"https:\/\/ekistika.com\/en\/referanslar\/\" \/>\n<meta property=\"og:locale\" content=\"en_US\" \/>\n<meta property=\"og:type\" content=\"article\" \/>\n<meta property=\"og:title\" content=\"Referanslar - Ekistika\" \/>\n<meta property=\"og:description\" content=\"Ekistika olarak beraber \u00e7al\u0131\u015ft\u0131\u011f\u0131m\u0131z veya i\u015f yapt\u0131\u011f\u0131m\u0131z \u015firketleri ke\u015ffetmek i\u00e7in referanslar listesine g\u00f6z at\u0131n.\" \/>\n<meta property=\"og:url\" content=\"https:\/\/ekistika.com\/en\/referanslar\/\" \/>\n<meta property=\"og:site_name\" content=\"Ekistika\" \/>\n<meta property=\"article:modified_time\" content=\"2024-12-27T10:21:08+00:00\" \/>\n<meta property=\"og:image\" content=\"https:\/\/ekistika.com\/wp-content\/uploads\/2022\/01\/qtq80-Z0qXve.jpeg\" \/>\n\t<meta property=\"og:image:width\" content=\"720\" \/>\n\t<meta property=\"og:image:height\" content=\"480\" \/>\n\t<meta property=\"og:image:type\" content=\"image\/jpeg\" \/>\n<meta name=\"twitter:card\" content=\"summary_large_image\" \/>\n<meta name=\"twitter:label1\" content=\"Est. reading time\" \/>\n\t<meta name=\"twitter:data1\" content=\"2 minutes\" \/>\n<script type=\"application\/ld+json\" class=\"yoast-schema-graph\">{\"@context\":\"https:\\\/\\\/schema.org\",\"@graph\":[{\"@type\":\"WebPage\",\"@id\":\"https:\\\/\\\/ekistika.com\\\/referanslar\\\/\",\"url\":\"https:\\\/\\\/ekistika.com\\\/referanslar\\\/\",\"name\":\"Referanslar - Ekistika\",\"isPartOf\":{\"@id\":\"https:\\\/\\\/ekistika.com\\\/#website\"},\"primaryImageOfPage\":{\"@id\":\"https:\\\/\\\/ekistika.com\\\/referanslar\\\/#primaryimage\"},\"image\":{\"@id\":\"https:\\\/\\\/ekistika.com\\\/referanslar\\\/#primaryimage\"},\"thumbnailUrl\":\"https:\\\/\\\/ekistika.com\\\/wp-content\\\/uploads\\\/2022\\\/01\\\/qtq80-Z0qXve.jpeg\",\"datePublished\":\"2022-01-25T12:56:32+00:00\",\"dateModified\":\"2024-12-27T10:21:08+00:00\",\"description\":\"Ekistika olarak beraber \u00e7al\u0131\u015ft\u0131\u011f\u0131m\u0131z veya i\u015f yapt\u0131\u011f\u0131m\u0131z \u015firketleri ke\u015ffetmek i\u00e7in referanslar listesine g\u00f6z at\u0131n.\",\"breadcrumb\":{\"@id\":\"https:\\\/\\\/ekistika.com\\\/referanslar\\\/#breadcrumb\"},\"inLanguage\":\"en-US\",\"potentialAction\":[{\"@type\":\"ReadAction\",\"target\":[\"https:\\\/\\\/ekistika.com\\\/referanslar\\\/\"]}]},{\"@type\":\"ImageObject\",\"inLanguage\":\"en-US\",\"@id\":\"https:\\\/\\\/ekistika.com\\\/referanslar\\\/#primaryimage\",\"url\":\"https:\\\/\\\/ekistika.com\\\/wp-content\\\/uploads\\\/2022\\\/01\\\/qtq80-Z0qXve.jpeg\",\"contentUrl\":\"https:\\\/\\\/ekistika.com\\\/wp-content\\\/uploads\\\/2022\\\/01\\\/qtq80-Z0qXve.jpeg\"},{\"@type\":\"BreadcrumbList\",\"@id\":\"https:\\\/\\\/ekistika.com\\\/referanslar\\\/#breadcrumb\",\"itemListElement\":[{\"@type\":\"ListItem\",\"position\":1,\"name\":\"Anasayfa\",\"item\":\"https:\\\/\\\/ekistika.com\\\/\"},{\"@type\":\"ListItem\",\"position\":2,\"name\":\"Referanslar\"}]},{\"@type\":\"WebSite\",\"@id\":\"https:\\\/\\\/ekistika.com\\\/#website\",\"url\":\"https:\\\/\\\/ekistika.com\\\/\",\"name\":\"Ekistika\",\"description\":\"\",\"publisher\":{\"@id\":\"https:\\\/\\\/ekistika.com\\\/#organization\"},\"potentialAction\":[{\"@type\":\"SearchAction\",\"target\":{\"@type\":\"EntryPoint\",\"urlTemplate\":\"https:\\\/\\\/ekistika.com\\\/?s={search_term_string}\"},\"query-input\":{\"@type\":\"PropertyValueSpecification\",\"valueRequired\":true,\"valueName\":\"search_term_string\"}}],\"inLanguage\":\"en-US\"},{\"@type\":\"Organization\",\"@id\":\"https:\\\/\\\/ekistika.com\\\/#organization\",\"name\":\"Ekistika\",\"url\":\"https:\\\/\\\/ekistika.com\\\/\",\"logo\":{\"@type\":\"ImageObject\",\"inLanguage\":\"en-US\",\"@id\":\"https:\\\/\\\/ekistika.com\\\/#\\\/schema\\\/logo\\\/image\\\/\",\"url\":\"https:\\\/\\\/ekistika.com\\\/wp-content\\\/uploads\\\/2024\\\/07\\\/cropped-Light-1200pxekistika.png\",\"contentUrl\":\"https:\\\/\\\/ekistika.com\\\/wp-content\\\/uploads\\\/2024\\\/07\\\/cropped-Light-1200pxekistika.png\",\"width\":480,\"height\":480,\"caption\":\"Ekistika\"},\"image\":{\"@id\":\"https:\\\/\\\/ekistika.com\\\/#\\\/schema\\\/logo\\\/image\\\/\"}}]}<\/script>\n<!-- \/ Yoast SEO plugin. -->","yoast_head_json":{"title":"Referanslar - Ekistika","description":"Ekistika olarak beraber \u00e7al\u0131\u015ft\u0131\u011f\u0131m\u0131z veya i\u015f yapt\u0131\u011f\u0131m\u0131z \u015firketleri ke\u015ffetmek i\u00e7in referanslar listesine g\u00f6z at\u0131n.","robots":{"index":"index","follow":"follow","max-snippet":"max-snippet:-1","max-image-preview":"max-image-preview:large","max-video-preview":"max-video-preview:-1"},"canonical":"https:\/\/ekistika.com\/en\/referanslar\/","og_locale":"en_US","og_type":"article","og_title":"Referanslar - Ekistika","og_description":"Ekistika olarak beraber \u00e7al\u0131\u015ft\u0131\u011f\u0131m\u0131z veya i\u015f yapt\u0131\u011f\u0131m\u0131z \u015firketleri ke\u015ffetmek i\u00e7in referanslar listesine g\u00f6z at\u0131n.","og_url":"https:\/\/ekistika.com\/en\/referanslar\/","og_site_name":"Ekistika","article_modified_time":"2024-12-27T10:21:08+00:00","og_image":[{"width":720,"height":480,"url":"https:\/\/ekistika.com\/wp-content\/uploads\/2022\/01\/qtq80-Z0qXve.jpeg","type":"image\/jpeg"}],"twitter_card":"summary_large_image","twitter_misc":{"Est. reading time":"2 minutes"},"schema":{"@context":"https:\/\/schema.org","@graph":[{"@type":"WebPage","@id":"https:\/\/ekistika.com\/referanslar\/","url":"https:\/\/ekistika.com\/referanslar\/","name":"Referanslar - Ekistika","isPartOf":{"@id":"https:\/\/ekistika.com\/#website"},"primaryImageOfPage":{"@id":"https:\/\/ekistika.com\/referanslar\/#primaryimage"},"image":{"@id":"https:\/\/ekistika.com\/referanslar\/#primaryimage"},"thumbnailUrl":"https:\/\/ekistika.com\/wp-content\/uploads\/2022\/01\/qtq80-Z0qXve.jpeg","datePublished":"2022-01-25T12:56:32+00:00","dateModified":"2024-12-27T10:21:08+00:00","description":"Ekistika olarak beraber \u00e7al\u0131\u015ft\u0131\u011f\u0131m\u0131z veya i\u015f yapt\u0131\u011f\u0131m\u0131z \u015firketleri ke\u015ffetmek i\u00e7in referanslar listesine g\u00f6z at\u0131n.","breadcrumb":{"@id":"https:\/\/ekistika.com\/referanslar\/#breadcrumb"},"inLanguage":"en-US","potentialAction":[{"@type":"ReadAction","target":["https:\/\/ekistika.com\/referanslar\/"]}]},{"@type":"ImageObject","inLanguage":"en-US","@id":"https:\/\/ekistika.com\/referanslar\/#primaryimage","url":"https:\/\/ekistika.com\/wp-content\/uploads\/2022\/01\/qtq80-Z0qXve.jpeg","contentUrl":"https:\/\/ekistika.com\/wp-content\/uploads\/2022\/01\/qtq80-Z0qXve.jpeg"},{"@type":"BreadcrumbList","@id":"https:\/\/ekistika.com\/referanslar\/#breadcrumb","itemListElement":[{"@type":"ListItem","position":1,"name":"Anasayfa","item":"https:\/\/ekistika.com\/"},{"@type":"ListItem","position":2,"name":"Referanslar"}]},{"@type":"WebSite","@id":"https:\/\/ekistika.com\/#website","url":"https:\/\/ekistika.com\/","name":"Ekistika","description":"","publisher":{"@id":"https:\/\/ekistika.com\/#organization"},"potentialAction":[{"@type":"SearchAction","target":{"@type":"EntryPoint","urlTemplate":"https:\/\/ekistika.com\/?s={search_term_string}"},"query-input":{"@type":"PropertyValueSpecification","valueRequired":true,"valueName":"search_term_string"}}],"inLanguage":"en-US"},{"@type":"Organization","@id":"https:\/\/ekistika.com\/#organization","name":"Ekistika","url":"https:\/\/ekistika.com\/","logo":{"@type":"ImageObject","inLanguage":"en-US","@id":"https:\/\/ekistika.com\/#\/schema\/logo\/image\/","url":"https:\/\/ekistika.com\/wp-content\/uploads\/2024\/07\/cropped-Light-1200pxekistika.png","contentUrl":"https:\/\/ekistika.com\/wp-content\/uploads\/2024\/07\/cropped-Light-1200pxekistika.png","width":480,"height":480,"caption":"Ekistika"},"image":{"@id":"https:\/\/ekistika.com\/#\/schema\/logo\/image\/"}}]}},"_links":{"self":[{"href":"https:\/\/ekistika.com\/en\/wp-json\/wp\/v2\/pages\/19","targetHints":{"allow":["GET"]}}],"collection":[{"href":"https:\/\/ekistika.com\/en\/wp-json\/wp\/v2\/pages"}],"about":[{"href":"https:\/\/ekistika.com\/en\/wp-json\/wp\/v2\/types\/page"}],"author":[{"embeddable":true,"href":"https:\/\/ekistika.com\/en\/wp-json\/wp\/v2\/users\/1"}],"replies":[{"embeddable":true,"href":"https:\/\/ekistika.com\/en\/wp-json\/wp\/v2\/comments?post=19"}],"version-history":[{"count":43,"href":"https:\/\/ekistika.com\/en\/wp-json\/wp\/v2\/pages\/19\/revisions"}],"predecessor-version":[{"id":1507,"href":"https:\/\/ekistika.com\/en\/wp-json\/wp\/v2\/pages\/19\/revisions\/1507"}],"wp:attachment":[{"href":"https:\/\/ekistika.com\/en\/wp-json\/wp\/v2\/media?parent=19"}],"curies":[{"name":"wp","href":"https:\/\/api.w.org\/{rel}","templated":true}]}}