{"id":21,"date":"2022-01-25T12:56:32","date_gmt":"2022-01-25T12:56:32","guid":{"rendered":"https:\/\/ekistika.com\/irtibat\/"},"modified":"2024-07-25T22:26:55","modified_gmt":"2024-07-25T22:26:55","slug":"iletisim","status":"publish","type":"page","link":"https:\/\/ekistika.com\/en\/iletisim\/","title":{"rendered":"Contact"},"content":{"rendered":"<div class=\"wp-block-cover alignfull is-light\" style=\"min-height:307px;aspect-ratio:unset;\"><span aria-hidden=\"true\" class=\"wp-block-cover__background has-background-dim\"><\/span><img loading=\"lazy\" decoding=\"async\" width=\"424\" height=\"480\" class=\"wp-block-cover__image-background wp-image-8\" alt=\"iletisim\" src=\"https:\/\/ekistika.com\/wp-content\/uploads\/2022\/01\/image-5.jpg\" data-object-fit=\"cover\" srcset=\"https:\/\/ekistika.com\/wp-content\/uploads\/2022\/01\/image-5.jpg 424w, https:\/\/ekistika.com\/wp-content\/uploads\/2022\/01\/image-5-265x300.jpg 265w, https:\/\/ekistika.com\/wp-content\/uploads\/2022\/01\/image-5-768x869.jpg 768w\" sizes=\"auto, (max-width: 424px) 100vw, 424px\" \/><div class=\"wp-block-cover__inner-container is-layout-flow wp-block-cover-is-layout-flow\">\n<h2 class=\"wp-block-heading has-text-align-center has-quaternary-color has-text-color\" id=\"bizimle-her-zaman-iletisime-gecebilirsiniz\">Bizimle her zaman ileti\u015fime ge\u00e7ebilirsiniz.<\/h2>\n<\/div><\/div>\n\n\n\n<div style=\"height:10px\" aria-hidden=\"true\" class=\"wp-block-spacer\"><\/div>\n\n\n\n<p class=\"has-text-align-center\" style=\"font-size:17px\">Ekistika i\u00e7in ileti\u015fim bilgilerine bu sayfadan ula\u015fabilirsiniz. Adresimize, telefon numaralar\u0131m\u0131za ve ileti\u015fim e-postam\u0131za g\u00f6z at\u0131n veya LinkedIn profilimizi ke\u015ffedin.<\/p>\n\n\n\n<p><\/p>\n\n\n\n<p class=\"has-text-align-center\" style=\"font-size:17px\">Bizimle ilgili daha fazla bilgi edinmek i\u00e7in <a href=\"https:\/\/ekistika.com\/en\/hakkimizda\/\">About Us<\/a> sayfas\u0131n\u0131 ziyaret edebilirsiniz.<\/p>\n\n\n\n<div style=\"height:10px\" aria-hidden=\"true\" class=\"wp-block-spacer\"><\/div>\n\n\n\n<div style=\"height:10px\" aria-hidden=\"true\" class=\"wp-block-spacer\"><\/div>\n\n\n\n<h3 class=\"wp-block-heading has-text-align-center\" id=\"adres\">Adres<\/h3>\n\n\n\n<p class=\"has-text-align-center\" style=\"font-size:17px\">A\u015fa\u011f\u0131 \u00d6ve\u00e7ler Mh. 1322. Cd. 48\/3A Ankara\/T\u00fcrkiye<\/p>\n\n\n\n<div style=\"height:10px\" aria-hidden=\"true\" class=\"wp-block-spacer\"><\/div>\n\n\n\n<div style=\"min-height:400px\" data-map-attr=\"\/qaddress\/q:\/q1322. Cadde 48\/3A \u00c7ankaya Ankara\/q||\/qlat\/q:\/qundefined\/q||\/qlng\/q:\/qundefined\/q||\/qskin\/q:\/qstandard\/q||\/qzoom\/q:\/q12\/q||\/qiconSize\/q:\/q36\/q||\/qmapTypeControl\/q:\/qtrue\/q||\/qzoomControl\/q:\/qtrue\/q||\/qstreetViewControl\/q:\/qtrue\/q||\/qfullscreenControl\/q:\/qtrue\/q\" class=\"wp-block-coblocks-map\"><iframe title=\"Google Map\" frameborder=\"0\" style=\"width:100%;min-height:400px\" src=\"https:\/\/www.google.com\/maps?q=1322.%20Cadde%2048%2F3A%20%C3%87ankaya%20Ankara&amp;output=embed&amp;hl=tr&amp;z=12\"><\/iframe><\/div>\n\n\n\n<p><\/p>\n\n\n\n<h3 class=\"wp-block-heading has-text-align-center\" id=\"telefon\">Telefon<\/h3>\n\n\n\n<p class=\"has-text-align-center\" style=\"font-size:17px\">+90 532 6828896<\/p>\n\n\n\n<p><\/p>\n\n\n\n<h3 class=\"wp-block-heading has-text-align-center\" id=\"e-posta\">E-Posta<\/h3>\n\n\n\n<p class=\"has-text-align-center\" style=\"font-size:17px\">info@ekistika.com<\/p>\n\n\n\n<p><\/p>\n\n\n\n<h3 class=\"wp-block-heading has-text-align-center\" id=\"linkedin\">LinkedIn Profili<\/h3>\n\n\n\n<p class=\"has-text-align-center\" style=\"font-size:17px\"><a href=\"http:\/\/linkedin.com\/company\/ekistika\" data-type=\"URL\" data-id=\"linkedin.com\/company\/ekistika\">linkedin.com\/company\/ekistika<\/a><\/p>","protected":false},"excerpt":{"rendered":"<p>Ekistika i\u00e7in ileti\u015fim bilgilerine bu sayfadan ula\u015fabilirsiniz. Adresimize, telefon numaralar\u0131m\u0131za ve ileti\u015fim e-postam\u0131za g\u00f6z at\u0131n veya LinkedIn profilimizi ke\u015ffedin. Bizimle ilgili daha fazla bilgi edinmek i\u00e7in Hakk\u0131m\u0131zda sayfas\u0131n\u0131 ziyaret edebilirsiniz. Adres A\u015fa\u011f\u0131 \u00d6ve\u00e7ler Mh. 1322. Cd. 48\/3A Ankara\/T\u00fcrkiye Telefon +90 532 6828896 E-Posta info@ekistika.com LinkedIn Profili linkedin.com\/company\/ekistika<\/p>","protected":false},"author":1,"featured_media":0,"parent":0,"menu_order":0,"comment_status":"closed","ping_status":"closed","template":"","meta":{"_coblocks_attr":"","_coblocks_dimensions":"","_coblocks_responsive_height":"","_coblocks_accordion_ie_support":"","hide_page_title":"","footnotes":""},"class_list":["post-21","page","type-page","status-publish","hentry"],"yoast_head":"<!-- This site is optimized with the Yoast SEO plugin v27.5 - https:\/\/yoast.com\/product\/yoast-seo-wordpress\/ -->\n<title>\u0130leti\u015fim - Ekistika<\/title>\n<meta name=\"description\" content=\"Ekistika i\u00e7in ileti\u015fim bilgilerine bu sayfadan ula\u015fabilirsiniz. Adresimize, telefon numaram\u0131za ve ileti\u015fim e-postam\u0131za g\u00f6z at\u0131n.\" \/>\n<meta name=\"robots\" content=\"index, follow, max-snippet:-1, max-image-preview:large, max-video-preview:-1\" \/>\n<link rel=\"canonical\" href=\"https:\/\/ekistika.com\/en\/iletisim\/\" \/>\n<meta property=\"og:locale\" content=\"en_US\" \/>\n<meta property=\"og:type\" content=\"article\" \/>\n<meta property=\"og:title\" content=\"\u0130leti\u015fim - Ekistika\" \/>\n<meta property=\"og:description\" content=\"Ekistika i\u00e7in ileti\u015fim bilgilerine bu sayfadan ula\u015fabilirsiniz. Adresimize, telefon numaram\u0131za ve ileti\u015fim e-postam\u0131za g\u00f6z at\u0131n.\" \/>\n<meta property=\"og:url\" content=\"https:\/\/ekistika.com\/en\/iletisim\/\" \/>\n<meta property=\"og:site_name\" content=\"Ekistika\" \/>\n<meta property=\"article:modified_time\" content=\"2024-07-25T22:26:55+00:00\" \/>\n<meta property=\"og:image\" content=\"https:\/\/ekistika.com\/wp-content\/uploads\/2022\/01\/image-5.jpg\" \/>\n<meta name=\"twitter:card\" content=\"summary_large_image\" \/>\n<meta name=\"twitter:label1\" content=\"Est. reading time\" \/>\n\t<meta name=\"twitter:data1\" content=\"1 minute\" \/>\n<script type=\"application\/ld+json\" class=\"yoast-schema-graph\">{\"@context\":\"https:\\\/\\\/schema.org\",\"@graph\":[{\"@type\":\"WebPage\",\"@id\":\"https:\\\/\\\/ekistika.com\\\/iletisim\\\/\",\"url\":\"https:\\\/\\\/ekistika.com\\\/iletisim\\\/\",\"name\":\"\u0130leti\u015fim - Ekistika\",\"isPartOf\":{\"@id\":\"https:\\\/\\\/ekistika.com\\\/#website\"},\"primaryImageOfPage\":{\"@id\":\"https:\\\/\\\/ekistika.com\\\/iletisim\\\/#primaryimage\"},\"image\":{\"@id\":\"https:\\\/\\\/ekistika.com\\\/iletisim\\\/#primaryimage\"},\"thumbnailUrl\":\"https:\\\/\\\/ekistika.com\\\/wp-content\\\/uploads\\\/2022\\\/01\\\/image-5.jpg\",\"datePublished\":\"2022-01-25T12:56:32+00:00\",\"dateModified\":\"2024-07-25T22:26:55+00:00\",\"description\":\"Ekistika i\u00e7in ileti\u015fim bilgilerine bu sayfadan ula\u015fabilirsiniz. Adresimize, telefon numaram\u0131za ve ileti\u015fim e-postam\u0131za g\u00f6z at\u0131n.\",\"breadcrumb\":{\"@id\":\"https:\\\/\\\/ekistika.com\\\/iletisim\\\/#breadcrumb\"},\"inLanguage\":\"en-US\",\"potentialAction\":[{\"@type\":\"ReadAction\",\"target\":[\"https:\\\/\\\/ekistika.com\\\/iletisim\\\/\"]}]},{\"@type\":\"ImageObject\",\"inLanguage\":\"en-US\",\"@id\":\"https:\\\/\\\/ekistika.com\\\/iletisim\\\/#primaryimage\",\"url\":\"https:\\\/\\\/ekistika.com\\\/wp-content\\\/uploads\\\/2022\\\/01\\\/image-5.jpg\",\"contentUrl\":\"https:\\\/\\\/ekistika.com\\\/wp-content\\\/uploads\\\/2022\\\/01\\\/image-5.jpg\"},{\"@type\":\"BreadcrumbList\",\"@id\":\"https:\\\/\\\/ekistika.com\\\/iletisim\\\/#breadcrumb\",\"itemListElement\":[{\"@type\":\"ListItem\",\"position\":1,\"name\":\"Anasayfa\",\"item\":\"https:\\\/\\\/ekistika.com\\\/\"},{\"@type\":\"ListItem\",\"position\":2,\"name\":\"\u0130leti\u015fim\"}]},{\"@type\":\"WebSite\",\"@id\":\"https:\\\/\\\/ekistika.com\\\/#website\",\"url\":\"https:\\\/\\\/ekistika.com\\\/\",\"name\":\"Ekistika\",\"description\":\"\",\"publisher\":{\"@id\":\"https:\\\/\\\/ekistika.com\\\/#organization\"},\"potentialAction\":[{\"@type\":\"SearchAction\",\"target\":{\"@type\":\"EntryPoint\",\"urlTemplate\":\"https:\\\/\\\/ekistika.com\\\/?s={search_term_string}\"},\"query-input\":{\"@type\":\"PropertyValueSpecification\",\"valueRequired\":true,\"valueName\":\"search_term_string\"}}],\"inLanguage\":\"en-US\"},{\"@type\":\"Organization\",\"@id\":\"https:\\\/\\\/ekistika.com\\\/#organization\",\"name\":\"Ekistika\",\"url\":\"https:\\\/\\\/ekistika.com\\\/\",\"logo\":{\"@type\":\"ImageObject\",\"inLanguage\":\"en-US\",\"@id\":\"https:\\\/\\\/ekistika.com\\\/#\\\/schema\\\/logo\\\/image\\\/\",\"url\":\"https:\\\/\\\/ekistika.com\\\/wp-content\\\/uploads\\\/2024\\\/07\\\/cropped-Light-1200pxekistika.png\",\"contentUrl\":\"https:\\\/\\\/ekistika.com\\\/wp-content\\\/uploads\\\/2024\\\/07\\\/cropped-Light-1200pxekistika.png\",\"width\":480,\"height\":480,\"caption\":\"Ekistika\"},\"image\":{\"@id\":\"https:\\\/\\\/ekistika.com\\\/#\\\/schema\\\/logo\\\/image\\\/\"}}]}<\/script>\n<!-- \/ Yoast SEO plugin. -->","yoast_head_json":{"title":"\u0130leti\u015fim - Ekistika","description":"Ekistika i\u00e7in ileti\u015fim bilgilerine bu sayfadan ula\u015fabilirsiniz. Adresimize, telefon numaram\u0131za ve ileti\u015fim e-postam\u0131za g\u00f6z at\u0131n.","robots":{"index":"index","follow":"follow","max-snippet":"max-snippet:-1","max-image-preview":"max-image-preview:large","max-video-preview":"max-video-preview:-1"},"canonical":"https:\/\/ekistika.com\/en\/iletisim\/","og_locale":"en_US","og_type":"article","og_title":"\u0130leti\u015fim - Ekistika","og_description":"Ekistika i\u00e7in ileti\u015fim bilgilerine bu sayfadan ula\u015fabilirsiniz. Adresimize, telefon numaram\u0131za ve ileti\u015fim e-postam\u0131za g\u00f6z at\u0131n.","og_url":"https:\/\/ekistika.com\/en\/iletisim\/","og_site_name":"Ekistika","article_modified_time":"2024-07-25T22:26:55+00:00","og_image":[{"url":"https:\/\/ekistika.com\/wp-content\/uploads\/2022\/01\/image-5.jpg","type":"","width":"","height":""}],"twitter_card":"summary_large_image","twitter_misc":{"Est. reading time":"1 minute"},"schema":{"@context":"https:\/\/schema.org","@graph":[{"@type":"WebPage","@id":"https:\/\/ekistika.com\/iletisim\/","url":"https:\/\/ekistika.com\/iletisim\/","name":"\u0130leti\u015fim - Ekistika","isPartOf":{"@id":"https:\/\/ekistika.com\/#website"},"primaryImageOfPage":{"@id":"https:\/\/ekistika.com\/iletisim\/#primaryimage"},"image":{"@id":"https:\/\/ekistika.com\/iletisim\/#primaryimage"},"thumbnailUrl":"https:\/\/ekistika.com\/wp-content\/uploads\/2022\/01\/image-5.jpg","datePublished":"2022-01-25T12:56:32+00:00","dateModified":"2024-07-25T22:26:55+00:00","description":"Ekistika i\u00e7in ileti\u015fim bilgilerine bu sayfadan ula\u015fabilirsiniz. Adresimize, telefon numaram\u0131za ve ileti\u015fim e-postam\u0131za g\u00f6z at\u0131n.","breadcrumb":{"@id":"https:\/\/ekistika.com\/iletisim\/#breadcrumb"},"inLanguage":"en-US","potentialAction":[{"@type":"ReadAction","target":["https:\/\/ekistika.com\/iletisim\/"]}]},{"@type":"ImageObject","inLanguage":"en-US","@id":"https:\/\/ekistika.com\/iletisim\/#primaryimage","url":"https:\/\/ekistika.com\/wp-content\/uploads\/2022\/01\/image-5.jpg","contentUrl":"https:\/\/ekistika.com\/wp-content\/uploads\/2022\/01\/image-5.jpg"},{"@type":"BreadcrumbList","@id":"https:\/\/ekistika.com\/iletisim\/#breadcrumb","itemListElement":[{"@type":"ListItem","position":1,"name":"Anasayfa","item":"https:\/\/ekistika.com\/"},{"@type":"ListItem","position":2,"name":"\u0130leti\u015fim"}]},{"@type":"WebSite","@id":"https:\/\/ekistika.com\/#website","url":"https:\/\/ekistika.com\/","name":"Ekistika","description":"","publisher":{"@id":"https:\/\/ekistika.com\/#organization"},"potentialAction":[{"@type":"SearchAction","target":{"@type":"EntryPoint","urlTemplate":"https:\/\/ekistika.com\/?s={search_term_string}"},"query-input":{"@type":"PropertyValueSpecification","valueRequired":true,"valueName":"search_term_string"}}],"inLanguage":"en-US"},{"@type":"Organization","@id":"https:\/\/ekistika.com\/#organization","name":"Ekistika","url":"https:\/\/ekistika.com\/","logo":{"@type":"ImageObject","inLanguage":"en-US","@id":"https:\/\/ekistika.com\/#\/schema\/logo\/image\/","url":"https:\/\/ekistika.com\/wp-content\/uploads\/2024\/07\/cropped-Light-1200pxekistika.png","contentUrl":"https:\/\/ekistika.com\/wp-content\/uploads\/2024\/07\/cropped-Light-1200pxekistika.png","width":480,"height":480,"caption":"Ekistika"},"image":{"@id":"https:\/\/ekistika.com\/#\/schema\/logo\/image\/"}}]}},"_links":{"self":[{"href":"https:\/\/ekistika.com\/en\/wp-json\/wp\/v2\/pages\/21","targetHints":{"allow":["GET"]}}],"collection":[{"href":"https:\/\/ekistika.com\/en\/wp-json\/wp\/v2\/pages"}],"about":[{"href":"https:\/\/ekistika.com\/en\/wp-json\/wp\/v2\/types\/page"}],"author":[{"embeddable":true,"href":"https:\/\/ekistika.com\/en\/wp-json\/wp\/v2\/users\/1"}],"replies":[{"embeddable":true,"href":"https:\/\/ekistika.com\/en\/wp-json\/wp\/v2\/comments?post=21"}],"version-history":[{"count":24,"href":"https:\/\/ekistika.com\/en\/wp-json\/wp\/v2\/pages\/21\/revisions"}],"predecessor-version":[{"id":1278,"href":"https:\/\/ekistika.com\/en\/wp-json\/wp\/v2\/pages\/21\/revisions\/1278"}],"wp:attachment":[{"href":"https:\/\/ekistika.com\/en\/wp-json\/wp\/v2\/media?parent=21"}],"curies":[{"name":"wp","href":"https:\/\/api.w.org\/{rel}","templated":true}]}}