{"id":220,"date":"2022-02-04T23:16:46","date_gmt":"2022-02-04T23:16:46","guid":{"rendered":"https:\/\/ekistika.com\/?page_id=220"},"modified":"2024-07-25T22:26:12","modified_gmt":"2024-07-25T22:26:12","slug":"dgnedit","status":"publish","type":"page","link":"https:\/\/ekistika.com\/en\/destek\/dgnedit\/","title":{"rendered":"DGNEdit Destek"},"content":{"rendered":"<div class=\"wp-block-cover alignfull is-light\" style=\"min-height:307px;aspect-ratio:unset;\"><span aria-hidden=\"true\" class=\"wp-block-cover__background has-background-dim\"><\/span><img loading=\"lazy\" decoding=\"async\" width=\"628\" height=\"480\" class=\"wp-block-cover__image-background wp-image-12\" alt=\"\" src=\"https:\/\/ekistika.com\/wp-content\/uploads\/2022\/01\/image-9.jpg\" data-object-fit=\"cover\" srcset=\"https:\/\/ekistika.com\/wp-content\/uploads\/2022\/01\/image-9.jpg 628w, https:\/\/ekistika.com\/wp-content\/uploads\/2022\/01\/image-9-300x229.jpg 300w, https:\/\/ekistika.com\/wp-content\/uploads\/2022\/01\/image-9-768x587.jpg 768w\" sizes=\"auto, (max-width: 628px) 100vw, 628px\" \/><div class=\"wp-block-cover__inner-container is-layout-flow wp-block-cover-is-layout-flow\">\n<h2 class=\"wp-block-heading has-text-align-center has-quaternary-color has-text-color\" id=\"dgnedit-icin-destek-bilgilerine-buradan-ulasabilirsiniz\">DGNEdit i\u00e7in destek bilgilerine buradan ula\u015fabilirsiniz.<\/h2>\n<\/div><\/div>\n\n\n\n<h4 class=\"wp-block-heading has-text-align-center\" id=\"lutfen-asagidan-destek-almak-istediginiz-konuyu-secin\">L\u00fctfen a\u015fa\u011f\u0131dan destek almak istedi\u011finiz konuyu se\u00e7in.<\/h4>\n\n\n\n<div style=\"height:10px\" aria-hidden=\"true\" class=\"wp-block-spacer\"><\/div>\n\n\n\n<div class=\"wp-block-coblocks-accordion\">\n<div class=\"wp-block-coblocks-accordion-item\"><details><summary class=\"wp-block-coblocks-accordion-item__title\">Genel \u00f6zellikler ile ilgili bilgi<\/summary><div class=\"wp-block-coblocks-accordion-item__content\">\n<p>DGNEdit ile yapabilece\u011finiz t\u00fcm i\u015flemleri g\u00f6rmek i\u00e7in <a href=\"https:\/\/ekistika.com\/wp-content\/uploads\/2022\/02\/DGNEdit-Ozellikler.pdf\" data-type=\"URL\" data-id=\"https:\/\/ekistika.com\/wp-content\/uploads\/2022\/02\/DGNEdit-Ozellikler.pdf\">buradan<\/a> \u00d6zellikler k\u0131lavuzumuzu indirebilirsiniz. <\/p>\n<\/div><\/details><\/div>\n\n\n\n<div class=\"wp-block-coblocks-accordion-item\"><details><summary class=\"wp-block-coblocks-accordion-item__title\">S\u0131k\u00e7a kar\u015f\u0131la\u015f\u0131lan sorunlar ve \u00e7\u00f6z\u00fcmleri<\/summary><div class=\"wp-block-coblocks-accordion-item__content\">\n<p>S\u0131k\u00e7a sorulan sorular sayfas\u0131 yak\u0131nda eklenecek.<\/p>\n<\/div><\/details><\/div>\n\n\n\n<div class=\"wp-block-coblocks-accordion-item\"><details><summary class=\"wp-block-coblocks-accordion-item__title\">Ba\u015fka bir sorun\/Yukar\u0131dakiler i\u015fe yaramad\u0131<\/summary><div class=\"wp-block-coblocks-accordion-item__content\">\n<p>Bize info@ekistika.com mail adresinden veya +90 532 6828896 no&#8217;lu telefondan hafta i\u00e7i her g\u00fcn saat 09.00 &#8211; 18.00 aras\u0131nda ula\u015fabilirsiniz.<\/p>\n<\/div><\/details><\/div>\n<\/div>\n\n\n\n<div class=\"wp-block-coblocks-accordion\">\n<div class=\"wp-block-coblocks-accordion-item\"><\/div>\n<\/div>","protected":false},"excerpt":{"rendered":"<p>L\u00fctfen a\u015fa\u011f\u0131dan destek almak istedi\u011finiz konuyu se\u00e7in.<\/p>","protected":false},"author":1,"featured_media":0,"parent":168,"menu_order":0,"comment_status":"closed","ping_status":"closed","template":"","meta":{"_coblocks_attr":"","_coblocks_dimensions":"","_coblocks_responsive_height":"","_coblocks_accordion_ie_support":"","hide_page_title":"","footnotes":""},"class_list":["post-220","page","type-page","status-publish","hentry"],"yoast_head":"<!-- This site is optimized with the Yoast SEO plugin v27.5 - https:\/\/yoast.com\/product\/yoast-seo-wordpress\/ -->\n<title>DGNEdit Destek - Ekistika<\/title>\n<meta name=\"description\" content=\"Ekistika DGNEdit \u00fcr\u00fcn\u00fc i\u00e7in destek bilgilerine ve konular\u0131na buradan ula\u015fabilir ve yard\u0131m alabilirsiniz.\" \/>\n<meta name=\"robots\" content=\"index, follow, max-snippet:-1, max-image-preview:large, max-video-preview:-1\" \/>\n<link rel=\"canonical\" href=\"https:\/\/ekistika.com\/en\/destek\/dgnedit\/\" \/>\n<meta property=\"og:locale\" content=\"en_US\" \/>\n<meta property=\"og:type\" content=\"article\" \/>\n<meta property=\"og:title\" content=\"DGNEdit Destek - Ekistika\" \/>\n<meta property=\"og:description\" content=\"Ekistika DGNEdit \u00fcr\u00fcn\u00fc i\u00e7in destek bilgilerine ve konular\u0131na buradan ula\u015fabilir ve yard\u0131m alabilirsiniz.\" \/>\n<meta property=\"og:url\" content=\"https:\/\/ekistika.com\/en\/destek\/dgnedit\/\" \/>\n<meta property=\"og:site_name\" content=\"Ekistika\" \/>\n<meta property=\"article:modified_time\" content=\"2024-07-25T22:26:12+00:00\" \/>\n<meta property=\"og:image\" content=\"https:\/\/ekistika.com\/wp-content\/uploads\/2022\/01\/image-9.jpg\" \/>\n<meta name=\"twitter:card\" content=\"summary_large_image\" \/>\n<meta name=\"twitter:label1\" content=\"Est. reading time\" \/>\n\t<meta name=\"twitter:data1\" content=\"1 minute\" \/>\n<script type=\"application\/ld+json\" class=\"yoast-schema-graph\">{\"@context\":\"https:\\\/\\\/schema.org\",\"@graph\":[{\"@type\":\"WebPage\",\"@id\":\"https:\\\/\\\/ekistika.com\\\/destek\\\/dgnedit\\\/\",\"url\":\"https:\\\/\\\/ekistika.com\\\/destek\\\/dgnedit\\\/\",\"name\":\"DGNEdit Destek - Ekistika\",\"isPartOf\":{\"@id\":\"https:\\\/\\\/ekistika.com\\\/#website\"},\"primaryImageOfPage\":{\"@id\":\"https:\\\/\\\/ekistika.com\\\/destek\\\/dgnedit\\\/#primaryimage\"},\"image\":{\"@id\":\"https:\\\/\\\/ekistika.com\\\/destek\\\/dgnedit\\\/#primaryimage\"},\"thumbnailUrl\":\"https:\\\/\\\/ekistika.com\\\/wp-content\\\/uploads\\\/2022\\\/01\\\/image-9.jpg\",\"datePublished\":\"2022-02-04T23:16:46+00:00\",\"dateModified\":\"2024-07-25T22:26:12+00:00\",\"description\":\"Ekistika DGNEdit \u00fcr\u00fcn\u00fc i\u00e7in destek bilgilerine ve konular\u0131na buradan ula\u015fabilir ve yard\u0131m alabilirsiniz.\",\"breadcrumb\":{\"@id\":\"https:\\\/\\\/ekistika.com\\\/destek\\\/dgnedit\\\/#breadcrumb\"},\"inLanguage\":\"en-US\",\"potentialAction\":[{\"@type\":\"ReadAction\",\"target\":[\"https:\\\/\\\/ekistika.com\\\/destek\\\/dgnedit\\\/\"]}]},{\"@type\":\"ImageObject\",\"inLanguage\":\"en-US\",\"@id\":\"https:\\\/\\\/ekistika.com\\\/destek\\\/dgnedit\\\/#primaryimage\",\"url\":\"https:\\\/\\\/ekistika.com\\\/wp-content\\\/uploads\\\/2022\\\/01\\\/image-9.jpg\",\"contentUrl\":\"https:\\\/\\\/ekistika.com\\\/wp-content\\\/uploads\\\/2022\\\/01\\\/image-9.jpg\"},{\"@type\":\"BreadcrumbList\",\"@id\":\"https:\\\/\\\/ekistika.com\\\/destek\\\/dgnedit\\\/#breadcrumb\",\"itemListElement\":[{\"@type\":\"ListItem\",\"position\":1,\"name\":\"Anasayfa\",\"item\":\"https:\\\/\\\/ekistika.com\\\/\"},{\"@type\":\"ListItem\",\"position\":2,\"name\":\"Destek\",\"item\":\"https:\\\/\\\/ekistika.com\\\/destek\\\/\"},{\"@type\":\"ListItem\",\"position\":3,\"name\":\"DGNEdit Destek\"}]},{\"@type\":\"WebSite\",\"@id\":\"https:\\\/\\\/ekistika.com\\\/#website\",\"url\":\"https:\\\/\\\/ekistika.com\\\/\",\"name\":\"Ekistika\",\"description\":\"\",\"publisher\":{\"@id\":\"https:\\\/\\\/ekistika.com\\\/#organization\"},\"potentialAction\":[{\"@type\":\"SearchAction\",\"target\":{\"@type\":\"EntryPoint\",\"urlTemplate\":\"https:\\\/\\\/ekistika.com\\\/?s={search_term_string}\"},\"query-input\":{\"@type\":\"PropertyValueSpecification\",\"valueRequired\":true,\"valueName\":\"search_term_string\"}}],\"inLanguage\":\"en-US\"},{\"@type\":\"Organization\",\"@id\":\"https:\\\/\\\/ekistika.com\\\/#organization\",\"name\":\"Ekistika\",\"url\":\"https:\\\/\\\/ekistika.com\\\/\",\"logo\":{\"@type\":\"ImageObject\",\"inLanguage\":\"en-US\",\"@id\":\"https:\\\/\\\/ekistika.com\\\/#\\\/schema\\\/logo\\\/image\\\/\",\"url\":\"https:\\\/\\\/ekistika.com\\\/wp-content\\\/uploads\\\/2024\\\/07\\\/cropped-Light-1200pxekistika.png\",\"contentUrl\":\"https:\\\/\\\/ekistika.com\\\/wp-content\\\/uploads\\\/2024\\\/07\\\/cropped-Light-1200pxekistika.png\",\"width\":480,\"height\":480,\"caption\":\"Ekistika\"},\"image\":{\"@id\":\"https:\\\/\\\/ekistika.com\\\/#\\\/schema\\\/logo\\\/image\\\/\"}}]}<\/script>\n<!-- \/ Yoast SEO plugin. -->","yoast_head_json":{"title":"DGNEdit Destek - Ekistika","description":"Ekistika DGNEdit \u00fcr\u00fcn\u00fc i\u00e7in destek bilgilerine ve konular\u0131na buradan ula\u015fabilir ve yard\u0131m alabilirsiniz.","robots":{"index":"index","follow":"follow","max-snippet":"max-snippet:-1","max-image-preview":"max-image-preview:large","max-video-preview":"max-video-preview:-1"},"canonical":"https:\/\/ekistika.com\/en\/destek\/dgnedit\/","og_locale":"en_US","og_type":"article","og_title":"DGNEdit Destek - Ekistika","og_description":"Ekistika DGNEdit \u00fcr\u00fcn\u00fc i\u00e7in destek bilgilerine ve konular\u0131na buradan ula\u015fabilir ve yard\u0131m alabilirsiniz.","og_url":"https:\/\/ekistika.com\/en\/destek\/dgnedit\/","og_site_name":"Ekistika","article_modified_time":"2024-07-25T22:26:12+00:00","og_image":[{"url":"https:\/\/ekistika.com\/wp-content\/uploads\/2022\/01\/image-9.jpg","type":"","width":"","height":""}],"twitter_card":"summary_large_image","twitter_misc":{"Est. reading time":"1 minute"},"schema":{"@context":"https:\/\/schema.org","@graph":[{"@type":"WebPage","@id":"https:\/\/ekistika.com\/destek\/dgnedit\/","url":"https:\/\/ekistika.com\/destek\/dgnedit\/","name":"DGNEdit Destek - Ekistika","isPartOf":{"@id":"https:\/\/ekistika.com\/#website"},"primaryImageOfPage":{"@id":"https:\/\/ekistika.com\/destek\/dgnedit\/#primaryimage"},"image":{"@id":"https:\/\/ekistika.com\/destek\/dgnedit\/#primaryimage"},"thumbnailUrl":"https:\/\/ekistika.com\/wp-content\/uploads\/2022\/01\/image-9.jpg","datePublished":"2022-02-04T23:16:46+00:00","dateModified":"2024-07-25T22:26:12+00:00","description":"Ekistika DGNEdit \u00fcr\u00fcn\u00fc i\u00e7in destek bilgilerine ve konular\u0131na buradan ula\u015fabilir ve yard\u0131m alabilirsiniz.","breadcrumb":{"@id":"https:\/\/ekistika.com\/destek\/dgnedit\/#breadcrumb"},"inLanguage":"en-US","potentialAction":[{"@type":"ReadAction","target":["https:\/\/ekistika.com\/destek\/dgnedit\/"]}]},{"@type":"ImageObject","inLanguage":"en-US","@id":"https:\/\/ekistika.com\/destek\/dgnedit\/#primaryimage","url":"https:\/\/ekistika.com\/wp-content\/uploads\/2022\/01\/image-9.jpg","contentUrl":"https:\/\/ekistika.com\/wp-content\/uploads\/2022\/01\/image-9.jpg"},{"@type":"BreadcrumbList","@id":"https:\/\/ekistika.com\/destek\/dgnedit\/#breadcrumb","itemListElement":[{"@type":"ListItem","position":1,"name":"Anasayfa","item":"https:\/\/ekistika.com\/"},{"@type":"ListItem","position":2,"name":"Destek","item":"https:\/\/ekistika.com\/destek\/"},{"@type":"ListItem","position":3,"name":"DGNEdit Destek"}]},{"@type":"WebSite","@id":"https:\/\/ekistika.com\/#website","url":"https:\/\/ekistika.com\/","name":"Ekistika","description":"","publisher":{"@id":"https:\/\/ekistika.com\/#organization"},"potentialAction":[{"@type":"SearchAction","target":{"@type":"EntryPoint","urlTemplate":"https:\/\/ekistika.com\/?s={search_term_string}"},"query-input":{"@type":"PropertyValueSpecification","valueRequired":true,"valueName":"search_term_string"}}],"inLanguage":"en-US"},{"@type":"Organization","@id":"https:\/\/ekistika.com\/#organization","name":"Ekistika","url":"https:\/\/ekistika.com\/","logo":{"@type":"ImageObject","inLanguage":"en-US","@id":"https:\/\/ekistika.com\/#\/schema\/logo\/image\/","url":"https:\/\/ekistika.com\/wp-content\/uploads\/2024\/07\/cropped-Light-1200pxekistika.png","contentUrl":"https:\/\/ekistika.com\/wp-content\/uploads\/2024\/07\/cropped-Light-1200pxekistika.png","width":480,"height":480,"caption":"Ekistika"},"image":{"@id":"https:\/\/ekistika.com\/#\/schema\/logo\/image\/"}}]}},"_links":{"self":[{"href":"https:\/\/ekistika.com\/en\/wp-json\/wp\/v2\/pages\/220","targetHints":{"allow":["GET"]}}],"collection":[{"href":"https:\/\/ekistika.com\/en\/wp-json\/wp\/v2\/pages"}],"about":[{"href":"https:\/\/ekistika.com\/en\/wp-json\/wp\/v2\/types\/page"}],"author":[{"embeddable":true,"href":"https:\/\/ekistika.com\/en\/wp-json\/wp\/v2\/users\/1"}],"replies":[{"embeddable":true,"href":"https:\/\/ekistika.com\/en\/wp-json\/wp\/v2\/comments?post=220"}],"version-history":[{"count":11,"href":"https:\/\/ekistika.com\/en\/wp-json\/wp\/v2\/pages\/220\/revisions"}],"predecessor-version":[{"id":1273,"href":"https:\/\/ekistika.com\/en\/wp-json\/wp\/v2\/pages\/220\/revisions\/1273"}],"up":[{"embeddable":true,"href":"https:\/\/ekistika.com\/en\/wp-json\/wp\/v2\/pages\/168"}],"wp:attachment":[{"href":"https:\/\/ekistika.com\/en\/wp-json\/wp\/v2\/media?parent=220"}],"curies":[{"name":"wp","href":"https:\/\/api.w.org\/{rel}","templated":true}]}}