{"id":254,"date":"2022-02-05T12:51:09","date_gmt":"2022-02-05T12:51:09","guid":{"rendered":"https:\/\/ekistika.com\/?page_id=254"},"modified":"2024-07-25T13:03:24","modified_gmt":"2024-07-25T13:03:24","slug":"teknik-ozellikler","status":"publish","type":"page","link":"https:\/\/ekistika.com\/en\/urunler\/dgnedit\/teknik-ozellikler\/","title":{"rendered":"DGNEdit Teknik \u00d6zellikler"},"content":{"rendered":"<div class=\"wp-block-cover alignfull is-light\" style=\"min-height:307px;aspect-ratio:unset;\"><span aria-hidden=\"true\" class=\"wp-block-cover__background has-background-dim\"><\/span><img loading=\"lazy\" decoding=\"async\" width=\"628\" height=\"480\" class=\"wp-block-cover__image-background wp-image-12\" alt=\"\" src=\"https:\/\/ekistika.com\/wp-content\/uploads\/2022\/01\/image-9.jpg\" data-object-fit=\"cover\" srcset=\"https:\/\/ekistika.com\/wp-content\/uploads\/2022\/01\/image-9.jpg 628w, https:\/\/ekistika.com\/wp-content\/uploads\/2022\/01\/image-9-300x229.jpg 300w, https:\/\/ekistika.com\/wp-content\/uploads\/2022\/01\/image-9-768x587.jpg 768w\" sizes=\"auto, (max-width: 628px) 100vw, 628px\" \/><div class=\"wp-block-cover__inner-container is-layout-flow wp-block-cover-is-layout-flow\">\n<h2 class=\"wp-block-heading has-text-align-center has-quaternary-color has-text-color\" id=\"dgnedit-uygulamamizin-tum-ozelliklerini-kesfedin\">DGNEdit uygulamam\u0131z\u0131n t\u00fcm \u00f6zelliklerini ke\u015ffedin.<\/h2>\n<\/div><\/div>\n\n\n\n<h3 class=\"wp-block-heading\" id=\"genel-ozellikler\">Genel \u00d6zellikler<\/h3>\n\n\n\n<ul class=\"wp-block-list\">\n<li><strong>\u00c7al\u0131\u015fma Ortam\u0131:<\/strong> Microstation CAD<\/li>\n<\/ul>\n\n\n\n<ul class=\"wp-block-list\">\n<li>Hem otomatik (\u00e7oklu se\u00e7im) hem de manuel (tekli se\u00e7im) i\u015flem se\u00e7imi\u00a0<\/li>\n<\/ul>\n\n\n\n<ul class=\"wp-block-list\">\n<li>Pafta Listesi olu\u015fturularak \u00e7oklu pafta ile Batch (y\u0131\u011f\u0131n) i\u015flemi yapma.<\/li>\n<\/ul>\n\n\n\n<ul class=\"wp-block-list\">\n<li>Yap\u0131lan i\u015flemleri geri alma.\u00a0<\/li>\n<\/ul>\n\n\n\n<ul class=\"wp-block-list\">\n<li>Konfig\u00fcrasyon dosyas\u0131 \u00fczerinden i\u015flemlere ait se\u00e7enekler ve parametrelere ilk de\u011fer atamas\u0131. (Katman, Renk, Kal\u0131nl\u0131k, \u00c7izgi Tipi, Font gibi sonu\u00e7 element \u00f6zellikleri ayn\u0131 \u015fekilde konfig\u00fcrasyon dosyas\u0131 i\u00e7erisinden belirlenebilmektedir.)<\/li>\n<\/ul>\n\n\n\n<ul class=\"wp-block-list\">\n<li>Katman, Renk, \u00c7izgi Tipi, Kal\u0131nl\u0131k, Cell Ad\u0131 girilerek i\u015fleme al\u0131nacak elementlerin filtrelenmesi.<\/li>\n<\/ul>\n\n\n\n<ul class=\"wp-block-list\">\n<li>Uygulamam\u0131z, say\u0131sal harita \u00fcretimine yard\u0131mc\u0131 a\u015fa\u011f\u0131daki i\u015flemlerden olu\u015fmaktad\u0131r.<\/li>\n<\/ul>\n\n\n\n<div style=\"height:10px\" aria-hidden=\"true\" class=\"wp-block-spacer\"><\/div>\n\n\n\n<hr class=\"wp-block-separator has-alpha-channel-opacity\"\/>\n\n\n\n<h3 class=\"wp-block-heading\" id=\"pafta-islemleri\">Pafta \u0130\u015flemleri<\/h3>\n\n\n\n<ul class=\"wp-block-list\">\n<li>Pafta Lejant\u0131 Atma\u00a0<\/li>\n<\/ul>\n\n\n\n<ul class=\"wp-block-list\">\n<li>Pafta \u0130ndeksi Olu\u015fturma<\/li>\n<\/ul>\n\n\n\n<ul class=\"wp-block-list\">\n<li>Bloktan Pafta Kesme<\/li>\n<\/ul>\n\n\n\n<ul class=\"wp-block-list\">\n<li>Dilim D\u00f6n\u00fc\u015f\u00fcm\u00fc<\/li>\n<\/ul>\n\n\n\n<ul class=\"wp-block-list\">\n<li>Helmert D\u00f6n\u00fc\u015f\u00fcm\u00fc<\/li>\n<\/ul>\n\n\n\n<ul class=\"wp-block-list\">\n<li>Semboloji De\u011fi\u015ftirme<\/li>\n<\/ul>\n\n\n\n<ul class=\"wp-block-list\">\n<li>Pafta\u00a0\u0130statistik Bilgisi<\/li>\n<\/ul>\n\n\n\n<ul class=\"wp-block-list\">\n<li>Referans Pafta A\u00e7ma<\/li>\n<\/ul>\n\n\n\n<div style=\"height:10px\" aria-hidden=\"true\" class=\"wp-block-spacer\"><\/div>\n\n\n\n<hr class=\"wp-block-separator has-alpha-channel-opacity\"\/>\n\n\n\n<h3 class=\"wp-block-heading\" id=\"tarama-islemleri\">Tarama \u0130\u015flemleri<\/h3>\n\n\n\n<ul class=\"wp-block-list\">\n<li>\u015eev Tarama<\/li>\n<\/ul>\n\n\n\n<ul class=\"wp-block-list\">\n<li>Sundurma Tarama<\/li>\n<\/ul>\n\n\n\n<ul class=\"wp-block-list\">\n<li>Sera Tarama<\/li>\n<\/ul>\n\n\n\n<ul class=\"wp-block-list\">\n<li>Bina Tarama<\/li>\n<\/ul>\n\n\n\n<ul class=\"wp-block-list\">\n<li>Merdiven Tarama<\/li>\n<\/ul>\n\n\n\n<div style=\"height:10px\" aria-hidden=\"true\" class=\"wp-block-spacer\"><\/div>\n\n\n\n<hr class=\"wp-block-separator has-alpha-channel-opacity\"\/>\n\n\n\n<h3 class=\"wp-block-heading\" id=\"kot-islemleri\">Kot \u0130\u015flemleri<\/h3>\n\n\n\n<ul class=\"wp-block-list\">\n<li>Yer\/Yol Kotu Atma\u00a0<\/li>\n<\/ul>\n\n\n\n<ul class=\"wp-block-list\">\n<li>Kot D\u00fczeltme<\/li>\n<\/ul>\n\n\n\n<ul class=\"wp-block-list\">\n<li>Elemente Kot Verme<\/li>\n<\/ul>\n\n\n\n<ul class=\"wp-block-list\">\n<li>Yer Kotu S\u0131kla\u015ft\u0131rma<\/li>\n<\/ul>\n\n\n\n<ul class=\"wp-block-list\">\n<li>Yer Kotu Seyrekle\u015ftirme<\/li>\n<\/ul>\n\n\n\n<ul class=\"wp-block-list\">\n<li>Yer\/Bina Kotuna g\u00f6re Kat Adedi Bulma<\/li>\n<\/ul>\n\n\n\n<div style=\"height:10px\" aria-hidden=\"true\" class=\"wp-block-spacer\"><\/div>\n\n\n\n<hr class=\"wp-block-separator has-alpha-channel-opacity\"\/>\n\n\n\n<h3 class=\"wp-block-heading\" id=\"munhani-islemleri\">M\u00fcnhani \u0130\u015flemleri<\/h3>\n\n\n\n<ul class=\"wp-block-list\">\n<li>M\u00fcnhani Kot D\u00fczeltme<\/li>\n<\/ul>\n\n\n\n<ul class=\"wp-block-list\">\n<li>M\u00fcnhani Genelle\u015ftirme<\/li>\n<\/ul>\n\n\n\n<ul class=\"wp-block-list\">\n<li>Kotuna G\u00f6re M\u00fcnhani Tabakaland\u0131rma<\/li>\n<\/ul>\n\n\n\n<ul class=\"wp-block-list\">\n<li>M\u00fcnhani \u00c7izim Kontrol\u00fc<\/li>\n<\/ul>\n\n\n\n<div style=\"height:10px\" aria-hidden=\"true\" class=\"wp-block-spacer\"><\/div>\n\n\n\n<hr class=\"wp-block-separator has-alpha-channel-opacity\"\/>\n\n\n\n<h3 class=\"wp-block-heading\" id=\"text-cell-islemleri\">Text\/Cell \u0130\u015flemleri<\/h3>\n\n\n\n<ul class=\"wp-block-list\">\n<li>D\u00f6nd\u00fcrme<\/li>\n<\/ul>\n\n\n\n<ul class=\"wp-block-list\">\n<li>\u00d6l\u00e7ekleme<\/li>\n<\/ul>\n\n\n\n<ul class=\"wp-block-list\">\n<li>Koordinat Yazd\u0131rma<\/li>\n<\/ul>\n\n\n\n<ul class=\"wp-block-list\">\n<li>Etiketleme<\/li>\n<\/ul>\n\n\n\n<ul class=\"wp-block-list\">\n<li>Seyrekle\u015ftirme<\/li>\n<\/ul>\n\n\n\n<ul class=\"wp-block-list\">\n<li>Semboloji De\u011fi\u015ftirme<\/li>\n<\/ul>\n\n\n\n<div style=\"height:10px\" aria-hidden=\"true\" class=\"wp-block-spacer\"><\/div>\n\n\n\n<hr class=\"wp-block-separator has-alpha-channel-opacity\"\/>\n\n\n\n<h3 class=\"wp-block-heading\" id=\"kontrol-islemleri\">Kontrol \u0130\u015flemleri<\/h3>\n\n\n\n<ul class=\"wp-block-list\">\n<li>Topolojik Kontroller (Kesi\u015fim, Birle\u015fim, Snap Hatas\u0131 gibi)<\/li>\n<\/ul>\n\n\n\n<ul class=\"wp-block-list\">\n<li>Genel Kontroller (\u00c7izim Y\u00f6n\u00fc, Yaz\u0131 Boyutu, Uzunluk, Alan gibi)<\/li>\n<\/ul>\n\n\n\n<div style=\"height:10px\" aria-hidden=\"true\" class=\"wp-block-spacer\"><\/div>\n\n\n\n<hr class=\"wp-block-separator has-alpha-channel-opacity\"\/>\n\n\n\n<h3 class=\"wp-block-heading\" id=\"cizgisel-islemler\">\u00c7izgisel \u0130\u015flemler<\/h3>\n\n\n\n<ul class=\"wp-block-list\">\n<li>\u00c7izgi Birle\u015ftirme<\/li>\n<\/ul>\n\n\n\n<ul class=\"wp-block-list\">\n<li>\u00c7izgi Yumu\u015fatma<\/li>\n<\/ul>\n\n\n\n<ul class=\"wp-block-list\">\n<li>\u00c7izgi Nokta Azaltma<\/li>\n<\/ul>\n\n\n\n<ul class=\"wp-block-list\">\n<li>\u00c7izgi Nokta S\u0131kla\u015ft\u0131rma<\/li>\n<\/ul>\n\n\n\n<ul class=\"wp-block-list\">\n<li>\u00c7izgi \u2013 Alan D\u00f6n\u00fc\u015f\u00fcm\u00fc<\/li>\n<\/ul>\n\n\n\n<ul class=\"wp-block-list\">\n<li>\u00c7izgi \u2013 Curve D\u00f6n\u00fc\u015f\u00fcm\u00fc<\/li>\n<\/ul>\n\n\n\n<ul class=\"wp-block-list\">\n<li>\u00c7izgi K\u0131smi\u00a0Kopyalama\/Ta\u015f\u0131ma<\/li>\n<\/ul>\n\n\n\n<ul class=\"wp-block-list\">\n<li>Yol Orta \u00c7izgisi Olu\u015fturma<\/li>\n<\/ul>\n\n\n\n<ul class=\"wp-block-list\">\n<li>\u00c7izgi Kenarla\u015fma<\/li>\n<\/ul>\n\n\n\n<ul class=\"wp-block-list\">\n<li>\u00c7izgi Keserek B\u00f6lme \/ Kesi\u015fime Nokta Ekleme<\/li>\n<\/ul>\n\n\n\n<div style=\"height:10px\" aria-hidden=\"true\" class=\"wp-block-spacer\"><\/div>\n\n\n\n<hr class=\"wp-block-separator has-alpha-channel-opacity\"\/>\n\n\n\n<h3 class=\"wp-block-heading\" id=\"diger-islemler\">Di\u011fer \u0130\u015flemler<\/h3>\n\n\n\n<ul class=\"wp-block-list\">\n<li>Kontrol Noktas\u0131 Import Etme<\/li>\n<\/ul>\n\n\n\n<ul class=\"wp-block-list\">\n<li>\u00c7izgi\/Alan \u0130mport Etme<\/li>\n<\/ul>\n\n\n\n<ul class=\"wp-block-list\">\n<li>Bina \u00c7at\u0131 (Sa\u00e7ak) Olu\u015fturma<\/li>\n<\/ul>\n\n\n\n<ul class=\"wp-block-list\">\n<li>Alan B\u00f6lme<\/li>\n<\/ul>\n\n\n\n<ul class=\"wp-block-list\">\n<li>Element \u00c7iftleri Bulma\/Silme<\/li>\n<\/ul>\n\n\n\n<ul class=\"wp-block-list\">\n<li>Bina (Alan) i\u00e7i M\u00fcnhani vb. Temizleme<\/li>\n<\/ul>","protected":false},"excerpt":{"rendered":"<p>Genel \u00d6zellikler Pafta \u0130\u015flemleri Tarama \u0130\u015flemleri Kot \u0130\u015flemleri M\u00fcnhani \u0130\u015flemleri Text\/Cell \u0130\u015flemleri Kontrol \u0130\u015flemleri \u00c7izgisel \u0130\u015flemler Di\u011fer \u0130\u015flemler<\/p>","protected":false},"author":1,"featured_media":0,"parent":95,"menu_order":0,"comment_status":"closed","ping_status":"closed","template":"","meta":{"_coblocks_attr":"","_coblocks_dimensions":"","_coblocks_responsive_height":"","_coblocks_accordion_ie_support":"","hide_page_title":"","footnotes":""},"class_list":["post-254","page","type-page","status-publish","hentry"],"yoast_head":"<!-- This site is optimized with the Yoast SEO plugin v27.5 - https:\/\/yoast.com\/product\/yoast-seo-wordpress\/ -->\n<title>DGNEdit Teknik \u00d6zellikler - Ekistika<\/title>\n<meta name=\"description\" content=\"Ekistika DGNEdit uygulamas\u0131n\u0131n teknik \u00f6zellik listesini ve t\u00fcm yapabildiklerini ke\u015ffedin.\" \/>\n<meta name=\"robots\" content=\"index, follow, max-snippet:-1, max-image-preview:large, max-video-preview:-1\" \/>\n<link rel=\"canonical\" href=\"https:\/\/ekistika.com\/en\/urunler\/dgnedit\/teknik-ozellikler\/\" \/>\n<meta property=\"og:locale\" content=\"en_US\" \/>\n<meta property=\"og:type\" content=\"article\" \/>\n<meta property=\"og:title\" content=\"DGNEdit Teknik \u00d6zellikler - Ekistika\" \/>\n<meta property=\"og:description\" content=\"Ekistika DGNEdit uygulamas\u0131n\u0131n teknik \u00f6zellik listesini ve t\u00fcm yapabildiklerini ke\u015ffedin.\" \/>\n<meta property=\"og:url\" content=\"https:\/\/ekistika.com\/en\/urunler\/dgnedit\/teknik-ozellikler\/\" \/>\n<meta property=\"og:site_name\" content=\"Ekistika\" \/>\n<meta property=\"article:modified_time\" content=\"2024-07-25T13:03:24+00:00\" \/>\n<meta property=\"og:image\" content=\"https:\/\/ekistika.com\/wp-content\/uploads\/2022\/01\/image-9.jpg\" \/>\n<meta name=\"twitter:card\" content=\"summary_large_image\" \/>\n<meta name=\"twitter:label1\" content=\"Est. reading time\" \/>\n\t<meta name=\"twitter:data1\" content=\"2 minutes\" \/>\n<script type=\"application\/ld+json\" class=\"yoast-schema-graph\">{\"@context\":\"https:\\\/\\\/schema.org\",\"@graph\":[{\"@type\":\"WebPage\",\"@id\":\"https:\\\/\\\/ekistika.com\\\/urunler\\\/dgnedit\\\/teknik-ozellikler\\\/\",\"url\":\"https:\\\/\\\/ekistika.com\\\/urunler\\\/dgnedit\\\/teknik-ozellikler\\\/\",\"name\":\"DGNEdit Teknik \u00d6zellikler - Ekistika\",\"isPartOf\":{\"@id\":\"https:\\\/\\\/ekistika.com\\\/#website\"},\"primaryImageOfPage\":{\"@id\":\"https:\\\/\\\/ekistika.com\\\/urunler\\\/dgnedit\\\/teknik-ozellikler\\\/#primaryimage\"},\"image\":{\"@id\":\"https:\\\/\\\/ekistika.com\\\/urunler\\\/dgnedit\\\/teknik-ozellikler\\\/#primaryimage\"},\"thumbnailUrl\":\"https:\\\/\\\/ekistika.com\\\/wp-content\\\/uploads\\\/2022\\\/01\\\/image-9.jpg\",\"datePublished\":\"2022-02-05T12:51:09+00:00\",\"dateModified\":\"2024-07-25T13:03:24+00:00\",\"description\":\"Ekistika DGNEdit uygulamas\u0131n\u0131n teknik \u00f6zellik listesini ve t\u00fcm yapabildiklerini ke\u015ffedin.\",\"breadcrumb\":{\"@id\":\"https:\\\/\\\/ekistika.com\\\/urunler\\\/dgnedit\\\/teknik-ozellikler\\\/#breadcrumb\"},\"inLanguage\":\"en-US\",\"potentialAction\":[{\"@type\":\"ReadAction\",\"target\":[\"https:\\\/\\\/ekistika.com\\\/urunler\\\/dgnedit\\\/teknik-ozellikler\\\/\"]}]},{\"@type\":\"ImageObject\",\"inLanguage\":\"en-US\",\"@id\":\"https:\\\/\\\/ekistika.com\\\/urunler\\\/dgnedit\\\/teknik-ozellikler\\\/#primaryimage\",\"url\":\"https:\\\/\\\/ekistika.com\\\/wp-content\\\/uploads\\\/2022\\\/01\\\/image-9.jpg\",\"contentUrl\":\"https:\\\/\\\/ekistika.com\\\/wp-content\\\/uploads\\\/2022\\\/01\\\/image-9.jpg\"},{\"@type\":\"BreadcrumbList\",\"@id\":\"https:\\\/\\\/ekistika.com\\\/urunler\\\/dgnedit\\\/teknik-ozellikler\\\/#breadcrumb\",\"itemListElement\":[{\"@type\":\"ListItem\",\"position\":1,\"name\":\"Anasayfa\",\"item\":\"https:\\\/\\\/ekistika.com\\\/\"},{\"@type\":\"ListItem\",\"position\":2,\"name\":\"\u00dcr\u00fcnler\",\"item\":\"https:\\\/\\\/ekistika.com\\\/urunler\\\/\"},{\"@type\":\"ListItem\",\"position\":3,\"name\":\"DGNEdit\",\"item\":\"https:\\\/\\\/ekistika.com\\\/urunler\\\/dgnedit\\\/\"},{\"@type\":\"ListItem\",\"position\":4,\"name\":\"DGNEdit Teknik \u00d6zellikler\"}]},{\"@type\":\"WebSite\",\"@id\":\"https:\\\/\\\/ekistika.com\\\/#website\",\"url\":\"https:\\\/\\\/ekistika.com\\\/\",\"name\":\"Ekistika\",\"description\":\"\",\"publisher\":{\"@id\":\"https:\\\/\\\/ekistika.com\\\/#organization\"},\"potentialAction\":[{\"@type\":\"SearchAction\",\"target\":{\"@type\":\"EntryPoint\",\"urlTemplate\":\"https:\\\/\\\/ekistika.com\\\/?s={search_term_string}\"},\"query-input\":{\"@type\":\"PropertyValueSpecification\",\"valueRequired\":true,\"valueName\":\"search_term_string\"}}],\"inLanguage\":\"en-US\"},{\"@type\":\"Organization\",\"@id\":\"https:\\\/\\\/ekistika.com\\\/#organization\",\"name\":\"Ekistika\",\"url\":\"https:\\\/\\\/ekistika.com\\\/\",\"logo\":{\"@type\":\"ImageObject\",\"inLanguage\":\"en-US\",\"@id\":\"https:\\\/\\\/ekistika.com\\\/#\\\/schema\\\/logo\\\/image\\\/\",\"url\":\"https:\\\/\\\/ekistika.com\\\/wp-content\\\/uploads\\\/2024\\\/07\\\/cropped-Light-1200pxekistika.png\",\"contentUrl\":\"https:\\\/\\\/ekistika.com\\\/wp-content\\\/uploads\\\/2024\\\/07\\\/cropped-Light-1200pxekistika.png\",\"width\":480,\"height\":480,\"caption\":\"Ekistika\"},\"image\":{\"@id\":\"https:\\\/\\\/ekistika.com\\\/#\\\/schema\\\/logo\\\/image\\\/\"}}]}<\/script>\n<!-- \/ Yoast SEO plugin. -->","yoast_head_json":{"title":"DGNEdit Teknik \u00d6zellikler - Ekistika","description":"Ekistika DGNEdit uygulamas\u0131n\u0131n teknik \u00f6zellik listesini ve t\u00fcm yapabildiklerini ke\u015ffedin.","robots":{"index":"index","follow":"follow","max-snippet":"max-snippet:-1","max-image-preview":"max-image-preview:large","max-video-preview":"max-video-preview:-1"},"canonical":"https:\/\/ekistika.com\/en\/urunler\/dgnedit\/teknik-ozellikler\/","og_locale":"en_US","og_type":"article","og_title":"DGNEdit Teknik \u00d6zellikler - Ekistika","og_description":"Ekistika DGNEdit uygulamas\u0131n\u0131n teknik \u00f6zellik listesini ve t\u00fcm yapabildiklerini ke\u015ffedin.","og_url":"https:\/\/ekistika.com\/en\/urunler\/dgnedit\/teknik-ozellikler\/","og_site_name":"Ekistika","article_modified_time":"2024-07-25T13:03:24+00:00","og_image":[{"url":"https:\/\/ekistika.com\/wp-content\/uploads\/2022\/01\/image-9.jpg","type":"","width":"","height":""}],"twitter_card":"summary_large_image","twitter_misc":{"Est. reading time":"2 minutes"},"schema":{"@context":"https:\/\/schema.org","@graph":[{"@type":"WebPage","@id":"https:\/\/ekistika.com\/urunler\/dgnedit\/teknik-ozellikler\/","url":"https:\/\/ekistika.com\/urunler\/dgnedit\/teknik-ozellikler\/","name":"DGNEdit Teknik \u00d6zellikler - Ekistika","isPartOf":{"@id":"https:\/\/ekistika.com\/#website"},"primaryImageOfPage":{"@id":"https:\/\/ekistika.com\/urunler\/dgnedit\/teknik-ozellikler\/#primaryimage"},"image":{"@id":"https:\/\/ekistika.com\/urunler\/dgnedit\/teknik-ozellikler\/#primaryimage"},"thumbnailUrl":"https:\/\/ekistika.com\/wp-content\/uploads\/2022\/01\/image-9.jpg","datePublished":"2022-02-05T12:51:09+00:00","dateModified":"2024-07-25T13:03:24+00:00","description":"Ekistika DGNEdit uygulamas\u0131n\u0131n teknik \u00f6zellik listesini ve t\u00fcm yapabildiklerini ke\u015ffedin.","breadcrumb":{"@id":"https:\/\/ekistika.com\/urunler\/dgnedit\/teknik-ozellikler\/#breadcrumb"},"inLanguage":"en-US","potentialAction":[{"@type":"ReadAction","target":["https:\/\/ekistika.com\/urunler\/dgnedit\/teknik-ozellikler\/"]}]},{"@type":"ImageObject","inLanguage":"en-US","@id":"https:\/\/ekistika.com\/urunler\/dgnedit\/teknik-ozellikler\/#primaryimage","url":"https:\/\/ekistika.com\/wp-content\/uploads\/2022\/01\/image-9.jpg","contentUrl":"https:\/\/ekistika.com\/wp-content\/uploads\/2022\/01\/image-9.jpg"},{"@type":"BreadcrumbList","@id":"https:\/\/ekistika.com\/urunler\/dgnedit\/teknik-ozellikler\/#breadcrumb","itemListElement":[{"@type":"ListItem","position":1,"name":"Anasayfa","item":"https:\/\/ekistika.com\/"},{"@type":"ListItem","position":2,"name":"\u00dcr\u00fcnler","item":"https:\/\/ekistika.com\/urunler\/"},{"@type":"ListItem","position":3,"name":"DGNEdit","item":"https:\/\/ekistika.com\/urunler\/dgnedit\/"},{"@type":"ListItem","position":4,"name":"DGNEdit Teknik \u00d6zellikler"}]},{"@type":"WebSite","@id":"https:\/\/ekistika.com\/#website","url":"https:\/\/ekistika.com\/","name":"Ekistika","description":"","publisher":{"@id":"https:\/\/ekistika.com\/#organization"},"potentialAction":[{"@type":"SearchAction","target":{"@type":"EntryPoint","urlTemplate":"https:\/\/ekistika.com\/?s={search_term_string}"},"query-input":{"@type":"PropertyValueSpecification","valueRequired":true,"valueName":"search_term_string"}}],"inLanguage":"en-US"},{"@type":"Organization","@id":"https:\/\/ekistika.com\/#organization","name":"Ekistika","url":"https:\/\/ekistika.com\/","logo":{"@type":"ImageObject","inLanguage":"en-US","@id":"https:\/\/ekistika.com\/#\/schema\/logo\/image\/","url":"https:\/\/ekistika.com\/wp-content\/uploads\/2024\/07\/cropped-Light-1200pxekistika.png","contentUrl":"https:\/\/ekistika.com\/wp-content\/uploads\/2024\/07\/cropped-Light-1200pxekistika.png","width":480,"height":480,"caption":"Ekistika"},"image":{"@id":"https:\/\/ekistika.com\/#\/schema\/logo\/image\/"}}]}},"_links":{"self":[{"href":"https:\/\/ekistika.com\/en\/wp-json\/wp\/v2\/pages\/254","targetHints":{"allow":["GET"]}}],"collection":[{"href":"https:\/\/ekistika.com\/en\/wp-json\/wp\/v2\/pages"}],"about":[{"href":"https:\/\/ekistika.com\/en\/wp-json\/wp\/v2\/types\/page"}],"author":[{"embeddable":true,"href":"https:\/\/ekistika.com\/en\/wp-json\/wp\/v2\/users\/1"}],"replies":[{"embeddable":true,"href":"https:\/\/ekistika.com\/en\/wp-json\/wp\/v2\/comments?post=254"}],"version-history":[{"count":4,"href":"https:\/\/ekistika.com\/en\/wp-json\/wp\/v2\/pages\/254\/revisions"}],"predecessor-version":[{"id":1257,"href":"https:\/\/ekistika.com\/en\/wp-json\/wp\/v2\/pages\/254\/revisions\/1257"}],"up":[{"embeddable":true,"href":"https:\/\/ekistika.com\/en\/wp-json\/wp\/v2\/pages\/95"}],"wp:attachment":[{"href":"https:\/\/ekistika.com\/en\/wp-json\/wp\/v2\/media?parent=254"}],"curies":[{"name":"wp","href":"https:\/\/api.w.org\/{rel}","templated":true}]}}