{"id":275,"date":"2022-02-05T19:33:12","date_gmt":"2022-02-05T19:33:12","guid":{"rendered":"https:\/\/ekistika.com\/?page_id=275"},"modified":"2024-07-25T13:04:05","modified_gmt":"2024-07-25T13:04:05","slug":"teknik-ozellikler","status":"publish","type":"page","link":"https:\/\/ekistika.com\/en\/urunler\/nivelman\/teknik-ozellikler\/","title":{"rendered":"Nivelman Teknik \u00d6zellikler"},"content":{"rendered":"<div class=\"wp-block-cover alignfull is-light\" style=\"min-height:307px;aspect-ratio:unset;\"><span aria-hidden=\"true\" class=\"wp-block-cover__background has-background-dim\"><\/span><img loading=\"lazy\" decoding=\"async\" width=\"424\" height=\"480\" class=\"wp-block-cover__image-background wp-image-6\" alt=\"\" src=\"https:\/\/ekistika.com\/wp-content\/uploads\/2022\/01\/image-3.jpg\" data-object-fit=\"cover\" srcset=\"https:\/\/ekistika.com\/wp-content\/uploads\/2022\/01\/image-3.jpg 424w, https:\/\/ekistika.com\/wp-content\/uploads\/2022\/01\/image-3-265x300.jpg 265w, https:\/\/ekistika.com\/wp-content\/uploads\/2022\/01\/image-3-768x869.jpg 768w\" sizes=\"auto, (max-width: 424px) 100vw, 424px\" \/><div class=\"wp-block-cover__inner-container is-layout-flow wp-block-cover-is-layout-flow\">\n<h2 class=\"wp-block-heading has-text-align-center has-quaternary-color has-text-color\" id=\"nivelman-uygulamamizin-tum-ozelliklerini-kesfedin\">Nivelman uygulamam\u0131z\u0131n t\u00fcm \u00f6zelliklerini ke\u015ffedin.<\/h2>\n<\/div><\/div>\n\n\n\n<h3 class=\"wp-block-heading\" id=\"nivelman-dengelemesi\">Nivelman Dengelemesi<\/h3>\n\n\n\n<h6 class=\"wp-block-heading\" id=\"gereken-dosyalar\"><strong>Gereken Dosyalar<\/strong><\/h6>\n\n\n\n<ul class=\"wp-block-list\">\n<li>\u00d6l\u00e7\u00fc Dosyas\u0131 (txt)<\/li>\n<\/ul>\n\n\n\n<ul class=\"wp-block-list\">\n<li>Nokta Koordinat Dosyas\u0131 (txt)<\/li>\n<\/ul>\n\n\n\n<h6 class=\"wp-block-heading\" id=\"girilmesi-gereken-degerler\"><strong>Girilmesi Gereken De\u011ferler<\/strong><\/h6>\n\n\n\n<p><span style=\"text-decoration: underline;\">\u00d6l\u00e7\u00fc Dosyas\u0131 i\u00e7in<\/span><\/p>\n\n\n\n<ul class=\"wp-block-list\">\n<li>1. Nokta Ad\u0131<\/li>\n<\/ul>\n\n\n\n<ul class=\"wp-block-list\">\n<li>2. Nokta Ad\u0131<\/li>\n<\/ul>\n\n\n\n<ul class=\"wp-block-list\">\n<li>Kot fark\u0131 (m)<\/li>\n<\/ul>\n\n\n\n<ul class=\"wp-block-list\">\n<li>Mesafe fark\u0131 (km)<\/li>\n<\/ul>\n\n\n\n<p><span style=\"text-decoration: underline;\">Nokta Dosyas\u0131 i\u00e7in<\/span><\/p>\n\n\n\n<ul class=\"wp-block-list\">\n<li>Nokta Ad\u0131<\/li>\n<\/ul>\n\n\n\n<ul class=\"wp-block-list\">\n<li>Bilinen Kot De\u011feri<\/li>\n<\/ul>\n\n\n\n<h6 class=\"wp-block-heading\" id=\"sonuc-dosyasi-icerikleri\"><strong>Sonu\u00e7 Dosyas\u0131 \u0130\u00e7erikleri<\/strong><\/h6>\n\n\n\n<ul class=\"wp-block-list\">\n<li>Kot \u00d6zet \u00c7izelgesi<\/li>\n<\/ul>\n\n\n\n<ul class=\"wp-block-list\">\n<li>\u00d6l\u00e7\u00fcler \u0130\u00e7in Genel \u00d6zet<\/li>\n<\/ul>\n\n\n\n<ul class=\"wp-block-list\">\n<li>Uyu\u015fumsuz \u00d6l\u00e7\u00fcler Testi<\/li>\n<\/ul>\n\n\n\n<ul class=\"wp-block-list\">\n<li>Uyu\u015fumsuz Noktalar Testi<\/li>\n<\/ul>\n\n\n\n<div style=\"height:10px\" aria-hidden=\"true\" class=\"wp-block-spacer\"><\/div>\n\n\n\n<hr class=\"wp-block-separator has-alpha-channel-opacity\"\/>\n\n\n\n<h3 class=\"wp-block-heading\" id=\"nivelman-dengelemesi\">GPS Nivelman Hesab\u0131<\/h3>\n\n\n\n<h6 class=\"wp-block-heading\" id=\"gereken-dosyalar\"><strong>Gereken Dosyalar<\/strong><\/h6>\n\n\n\n<ul class=\"wp-block-list\">\n<li>G\u00fczergah Dosyas\u0131 (txt)<\/li>\n<\/ul>\n\n\n\n<ul class=\"wp-block-list\">\n<li>Nokta Koordinat Dosyas\u0131 (txt)<\/li>\n<\/ul>\n\n\n\n<h6 class=\"wp-block-heading\" id=\"sonuc-dosyasi-icerikleri\"><strong>Sonu\u00e7 Dosyas\u0131 \u0130\u00e7erikleri<\/strong><\/h6>\n\n\n\n<ul class=\"wp-block-list\">\n<li>\u00d6l\u00e7\u00fc \u00d6zet \u00c7izelgesi<\/li>\n<\/ul>\n\n\n\n<ul class=\"wp-block-list\">\n<li>GPS Nivelman Hesab\u0131 Raporu<\/li>\n<\/ul>\n\n\n\n<ul class=\"wp-block-list\">\n<li>Kesin Kotlar<\/li>\n<\/ul>\n\n\n\n<ul class=\"wp-block-list\">\n<li>Lup Sonu\u00e7 Raporu<\/li>\n<\/ul>\n\n\n\n<div style=\"height:10px\" aria-hidden=\"true\" class=\"wp-block-spacer\"><\/div>\n\n\n\n<hr class=\"wp-block-separator has-alpha-channel-opacity\"\/>\n\n\n\n<h3 class=\"wp-block-heading\" id=\"geoid-yukseklik-hesabi\">Geoid Y\u00fckseklik Hesab\u0131<\/h3>\n\n\n\n<h6 class=\"wp-block-heading\" id=\"gerekli-dosyalar\"><strong>Gerekli Dosyalar<\/strong><\/h6>\n\n\n\n<ul class=\"wp-block-list\">\n<li>Bilinen Noktalar Dosyas\u0131 (txt)<\/li>\n<\/ul>\n\n\n\n<ul class=\"wp-block-list\">\n<li>Hesaplanacak Noktalar Dosyas\u0131 (txt)<\/li>\n<\/ul>\n\n\n\n<h6 class=\"wp-block-heading\" id=\"girilmesi-gereken-degerler-1\"><strong>Girilmesi Gereken De\u011ferler<\/strong><\/h6>\n\n\n\n<ul class=\"wp-block-list\">\n<li>Nokta Ad\u0131<\/li>\n<\/ul>\n\n\n\n<ul class=\"wp-block-list\">\n<li>X ve Y Koordinatlar\u0131<\/li>\n<\/ul>\n\n\n\n<ul class=\"wp-block-list\">\n<li>Elipsoid Y\u00fcksekli\u011fi (m)<\/li>\n<\/ul>\n\n\n\n<ul class=\"wp-block-list\">\n<li>Ortometrik y\u00fcksekli\u011fi (m) (Sadece bilinen noktalar dosyas\u0131nda)<\/li>\n<\/ul>\n\n\n\n<h6 class=\"wp-block-heading\" id=\"sonuc-dosyasi-icerikleri-1\"><strong>Sonu\u00e7 Dosyas\u0131 \u0130\u00e7erikleri<\/strong><\/h6>\n\n\n\n<ul class=\"wp-block-list\">\n<li>Hesaplanacak noktalar\u0131n ge\u00e7irilen y\u00fczeye g\u00f6re hesaplanan Ortometrik y\u00fckseklikleri<\/li>\n<\/ul>\n\n\n\n<ul class=\"wp-block-list\">\n<li>Geoid Y\u00fcksekli\u011fi Hesab\u0131<\/li>\n<\/ul>\n\n\n\n<ul class=\"wp-block-list\">\n<li>Uyu\u015fum Testi<\/li>\n<\/ul>\n\n\n\n<div style=\"height:10px\" aria-hidden=\"true\" class=\"wp-block-spacer\"><\/div>\n\n\n\n<hr class=\"wp-block-separator has-alpha-channel-opacity\"\/>\n\n\n\n<h3 class=\"wp-block-heading\" id=\"hiz-hesabi\">H\u0131z Hesab\u0131<\/h3>\n\n\n\n<h6 class=\"wp-block-heading\" id=\"gerekli-dosyalar-1\"><strong>Gerekli Dosyalar<\/strong><\/h6>\n\n\n\n<ul class=\"wp-block-list\">\n<li>Bilinen Noktalar Dosyas\u0131 (txt)<\/li>\n<\/ul>\n\n\n\n<ul class=\"wp-block-list\">\n<li>Hesaplanacak Noktalar Dosyas\u0131 (txt)<\/li>\n<\/ul>\n\n\n\n<h6 class=\"wp-block-heading\" id=\"girilmesi-gereken-degerler-2\"><strong>Girilmesi Gereken De\u011ferler<\/strong><\/h6>\n\n\n\n<p><span style=\"text-decoration: underline;\">Bilinen Noktalar Dosyas\u0131nda<\/span><\/p>\n\n\n\n<ul class=\"wp-block-list\">\n<li>X, Y, Z, VX, XY, VZ, EPOK<\/li>\n<\/ul>\n\n\n\n<p><span style=\"text-decoration: underline;\">D\u00f6n\u00fc\u015ft\u00fcr\u00fclecek Noktalar Doyas\u0131nda<\/span><\/p>\n\n\n\n<ul class=\"wp-block-list\">\n<li>Nokta Ad\u0131, X, Y, Z ve VX, VY, VZ, EPOK (noktan\u0131n bir EPOK&#8217;a ait h\u0131z de\u011feri mevcutsa)<\/li>\n<\/ul>\n\n\n\n<h6 class=\"wp-block-heading\" id=\"sonuc-dosyasi-icerikleri-2\"><strong>Sonu\u00e7 Dosyas\u0131 \u0130\u00e7erikleri<\/strong><\/h6>\n\n\n\n<ul class=\"wp-block-list\">\n<li>Enterpolasyonla h\u0131z hesab\u0131<\/li>\n<\/ul>\n\n\n\n<ul class=\"wp-block-list\">\n<li>D\u00f6n\u00fc\u015ft\u00fcr\u00fclecek noktalar\u0131n \u00f6l\u00e7\u00fc epo\u011funa g\u00f6re hesaplanan yeni koordinatlar\u0131<\/li>\n<\/ul>\n\n\n\n<ul class=\"wp-block-list\">\n<li>D\u00f6n\u00fc\u015ft\u00fcr\u00fclecek noktalar\u0131n girilen referans epo\u011funa g\u00f6re hesaplanan yeni koordinatlar\u0131<\/li>\n<\/ul>\n\n\n\n<ul class=\"wp-block-list\">\n<li>D\u00f6n\u00fc\u015ft\u00fcr\u00fclecek noktalar\u0131n girilen referans epo\u011funa g\u00f6re hesaplanan h\u0131z vekt\u00f6rleri<\/li>\n<\/ul>\n\n\n\n<div style=\"height:10px\" aria-hidden=\"true\" class=\"wp-block-spacer\"><\/div>\n\n\n\n<hr class=\"wp-block-separator has-alpha-channel-opacity\"\/>\n\n\n\n<h3 class=\"wp-block-heading\" id=\"kanava\">Kanava<\/h3>\n\n\n\n<h6 class=\"wp-block-heading\" id=\"gerekli-dosyalar-2\"><strong>Gerekli Dosyalar<\/strong><\/h6>\n\n\n\n<ul class=\"wp-block-list\">\n<li>Gidi\u015f D\u00f6n\u00fc\u015f \u00d6l\u00e7\u00fcler Dosyas\u0131 (txt)<\/li>\n<\/ul>\n\n\n\n<ul class=\"wp-block-list\">\n<li>Nokta Koordinat Dosyas\u0131 (txt)<\/li>\n<\/ul>\n\n\n\n<ul class=\"wp-block-list\">\n<li>Lup Dosyas\u0131 (txt)<\/li>\n<\/ul>\n\n\n\n<h6 class=\"wp-block-heading\" id=\"girilmesi-gereken-degerler-3\"><strong>Girilmesi Gereken De\u011ferler<\/strong><\/h6>\n\n\n\n<p><span style=\"text-decoration: underline;\">Gidi\u015f D\u00f6n\u00fc\u015f \u00d6l\u00e7\u00fcleri i\u00e7in<\/span><\/p>\n\n\n\n<ul class=\"wp-block-list\">\n<li>1. ve 2. nokta adlar\u0131, gidi\u015f ve d\u00f6n\u00fc\u015f kot farklar\u0131, gidi\u015f ve d\u00f6n\u00fc\u015f mesafeleri<\/li>\n<\/ul>\n\n\n\n<p><span style=\"text-decoration: underline;\">Nokta Koordinat Dosyas\u0131nda<\/span><\/p>\n\n\n\n<ul class=\"wp-block-list\">\n<li>Nokta Ad\u0131, Nokta Tipi, X, Y<\/li>\n<\/ul>\n\n\n\n<ul class=\"wp-block-list\">\n<li>(Nokta tipi; Pilye i\u00e7in P, Ta\u015f i\u00e7in T, \u00c7ivi i\u00e7in \u00c7, Beton i\u00e7in B, belirsizse X olarak girilir.)<\/li>\n<\/ul>\n\n\n\n<p><span style=\"text-decoration: underline;\">Lup Dosyas\u0131nda<\/span><\/p>\n\n\n\n<ul class=\"wp-block-list\">\n<li>T\u00fcm noktalar\u0131n adlar\u0131<\/li>\n<\/ul>\n\n\n\n<h6 class=\"wp-block-heading\" id=\"sonuc-dosyasi-icerikleri-3\"><strong>Sonu\u00e7 Dosyas\u0131 \u0130\u00e7erikleri<\/strong><\/h6>\n\n\n\n<ul class=\"wp-block-list\">\n<li>DXF format\u0131nda Kanava \u00e7\u0131kt\u0131s\u0131<\/li>\n<\/ul>\n\n\n\n<p><\/p>\n\n\n\n<p><\/p>\n\n\n\n<p><\/p>\n\n\n\n<p><\/p>\n\n\n\n<p><\/p>","protected":false},"excerpt":{"rendered":"<p>Nivelman Dengelemesi Gereken Dosyalar Girilmesi Gereken De\u011ferler \u00d6l\u00e7\u00fc Dosyas\u0131 i\u00e7in Nokta Dosyas\u0131 i\u00e7in Sonu\u00e7 Dosyas\u0131 \u0130\u00e7erikleri GPS Nivelman Hesab\u0131 Gereken Dosyalar Sonu\u00e7 Dosyas\u0131 \u0130\u00e7erikleri Geoid Y\u00fckseklik Hesab\u0131 Gerekli Dosyalar Girilmesi Gereken De\u011ferler Sonu\u00e7 Dosyas\u0131 \u0130\u00e7erikleri H\u0131z Hesab\u0131 Gerekli Dosyalar Girilmesi Gereken De\u011ferler Bilinen Noktalar Dosyas\u0131nda D\u00f6n\u00fc\u015ft\u00fcr\u00fclecek Noktalar Doyas\u0131nda Sonu\u00e7 Dosyas\u0131 \u0130\u00e7erikleri Kanava Gerekli Dosyalar Girilmesi [&hellip;]<\/p>\n","protected":false},"author":1,"featured_media":0,"parent":101,"menu_order":0,"comment_status":"closed","ping_status":"closed","template":"","meta":{"_coblocks_attr":"","_coblocks_dimensions":"","_coblocks_responsive_height":"","_coblocks_accordion_ie_support":"","hide_page_title":"","footnotes":""},"class_list":["post-275","page","type-page","status-publish","hentry"],"yoast_head":"<!-- This site is optimized with the Yoast SEO plugin v27.5 - https:\/\/yoast.com\/product\/yoast-seo-wordpress\/ -->\n<title>Nivelman Teknik \u00d6zellikler - Ekistika<\/title>\n<meta name=\"description\" content=\"Ekistika Nivelman uygulamas\u0131n\u0131n teknik \u00f6zellik listesini ve t\u00fcm yapabildiklerini ke\u015ffedin.\" \/>\n<meta name=\"robots\" content=\"index, follow, max-snippet:-1, max-image-preview:large, max-video-preview:-1\" \/>\n<link rel=\"canonical\" href=\"https:\/\/ekistika.com\/en\/urunler\/nivelman\/teknik-ozellikler\/\" \/>\n<meta property=\"og:locale\" content=\"en_US\" \/>\n<meta property=\"og:type\" content=\"article\" \/>\n<meta property=\"og:title\" content=\"Nivelman Teknik \u00d6zellikler - Ekistika\" \/>\n<meta property=\"og:description\" content=\"Ekistika Nivelman uygulamas\u0131n\u0131n teknik \u00f6zellik listesini ve t\u00fcm yapabildiklerini ke\u015ffedin.\" \/>\n<meta property=\"og:url\" content=\"https:\/\/ekistika.com\/en\/urunler\/nivelman\/teknik-ozellikler\/\" \/>\n<meta property=\"og:site_name\" content=\"Ekistika\" \/>\n<meta property=\"article:modified_time\" content=\"2024-07-25T13:04:05+00:00\" \/>\n<meta property=\"og:image\" content=\"https:\/\/ekistika.com\/wp-content\/uploads\/2022\/01\/image-3.jpg\" \/>\n<meta name=\"twitter:card\" content=\"summary_large_image\" \/>\n<meta name=\"twitter:label1\" content=\"Est. reading time\" \/>\n\t<meta name=\"twitter:data1\" content=\"2 minutes\" \/>\n<script type=\"application\/ld+json\" class=\"yoast-schema-graph\">{\"@context\":\"https:\\\/\\\/schema.org\",\"@graph\":[{\"@type\":\"WebPage\",\"@id\":\"https:\\\/\\\/ekistika.com\\\/urunler\\\/nivelman\\\/teknik-ozellikler\\\/\",\"url\":\"https:\\\/\\\/ekistika.com\\\/urunler\\\/nivelman\\\/teknik-ozellikler\\\/\",\"name\":\"Nivelman Teknik \u00d6zellikler - Ekistika\",\"isPartOf\":{\"@id\":\"https:\\\/\\\/ekistika.com\\\/#website\"},\"primaryImageOfPage\":{\"@id\":\"https:\\\/\\\/ekistika.com\\\/urunler\\\/nivelman\\\/teknik-ozellikler\\\/#primaryimage\"},\"image\":{\"@id\":\"https:\\\/\\\/ekistika.com\\\/urunler\\\/nivelman\\\/teknik-ozellikler\\\/#primaryimage\"},\"thumbnailUrl\":\"https:\\\/\\\/ekistika.com\\\/wp-content\\\/uploads\\\/2022\\\/01\\\/image-3.jpg\",\"datePublished\":\"2022-02-05T19:33:12+00:00\",\"dateModified\":\"2024-07-25T13:04:05+00:00\",\"description\":\"Ekistika Nivelman uygulamas\u0131n\u0131n teknik \u00f6zellik listesini ve t\u00fcm yapabildiklerini ke\u015ffedin.\",\"breadcrumb\":{\"@id\":\"https:\\\/\\\/ekistika.com\\\/urunler\\\/nivelman\\\/teknik-ozellikler\\\/#breadcrumb\"},\"inLanguage\":\"en-US\",\"potentialAction\":[{\"@type\":\"ReadAction\",\"target\":[\"https:\\\/\\\/ekistika.com\\\/urunler\\\/nivelman\\\/teknik-ozellikler\\\/\"]}]},{\"@type\":\"ImageObject\",\"inLanguage\":\"en-US\",\"@id\":\"https:\\\/\\\/ekistika.com\\\/urunler\\\/nivelman\\\/teknik-ozellikler\\\/#primaryimage\",\"url\":\"https:\\\/\\\/ekistika.com\\\/wp-content\\\/uploads\\\/2022\\\/01\\\/image-3.jpg\",\"contentUrl\":\"https:\\\/\\\/ekistika.com\\\/wp-content\\\/uploads\\\/2022\\\/01\\\/image-3.jpg\"},{\"@type\":\"BreadcrumbList\",\"@id\":\"https:\\\/\\\/ekistika.com\\\/urunler\\\/nivelman\\\/teknik-ozellikler\\\/#breadcrumb\",\"itemListElement\":[{\"@type\":\"ListItem\",\"position\":1,\"name\":\"Anasayfa\",\"item\":\"https:\\\/\\\/ekistika.com\\\/\"},{\"@type\":\"ListItem\",\"position\":2,\"name\":\"\u00dcr\u00fcnler\",\"item\":\"https:\\\/\\\/ekistika.com\\\/urunler\\\/\"},{\"@type\":\"ListItem\",\"position\":3,\"name\":\"Nivelman\",\"item\":\"https:\\\/\\\/ekistika.com\\\/urunler\\\/nivelman\\\/\"},{\"@type\":\"ListItem\",\"position\":4,\"name\":\"Nivelman Teknik \u00d6zellikler\"}]},{\"@type\":\"WebSite\",\"@id\":\"https:\\\/\\\/ekistika.com\\\/#website\",\"url\":\"https:\\\/\\\/ekistika.com\\\/\",\"name\":\"Ekistika\",\"description\":\"\",\"publisher\":{\"@id\":\"https:\\\/\\\/ekistika.com\\\/#organization\"},\"potentialAction\":[{\"@type\":\"SearchAction\",\"target\":{\"@type\":\"EntryPoint\",\"urlTemplate\":\"https:\\\/\\\/ekistika.com\\\/?s={search_term_string}\"},\"query-input\":{\"@type\":\"PropertyValueSpecification\",\"valueRequired\":true,\"valueName\":\"search_term_string\"}}],\"inLanguage\":\"en-US\"},{\"@type\":\"Organization\",\"@id\":\"https:\\\/\\\/ekistika.com\\\/#organization\",\"name\":\"Ekistika\",\"url\":\"https:\\\/\\\/ekistika.com\\\/\",\"logo\":{\"@type\":\"ImageObject\",\"inLanguage\":\"en-US\",\"@id\":\"https:\\\/\\\/ekistika.com\\\/#\\\/schema\\\/logo\\\/image\\\/\",\"url\":\"https:\\\/\\\/ekistika.com\\\/wp-content\\\/uploads\\\/2024\\\/07\\\/cropped-Light-1200pxekistika.png\",\"contentUrl\":\"https:\\\/\\\/ekistika.com\\\/wp-content\\\/uploads\\\/2024\\\/07\\\/cropped-Light-1200pxekistika.png\",\"width\":480,\"height\":480,\"caption\":\"Ekistika\"},\"image\":{\"@id\":\"https:\\\/\\\/ekistika.com\\\/#\\\/schema\\\/logo\\\/image\\\/\"}}]}<\/script>\n<!-- \/ Yoast SEO plugin. -->","yoast_head_json":{"title":"Nivelman Teknik \u00d6zellikler - Ekistika","description":"Ekistika Nivelman uygulamas\u0131n\u0131n teknik \u00f6zellik listesini ve t\u00fcm yapabildiklerini ke\u015ffedin.","robots":{"index":"index","follow":"follow","max-snippet":"max-snippet:-1","max-image-preview":"max-image-preview:large","max-video-preview":"max-video-preview:-1"},"canonical":"https:\/\/ekistika.com\/en\/urunler\/nivelman\/teknik-ozellikler\/","og_locale":"en_US","og_type":"article","og_title":"Nivelman Teknik \u00d6zellikler - Ekistika","og_description":"Ekistika Nivelman uygulamas\u0131n\u0131n teknik \u00f6zellik listesini ve t\u00fcm yapabildiklerini ke\u015ffedin.","og_url":"https:\/\/ekistika.com\/en\/urunler\/nivelman\/teknik-ozellikler\/","og_site_name":"Ekistika","article_modified_time":"2024-07-25T13:04:05+00:00","og_image":[{"url":"https:\/\/ekistika.com\/wp-content\/uploads\/2022\/01\/image-3.jpg","type":"","width":"","height":""}],"twitter_card":"summary_large_image","twitter_misc":{"Est. reading time":"2 minutes"},"schema":{"@context":"https:\/\/schema.org","@graph":[{"@type":"WebPage","@id":"https:\/\/ekistika.com\/urunler\/nivelman\/teknik-ozellikler\/","url":"https:\/\/ekistika.com\/urunler\/nivelman\/teknik-ozellikler\/","name":"Nivelman Teknik \u00d6zellikler - Ekistika","isPartOf":{"@id":"https:\/\/ekistika.com\/#website"},"primaryImageOfPage":{"@id":"https:\/\/ekistika.com\/urunler\/nivelman\/teknik-ozellikler\/#primaryimage"},"image":{"@id":"https:\/\/ekistika.com\/urunler\/nivelman\/teknik-ozellikler\/#primaryimage"},"thumbnailUrl":"https:\/\/ekistika.com\/wp-content\/uploads\/2022\/01\/image-3.jpg","datePublished":"2022-02-05T19:33:12+00:00","dateModified":"2024-07-25T13:04:05+00:00","description":"Ekistika Nivelman uygulamas\u0131n\u0131n teknik \u00f6zellik listesini ve t\u00fcm yapabildiklerini ke\u015ffedin.","breadcrumb":{"@id":"https:\/\/ekistika.com\/urunler\/nivelman\/teknik-ozellikler\/#breadcrumb"},"inLanguage":"en-US","potentialAction":[{"@type":"ReadAction","target":["https:\/\/ekistika.com\/urunler\/nivelman\/teknik-ozellikler\/"]}]},{"@type":"ImageObject","inLanguage":"en-US","@id":"https:\/\/ekistika.com\/urunler\/nivelman\/teknik-ozellikler\/#primaryimage","url":"https:\/\/ekistika.com\/wp-content\/uploads\/2022\/01\/image-3.jpg","contentUrl":"https:\/\/ekistika.com\/wp-content\/uploads\/2022\/01\/image-3.jpg"},{"@type":"BreadcrumbList","@id":"https:\/\/ekistika.com\/urunler\/nivelman\/teknik-ozellikler\/#breadcrumb","itemListElement":[{"@type":"ListItem","position":1,"name":"Anasayfa","item":"https:\/\/ekistika.com\/"},{"@type":"ListItem","position":2,"name":"\u00dcr\u00fcnler","item":"https:\/\/ekistika.com\/urunler\/"},{"@type":"ListItem","position":3,"name":"Nivelman","item":"https:\/\/ekistika.com\/urunler\/nivelman\/"},{"@type":"ListItem","position":4,"name":"Nivelman Teknik \u00d6zellikler"}]},{"@type":"WebSite","@id":"https:\/\/ekistika.com\/#website","url":"https:\/\/ekistika.com\/","name":"Ekistika","description":"","publisher":{"@id":"https:\/\/ekistika.com\/#organization"},"potentialAction":[{"@type":"SearchAction","target":{"@type":"EntryPoint","urlTemplate":"https:\/\/ekistika.com\/?s={search_term_string}"},"query-input":{"@type":"PropertyValueSpecification","valueRequired":true,"valueName":"search_term_string"}}],"inLanguage":"en-US"},{"@type":"Organization","@id":"https:\/\/ekistika.com\/#organization","name":"Ekistika","url":"https:\/\/ekistika.com\/","logo":{"@type":"ImageObject","inLanguage":"en-US","@id":"https:\/\/ekistika.com\/#\/schema\/logo\/image\/","url":"https:\/\/ekistika.com\/wp-content\/uploads\/2024\/07\/cropped-Light-1200pxekistika.png","contentUrl":"https:\/\/ekistika.com\/wp-content\/uploads\/2024\/07\/cropped-Light-1200pxekistika.png","width":480,"height":480,"caption":"Ekistika"},"image":{"@id":"https:\/\/ekistika.com\/#\/schema\/logo\/image\/"}}]}},"_links":{"self":[{"href":"https:\/\/ekistika.com\/en\/wp-json\/wp\/v2\/pages\/275","targetHints":{"allow":["GET"]}}],"collection":[{"href":"https:\/\/ekistika.com\/en\/wp-json\/wp\/v2\/pages"}],"about":[{"href":"https:\/\/ekistika.com\/en\/wp-json\/wp\/v2\/types\/page"}],"author":[{"embeddable":true,"href":"https:\/\/ekistika.com\/en\/wp-json\/wp\/v2\/users\/1"}],"replies":[{"embeddable":true,"href":"https:\/\/ekistika.com\/en\/wp-json\/wp\/v2\/comments?post=275"}],"version-history":[{"count":21,"href":"https:\/\/ekistika.com\/en\/wp-json\/wp\/v2\/pages\/275\/revisions"}],"predecessor-version":[{"id":1259,"href":"https:\/\/ekistika.com\/en\/wp-json\/wp\/v2\/pages\/275\/revisions\/1259"}],"up":[{"embeddable":true,"href":"https:\/\/ekistika.com\/en\/wp-json\/wp\/v2\/pages\/101"}],"wp:attachment":[{"href":"https:\/\/ekistika.com\/en\/wp-json\/wp\/v2\/media?parent=275"}],"curies":[{"name":"wp","href":"https:\/\/api.w.org\/{rel}","templated":true}]}}