{"id":95,"date":"2022-01-25T15:28:47","date_gmt":"2022-01-25T15:28:47","guid":{"rendered":"https:\/\/ekistika.com\/?page_id=95"},"modified":"2024-07-25T13:18:06","modified_gmt":"2024-07-25T13:18:06","slug":"dgnedit","status":"publish","type":"page","link":"https:\/\/ekistika.com\/en\/urunler\/dgnedit\/","title":{"rendered":"DGNEdit"},"content":{"rendered":"<div class=\"wp-block-cover alignfull is-light\" style=\"min-height:307px;aspect-ratio:unset;\"><span aria-hidden=\"true\" class=\"wp-block-cover__background has-background-dim\"><\/span><img loading=\"lazy\" decoding=\"async\" width=\"628\" height=\"480\" class=\"wp-block-cover__image-background wp-image-12\" alt=\"\" src=\"https:\/\/ekistika.com\/wp-content\/uploads\/2022\/01\/image-9.jpg\" data-object-fit=\"cover\" srcset=\"https:\/\/ekistika.com\/wp-content\/uploads\/2022\/01\/image-9.jpg 628w, https:\/\/ekistika.com\/wp-content\/uploads\/2022\/01\/image-9-300x229.jpg 300w, https:\/\/ekistika.com\/wp-content\/uploads\/2022\/01\/image-9-768x587.jpg 768w\" sizes=\"auto, (max-width: 628px) 100vw, 628px\" \/><div class=\"wp-block-cover__inner-container is-layout-flow wp-block-cover-is-layout-flow\">\n<h2 class=\"wp-block-heading has-text-align-center has-quaternary-color has-text-color\" id=\"dgnedit-uygulamasi-sayisal-harita-uretimine-yardimci-olur\">DGNEdit uygulamas\u0131 say\u0131sal harita \u00fcretimine yard\u0131mc\u0131 olur.<\/h2>\n<\/div><\/div>\n\n\n\n<p>Our DGNEdit application, which works on the Microstation CAD program, can be used for various mapping, scanning, and elevation operations. Operations can be selected singularly or in multiples and can be undone if necessary. Operations can be performed through the configuration file. There are also element filters available such as layer, color, and line type.<\/p>\n\n\n\n<div style=\"height:10px\" aria-hidden=\"true\" class=\"wp-block-spacer\"><\/div>\n\n\n\n<p class=\"has-text-align-center\" style=\"font-size:18px\"><a href=\"https:\/\/ekistika.com\/en\/urunler\/dgnedit\/teknik-ozellikler\/\">Take a look at all the features that our DGNEdit application can do &gt;<\/a><\/p>\n\n\n\n<h3 class=\"wp-block-heading\" id=\"pafta-islemleri\">Pafta \u0130\u015flemleri<\/h3>\n\n\n\n<p>Pafta listesi olu\u015fturularak \u00e7oklu paftalar ile Batch i\u015flemi yap\u0131labilir. Uygulamam\u0131z pafta lejant\u0131 alma, indeks olu\u015fturma, bloktan pafta kesme, dilim d\u00f6n\u00fc\u015f\u00fcm\u00fc gibi i\u015flemler yapabilir. <\/p>\n\n\n\n<h3 class=\"wp-block-heading\" id=\"tarama-ve-kot-islemleri\">Tarama ve Kot \u0130\u015flemleri<\/h3>\n\n\n\n<p>Uygulamam\u0131z \u015fev, sundurma, sera, bina ve merdiven taramalar\u0131n\u0131 da ger\u00e7ekle\u015fririr. Ayn\u0131 zamanda \u00e7e\u015fitli kot i\u015flemleri de yapar. Kot d\u00fczeltme ve yer kotu s\u0131k\u0131la\u015ft\u0131rma\/seyrekle\u015ftirme i\u015flemlerini yapabilirsiniz.<\/p>\n\n\n\n<h3 class=\"wp-block-heading\" id=\"munhani-islemleri\">M\u00fcnhani \u0130\u015flemleri<\/h3>\n\n\n\n<p>M\u00fcnhani kotu yazd\u0131rma, d\u00fczeltme ve genelle\u015ftirme i\u015flemlerini de yapabilir. <\/p>\n\n\n\n<h3 class=\"wp-block-heading\" id=\"text-cell-islemleri\">Text\/Cell \u0130\u015flemleri<\/h3>\n\n\n\n<p id=\"text-cell-islemleri\">D\u00f6nd\u00fcrme, \u00f6l\u00e7ekleme, koordinat yazd\u0131rma, etiketleme, seyrekle\u015ftirme ve semboloji de\u011fi\u015ftirme gibi text\/cell i\u015flemlerini de DGNEdit ile kolayca yapabilirsiniz.<\/p>\n\n\n\n<h3 class=\"wp-block-heading\" id=\"kontrol-islemleri-ve-cizgisel-islemler\">Kontrol \u0130\u015flemleri ve \u00c7izgisel \u0130\u015flemler<\/h3>\n\n\n\n<p>Topolojik (Kesi\u015fim veya birle\u015fim gibi) ve Genel (\u00c7izim y\u00f6n\u00fc veya yaz\u0131 boyutu gibi) kontrol i\u015flemleri desteklenir. \u00c7izgi birle\u015ftirme, yumu\u015fatma, nokta azaltma\/s\u0131k\u0131la\u015ft\u0131rma,  \u00e7izgi-alan veya \u00e7izgi-curve d\u00f6n\u00fc\u015f\u00fcmleri gibi \u00e7izgisel i\u015flemler de uygulamam\u0131z arac\u0131l\u0131\u011f\u0131yla ger\u00e7ekle\u015ftirilebilir.<\/p>\n\n\n\n<h3 class=\"wp-block-heading\" id=\"diger-islemler\">Di\u011fer \u0130\u015flemler<\/h3>\n\n\n\n<p>Kontrol noktas\u0131 ve \u00e7izgi\/alan import etme ve element \u00e7iftleri bulma gibi i\u015flemler de desteklenir.<\/p>\n\n\n\n<p>Daha fazla \u00f6zellik g\u00f6rmek i\u00e7in l\u00fctfen daha fazla bilgi edinin b\u00f6l\u00fcm\u00fcne g\u00f6z at\u0131n.<\/p>\n\n\n\n<p><\/p>\n\n\n\n<h3 class=\"wp-block-heading\" id=\"dgnedit-ile-ilgili-daha-fazla-bilgi-edinin\">DGNEdit ile ilgili daha fazla bilgi edinin.<\/h3>\n\n\n\n<p class=\"has-helvetica-font-family has-custom-font\" id=\"teknik-ozellikler-1\" style=\"font-family:Helvetica;font-size:18px\"><a href=\"https:\/\/ekistika.com\/en\/urunler\/dgnedit\/teknik-ozellikler\/\">T\u00fcm teknik \u00f6zellikler &gt;<\/a><\/p>\n\n\n\n<p><\/p>\n\n\n\n<p class=\"has-helvetica-font-family has-custom-font\" id=\"dgnedit-icin-destek-sayfasi\" style=\"font-family:Helvetica;font-size:18px\"><a href=\"https:\/\/ekistika.com\/en\/destek\/dgnedit\/\" data-type=\"page\" data-id=\"220\">DGNEdit i\u00e7in destek sayfas\u0131 &gt;<\/a><\/p>\n\n\n\n<p><\/p>","protected":false},"excerpt":{"rendered":"<p>Microstation CAD program\u0131 \u00fczerinde \u00e7al\u0131\u015fan DGNEdit uygulamam\u0131z; \u00e7e\u015fitli pafta, tarama ve kot i\u015flemleri i\u00e7in kullan\u0131labilir. \u0130\u015flemler tekli veya \u00e7oklu bir \u015fekilde se\u00e7ilebilir, gerekirse geri de al\u0131nabilir. Konfig\u00fcrasyon dosyas\u0131 \u00fczerinden i\u015flem ger\u00e7ekle\u015ftirilebilir. Katman, renk, \u00e7izgi tipi gibi element filtreleri de mevcuttur. DGNEdit uygulamam\u0131z\u0131n yapabildi\u011fi t\u00fcm \u00f6zelliklere g\u00f6z at\u0131n &gt; Pafta \u0130\u015flemleri Pafta listesi olu\u015fturularak \u00e7oklu paftalar [&hellip;]<\/p>\n","protected":false},"author":1,"featured_media":0,"parent":20,"menu_order":0,"comment_status":"closed","ping_status":"closed","template":"","meta":{"_coblocks_attr":"Helvetica,Helvetica","_coblocks_dimensions":"","_coblocks_responsive_height":"","_coblocks_accordion_ie_support":"","hide_page_title":"","footnotes":""},"class_list":["post-95","page","type-page","status-publish","hentry"],"yoast_head":"<!-- This site is optimized with the Yoast SEO plugin v27.5 - https:\/\/yoast.com\/product\/yoast-seo-wordpress\/ -->\n<title>DGNEdit - Ekistika<\/title>\n<meta name=\"description\" content=\"Microstation CAD program\u0131 \u00fczerinde \u00e7al\u0131\u015fan DGNEdit uygulamas\u0131; \u00e7e\u015fitli pafta, tarama ve kot i\u015flemleri i\u00e7in kullan\u0131l\u0131r.\" \/>\n<meta name=\"robots\" content=\"index, follow, max-snippet:-1, max-image-preview:large, max-video-preview:-1\" \/>\n<link rel=\"canonical\" href=\"https:\/\/ekistika.com\/en\/urunler\/dgnedit\/\" \/>\n<meta property=\"og:locale\" content=\"en_US\" \/>\n<meta property=\"og:type\" content=\"article\" \/>\n<meta property=\"og:title\" content=\"DGNEdit - Ekistika\" \/>\n<meta property=\"og:description\" content=\"Microstation CAD program\u0131 \u00fczerinde \u00e7al\u0131\u015fan DGNEdit uygulamas\u0131; \u00e7e\u015fitli pafta, tarama ve kot i\u015flemleri i\u00e7in kullan\u0131l\u0131r.\" \/>\n<meta property=\"og:url\" content=\"https:\/\/ekistika.com\/en\/urunler\/dgnedit\/\" \/>\n<meta property=\"og:site_name\" content=\"Ekistika\" \/>\n<meta property=\"article:modified_time\" content=\"2024-07-25T13:18:06+00:00\" \/>\n<meta property=\"og:image\" content=\"https:\/\/ekistika.com\/wp-content\/uploads\/2022\/01\/image-9.jpg\" \/>\n<meta name=\"twitter:card\" content=\"summary_large_image\" \/>\n<meta name=\"twitter:label1\" content=\"Est. reading time\" \/>\n\t<meta name=\"twitter:data1\" content=\"2 minutes\" \/>\n<script type=\"application\/ld+json\" class=\"yoast-schema-graph\">{\"@context\":\"https:\\\/\\\/schema.org\",\"@graph\":[{\"@type\":\"WebPage\",\"@id\":\"https:\\\/\\\/ekistika.com\\\/urunler\\\/dgnedit\\\/\",\"url\":\"https:\\\/\\\/ekistika.com\\\/urunler\\\/dgnedit\\\/\",\"name\":\"DGNEdit - Ekistika\",\"isPartOf\":{\"@id\":\"https:\\\/\\\/ekistika.com\\\/#website\"},\"primaryImageOfPage\":{\"@id\":\"https:\\\/\\\/ekistika.com\\\/urunler\\\/dgnedit\\\/#primaryimage\"},\"image\":{\"@id\":\"https:\\\/\\\/ekistika.com\\\/urunler\\\/dgnedit\\\/#primaryimage\"},\"thumbnailUrl\":\"https:\\\/\\\/ekistika.com\\\/wp-content\\\/uploads\\\/2022\\\/01\\\/image-9.jpg\",\"datePublished\":\"2022-01-25T15:28:47+00:00\",\"dateModified\":\"2024-07-25T13:18:06+00:00\",\"description\":\"Microstation CAD program\u0131 \u00fczerinde \u00e7al\u0131\u015fan DGNEdit uygulamas\u0131; \u00e7e\u015fitli pafta, tarama ve kot i\u015flemleri i\u00e7in kullan\u0131l\u0131r.\",\"breadcrumb\":{\"@id\":\"https:\\\/\\\/ekistika.com\\\/urunler\\\/dgnedit\\\/#breadcrumb\"},\"inLanguage\":\"en-US\",\"potentialAction\":[{\"@type\":\"ReadAction\",\"target\":[\"https:\\\/\\\/ekistika.com\\\/urunler\\\/dgnedit\\\/\"]}]},{\"@type\":\"ImageObject\",\"inLanguage\":\"en-US\",\"@id\":\"https:\\\/\\\/ekistika.com\\\/urunler\\\/dgnedit\\\/#primaryimage\",\"url\":\"https:\\\/\\\/ekistika.com\\\/wp-content\\\/uploads\\\/2022\\\/01\\\/image-9.jpg\",\"contentUrl\":\"https:\\\/\\\/ekistika.com\\\/wp-content\\\/uploads\\\/2022\\\/01\\\/image-9.jpg\"},{\"@type\":\"BreadcrumbList\",\"@id\":\"https:\\\/\\\/ekistika.com\\\/urunler\\\/dgnedit\\\/#breadcrumb\",\"itemListElement\":[{\"@type\":\"ListItem\",\"position\":1,\"name\":\"Anasayfa\",\"item\":\"https:\\\/\\\/ekistika.com\\\/\"},{\"@type\":\"ListItem\",\"position\":2,\"name\":\"\u00dcr\u00fcnler\",\"item\":\"https:\\\/\\\/ekistika.com\\\/urunler\\\/\"},{\"@type\":\"ListItem\",\"position\":3,\"name\":\"DGNEdit\"}]},{\"@type\":\"WebSite\",\"@id\":\"https:\\\/\\\/ekistika.com\\\/#website\",\"url\":\"https:\\\/\\\/ekistika.com\\\/\",\"name\":\"Ekistika\",\"description\":\"\",\"publisher\":{\"@id\":\"https:\\\/\\\/ekistika.com\\\/#organization\"},\"potentialAction\":[{\"@type\":\"SearchAction\",\"target\":{\"@type\":\"EntryPoint\",\"urlTemplate\":\"https:\\\/\\\/ekistika.com\\\/?s={search_term_string}\"},\"query-input\":{\"@type\":\"PropertyValueSpecification\",\"valueRequired\":true,\"valueName\":\"search_term_string\"}}],\"inLanguage\":\"en-US\"},{\"@type\":\"Organization\",\"@id\":\"https:\\\/\\\/ekistika.com\\\/#organization\",\"name\":\"Ekistika\",\"url\":\"https:\\\/\\\/ekistika.com\\\/\",\"logo\":{\"@type\":\"ImageObject\",\"inLanguage\":\"en-US\",\"@id\":\"https:\\\/\\\/ekistika.com\\\/#\\\/schema\\\/logo\\\/image\\\/\",\"url\":\"https:\\\/\\\/ekistika.com\\\/wp-content\\\/uploads\\\/2024\\\/07\\\/cropped-Light-1200pxekistika.png\",\"contentUrl\":\"https:\\\/\\\/ekistika.com\\\/wp-content\\\/uploads\\\/2024\\\/07\\\/cropped-Light-1200pxekistika.png\",\"width\":480,\"height\":480,\"caption\":\"Ekistika\"},\"image\":{\"@id\":\"https:\\\/\\\/ekistika.com\\\/#\\\/schema\\\/logo\\\/image\\\/\"}}]}<\/script>\n<!-- \/ Yoast SEO plugin. -->","yoast_head_json":{"title":"DGNEdit - Ekistika","description":"Microstation CAD program\u0131 \u00fczerinde \u00e7al\u0131\u015fan DGNEdit uygulamas\u0131; \u00e7e\u015fitli pafta, tarama ve kot i\u015flemleri i\u00e7in kullan\u0131l\u0131r.","robots":{"index":"index","follow":"follow","max-snippet":"max-snippet:-1","max-image-preview":"max-image-preview:large","max-video-preview":"max-video-preview:-1"},"canonical":"https:\/\/ekistika.com\/en\/urunler\/dgnedit\/","og_locale":"en_US","og_type":"article","og_title":"DGNEdit - Ekistika","og_description":"Microstation CAD program\u0131 \u00fczerinde \u00e7al\u0131\u015fan DGNEdit uygulamas\u0131; \u00e7e\u015fitli pafta, tarama ve kot i\u015flemleri i\u00e7in kullan\u0131l\u0131r.","og_url":"https:\/\/ekistika.com\/en\/urunler\/dgnedit\/","og_site_name":"Ekistika","article_modified_time":"2024-07-25T13:18:06+00:00","og_image":[{"url":"https:\/\/ekistika.com\/wp-content\/uploads\/2022\/01\/image-9.jpg","type":"","width":"","height":""}],"twitter_card":"summary_large_image","twitter_misc":{"Est. reading time":"2 minutes"},"schema":{"@context":"https:\/\/schema.org","@graph":[{"@type":"WebPage","@id":"https:\/\/ekistika.com\/urunler\/dgnedit\/","url":"https:\/\/ekistika.com\/urunler\/dgnedit\/","name":"DGNEdit - Ekistika","isPartOf":{"@id":"https:\/\/ekistika.com\/#website"},"primaryImageOfPage":{"@id":"https:\/\/ekistika.com\/urunler\/dgnedit\/#primaryimage"},"image":{"@id":"https:\/\/ekistika.com\/urunler\/dgnedit\/#primaryimage"},"thumbnailUrl":"https:\/\/ekistika.com\/wp-content\/uploads\/2022\/01\/image-9.jpg","datePublished":"2022-01-25T15:28:47+00:00","dateModified":"2024-07-25T13:18:06+00:00","description":"Microstation CAD program\u0131 \u00fczerinde \u00e7al\u0131\u015fan DGNEdit uygulamas\u0131; \u00e7e\u015fitli pafta, tarama ve kot i\u015flemleri i\u00e7in kullan\u0131l\u0131r.","breadcrumb":{"@id":"https:\/\/ekistika.com\/urunler\/dgnedit\/#breadcrumb"},"inLanguage":"en-US","potentialAction":[{"@type":"ReadAction","target":["https:\/\/ekistika.com\/urunler\/dgnedit\/"]}]},{"@type":"ImageObject","inLanguage":"en-US","@id":"https:\/\/ekistika.com\/urunler\/dgnedit\/#primaryimage","url":"https:\/\/ekistika.com\/wp-content\/uploads\/2022\/01\/image-9.jpg","contentUrl":"https:\/\/ekistika.com\/wp-content\/uploads\/2022\/01\/image-9.jpg"},{"@type":"BreadcrumbList","@id":"https:\/\/ekistika.com\/urunler\/dgnedit\/#breadcrumb","itemListElement":[{"@type":"ListItem","position":1,"name":"Anasayfa","item":"https:\/\/ekistika.com\/"},{"@type":"ListItem","position":2,"name":"\u00dcr\u00fcnler","item":"https:\/\/ekistika.com\/urunler\/"},{"@type":"ListItem","position":3,"name":"DGNEdit"}]},{"@type":"WebSite","@id":"https:\/\/ekistika.com\/#website","url":"https:\/\/ekistika.com\/","name":"Ekistika","description":"","publisher":{"@id":"https:\/\/ekistika.com\/#organization"},"potentialAction":[{"@type":"SearchAction","target":{"@type":"EntryPoint","urlTemplate":"https:\/\/ekistika.com\/?s={search_term_string}"},"query-input":{"@type":"PropertyValueSpecification","valueRequired":true,"valueName":"search_term_string"}}],"inLanguage":"en-US"},{"@type":"Organization","@id":"https:\/\/ekistika.com\/#organization","name":"Ekistika","url":"https:\/\/ekistika.com\/","logo":{"@type":"ImageObject","inLanguage":"en-US","@id":"https:\/\/ekistika.com\/#\/schema\/logo\/image\/","url":"https:\/\/ekistika.com\/wp-content\/uploads\/2024\/07\/cropped-Light-1200pxekistika.png","contentUrl":"https:\/\/ekistika.com\/wp-content\/uploads\/2024\/07\/cropped-Light-1200pxekistika.png","width":480,"height":480,"caption":"Ekistika"},"image":{"@id":"https:\/\/ekistika.com\/#\/schema\/logo\/image\/"}}]}},"_links":{"self":[{"href":"https:\/\/ekistika.com\/en\/wp-json\/wp\/v2\/pages\/95","targetHints":{"allow":["GET"]}}],"collection":[{"href":"https:\/\/ekistika.com\/en\/wp-json\/wp\/v2\/pages"}],"about":[{"href":"https:\/\/ekistika.com\/en\/wp-json\/wp\/v2\/types\/page"}],"author":[{"embeddable":true,"href":"https:\/\/ekistika.com\/en\/wp-json\/wp\/v2\/users\/1"}],"replies":[{"embeddable":true,"href":"https:\/\/ekistika.com\/en\/wp-json\/wp\/v2\/comments?post=95"}],"version-history":[{"count":27,"href":"https:\/\/ekistika.com\/en\/wp-json\/wp\/v2\/pages\/95\/revisions"}],"predecessor-version":[{"id":1290,"href":"https:\/\/ekistika.com\/en\/wp-json\/wp\/v2\/pages\/95\/revisions\/1290"}],"up":[{"embeddable":true,"href":"https:\/\/ekistika.com\/en\/wp-json\/wp\/v2\/pages\/20"}],"wp:attachment":[{"href":"https:\/\/ekistika.com\/en\/wp-json\/wp\/v2\/media?parent=95"}],"curies":[{"name":"wp","href":"https:\/\/api.w.org\/{rel}","templated":true}]}}