{"id":994,"date":"2024-07-13T21:17:25","date_gmt":"2024-07-13T21:17:25","guid":{"rendered":"https:\/\/ekistika.com\/community\/"},"modified":"2024-08-30T09:20:56","modified_gmt":"2024-08-30T09:20:56","slug":"forum","status":"publish","type":"page","link":"https:\/\/ekistika.com\/en\/forum\/","title":{"rendered":"Forum"},"content":{"rendered":"<div class=\"wp-block-cover alignfull\" style=\"min-height:307px;aspect-ratio:unset;\"><span aria-hidden=\"true\" class=\"wp-block-cover__background has-primary-background-color has-background-dim\"><\/span><img loading=\"lazy\" decoding=\"async\" width=\"720\" height=\"480\" class=\"wp-block-cover__image-background wp-image-294\" alt=\"\" src=\"https:\/\/ekistika.com\/wp-content\/uploads\/2022\/02\/qtq80-sUNZuY.jpeg\" data-object-fit=\"cover\" srcset=\"https:\/\/ekistika.com\/wp-content\/uploads\/2022\/02\/qtq80-sUNZuY.jpeg 720w, https:\/\/ekistika.com\/wp-content\/uploads\/2022\/02\/qtq80-sUNZuY-300x200.jpeg 300w, https:\/\/ekistika.com\/wp-content\/uploads\/2022\/02\/qtq80-sUNZuY-1024x683.jpeg 1024w, https:\/\/ekistika.com\/wp-content\/uploads\/2022\/02\/qtq80-sUNZuY-768x512.jpeg 768w, https:\/\/ekistika.com\/wp-content\/uploads\/2022\/02\/qtq80-sUNZuY-1536x1024.jpeg 1536w, https:\/\/ekistika.com\/wp-content\/uploads\/2022\/02\/qtq80-sUNZuY-2048x1365.jpeg 2048w\" sizes=\"auto, (max-width: 720px) 100vw, 720px\" \/><div class=\"wp-block-cover__inner-container is-layout-flow wp-block-cover-is-layout-flow\">\n<h2 class=\"wp-block-heading has-text-align-center has-quaternary-color has-text-color\" id=\"dgnedit-icin-destek-bilgilerine-buradan-ulasabilirsiniz\">Ekistika \u00fcr\u00fcnleriyle ilgili forumlara buradan ula\u015fabilirsiniz.<\/h2>\n<\/div><\/div>","protected":false},"excerpt":{"rendered":"","protected":false},"author":1,"featured_media":0,"parent":0,"menu_order":0,"comment_status":"closed","ping_status":"closed","template":"","meta":{"_coblocks_attr":"","_coblocks_dimensions":"","_coblocks_responsive_height":"","_coblocks_accordion_ie_support":"","hide_page_title":"","footnotes":""},"class_list":["post-994","page","type-page","status-publish","hentry"],"yoast_head":"<!-- This site is optimized with the Yoast SEO plugin v27.5 - https:\/\/yoast.com\/product\/yoast-seo-wordpress\/ -->\n<title>Forum - Ekistika<\/title>\n<meta name=\"description\" content=\"Ekistika \u00fcr\u00fcnleriyle ilgili forumlara buradan ula\u015fabilirsiniz.\" \/>\n<meta name=\"robots\" content=\"index, follow, max-snippet:-1, max-image-preview:large, max-video-preview:-1\" \/>\n<link rel=\"canonical\" href=\"https:\/\/ekistika.com\/en\/forum\/\" \/>\n<meta property=\"og:locale\" content=\"en_US\" \/>\n<meta property=\"og:type\" content=\"article\" \/>\n<meta property=\"og:title\" content=\"Forum - Ekistika\" \/>\n<meta property=\"og:description\" content=\"Ekistika \u00fcr\u00fcnleriyle ilgili forumlara buradan ula\u015fabilirsiniz.\" \/>\n<meta property=\"og:url\" content=\"https:\/\/ekistika.com\/en\/forum\/\" \/>\n<meta property=\"og:site_name\" content=\"Ekistika\" \/>\n<meta property=\"article:modified_time\" content=\"2024-08-30T09:20:56+00:00\" \/>\n<meta property=\"og:image\" content=\"https:\/\/ekistika.com\/wp-content\/uploads\/2022\/02\/qtq80-sUNZuY.jpeg\" \/>\n<meta name=\"twitter:card\" content=\"summary_large_image\" \/>\n<script type=\"application\/ld+json\" class=\"yoast-schema-graph\">{\"@context\":\"https:\\\/\\\/schema.org\",\"@graph\":[{\"@type\":\"WebPage\",\"@id\":\"https:\\\/\\\/ekistika.com\\\/forum\\\/\",\"url\":\"https:\\\/\\\/ekistika.com\\\/forum\\\/\",\"name\":\"Forum - Ekistika\",\"isPartOf\":{\"@id\":\"https:\\\/\\\/ekistika.com\\\/#website\"},\"primaryImageOfPage\":{\"@id\":\"https:\\\/\\\/ekistika.com\\\/forum\\\/#primaryimage\"},\"image\":{\"@id\":\"https:\\\/\\\/ekistika.com\\\/forum\\\/#primaryimage\"},\"thumbnailUrl\":\"https:\\\/\\\/ekistika.com\\\/wp-content\\\/uploads\\\/2022\\\/02\\\/qtq80-sUNZuY.jpeg\",\"datePublished\":\"2024-07-13T21:17:25+00:00\",\"dateModified\":\"2024-08-30T09:20:56+00:00\",\"description\":\"Ekistika \u00fcr\u00fcnleriyle ilgili forumlara buradan ula\u015fabilirsiniz.\",\"breadcrumb\":{\"@id\":\"https:\\\/\\\/ekistika.com\\\/forum\\\/#breadcrumb\"},\"inLanguage\":\"en-US\",\"potentialAction\":[{\"@type\":\"ReadAction\",\"target\":[\"https:\\\/\\\/ekistika.com\\\/forum\\\/\"]}]},{\"@type\":\"ImageObject\",\"inLanguage\":\"en-US\",\"@id\":\"https:\\\/\\\/ekistika.com\\\/forum\\\/#primaryimage\",\"url\":\"https:\\\/\\\/ekistika.com\\\/wp-content\\\/uploads\\\/2022\\\/02\\\/qtq80-sUNZuY.jpeg\",\"contentUrl\":\"https:\\\/\\\/ekistika.com\\\/wp-content\\\/uploads\\\/2022\\\/02\\\/qtq80-sUNZuY.jpeg\"},{\"@type\":\"BreadcrumbList\",\"@id\":\"https:\\\/\\\/ekistika.com\\\/forum\\\/#breadcrumb\",\"itemListElement\":[{\"@type\":\"ListItem\",\"position\":1,\"name\":\"Anasayfa\",\"item\":\"https:\\\/\\\/ekistika.com\\\/\"},{\"@type\":\"ListItem\",\"position\":2,\"name\":\"Forum\"}]},{\"@type\":\"WebSite\",\"@id\":\"https:\\\/\\\/ekistika.com\\\/#website\",\"url\":\"https:\\\/\\\/ekistika.com\\\/\",\"name\":\"Ekistika\",\"description\":\"\",\"publisher\":{\"@id\":\"https:\\\/\\\/ekistika.com\\\/#organization\"},\"potentialAction\":[{\"@type\":\"SearchAction\",\"target\":{\"@type\":\"EntryPoint\",\"urlTemplate\":\"https:\\\/\\\/ekistika.com\\\/?s={search_term_string}\"},\"query-input\":{\"@type\":\"PropertyValueSpecification\",\"valueRequired\":true,\"valueName\":\"search_term_string\"}}],\"inLanguage\":\"en-US\"},{\"@type\":\"Organization\",\"@id\":\"https:\\\/\\\/ekistika.com\\\/#organization\",\"name\":\"Ekistika\",\"url\":\"https:\\\/\\\/ekistika.com\\\/\",\"logo\":{\"@type\":\"ImageObject\",\"inLanguage\":\"en-US\",\"@id\":\"https:\\\/\\\/ekistika.com\\\/#\\\/schema\\\/logo\\\/image\\\/\",\"url\":\"https:\\\/\\\/ekistika.com\\\/wp-content\\\/uploads\\\/2024\\\/07\\\/cropped-Light-1200pxekistika.png\",\"contentUrl\":\"https:\\\/\\\/ekistika.com\\\/wp-content\\\/uploads\\\/2024\\\/07\\\/cropped-Light-1200pxekistika.png\",\"width\":480,\"height\":480,\"caption\":\"Ekistika\"},\"image\":{\"@id\":\"https:\\\/\\\/ekistika.com\\\/#\\\/schema\\\/logo\\\/image\\\/\"}}]}<\/script>\n<!-- \/ Yoast SEO plugin. -->","yoast_head_json":{"title":"Forum - Ekistika","description":"Ekistika \u00fcr\u00fcnleriyle ilgili forumlara buradan ula\u015fabilirsiniz.","robots":{"index":"index","follow":"follow","max-snippet":"max-snippet:-1","max-image-preview":"max-image-preview:large","max-video-preview":"max-video-preview:-1"},"canonical":"https:\/\/ekistika.com\/en\/forum\/","og_locale":"en_US","og_type":"article","og_title":"Forum - Ekistika","og_description":"Ekistika \u00fcr\u00fcnleriyle ilgili forumlara buradan ula\u015fabilirsiniz.","og_url":"https:\/\/ekistika.com\/en\/forum\/","og_site_name":"Ekistika","article_modified_time":"2024-08-30T09:20:56+00:00","og_image":[{"url":"https:\/\/ekistika.com\/wp-content\/uploads\/2022\/02\/qtq80-sUNZuY.jpeg","type":"","width":"","height":""}],"twitter_card":"summary_large_image","schema":{"@context":"https:\/\/schema.org","@graph":[{"@type":"WebPage","@id":"https:\/\/ekistika.com\/forum\/","url":"https:\/\/ekistika.com\/forum\/","name":"Forum - Ekistika","isPartOf":{"@id":"https:\/\/ekistika.com\/#website"},"primaryImageOfPage":{"@id":"https:\/\/ekistika.com\/forum\/#primaryimage"},"image":{"@id":"https:\/\/ekistika.com\/forum\/#primaryimage"},"thumbnailUrl":"https:\/\/ekistika.com\/wp-content\/uploads\/2022\/02\/qtq80-sUNZuY.jpeg","datePublished":"2024-07-13T21:17:25+00:00","dateModified":"2024-08-30T09:20:56+00:00","description":"Ekistika \u00fcr\u00fcnleriyle ilgili forumlara buradan ula\u015fabilirsiniz.","breadcrumb":{"@id":"https:\/\/ekistika.com\/forum\/#breadcrumb"},"inLanguage":"en-US","potentialAction":[{"@type":"ReadAction","target":["https:\/\/ekistika.com\/forum\/"]}]},{"@type":"ImageObject","inLanguage":"en-US","@id":"https:\/\/ekistika.com\/forum\/#primaryimage","url":"https:\/\/ekistika.com\/wp-content\/uploads\/2022\/02\/qtq80-sUNZuY.jpeg","contentUrl":"https:\/\/ekistika.com\/wp-content\/uploads\/2022\/02\/qtq80-sUNZuY.jpeg"},{"@type":"BreadcrumbList","@id":"https:\/\/ekistika.com\/forum\/#breadcrumb","itemListElement":[{"@type":"ListItem","position":1,"name":"Anasayfa","item":"https:\/\/ekistika.com\/"},{"@type":"ListItem","position":2,"name":"Forum"}]},{"@type":"WebSite","@id":"https:\/\/ekistika.com\/#website","url":"https:\/\/ekistika.com\/","name":"Ekistika","description":"","publisher":{"@id":"https:\/\/ekistika.com\/#organization"},"potentialAction":[{"@type":"SearchAction","target":{"@type":"EntryPoint","urlTemplate":"https:\/\/ekistika.com\/?s={search_term_string}"},"query-input":{"@type":"PropertyValueSpecification","valueRequired":true,"valueName":"search_term_string"}}],"inLanguage":"en-US"},{"@type":"Organization","@id":"https:\/\/ekistika.com\/#organization","name":"Ekistika","url":"https:\/\/ekistika.com\/","logo":{"@type":"ImageObject","inLanguage":"en-US","@id":"https:\/\/ekistika.com\/#\/schema\/logo\/image\/","url":"https:\/\/ekistika.com\/wp-content\/uploads\/2024\/07\/cropped-Light-1200pxekistika.png","contentUrl":"https:\/\/ekistika.com\/wp-content\/uploads\/2024\/07\/cropped-Light-1200pxekistika.png","width":480,"height":480,"caption":"Ekistika"},"image":{"@id":"https:\/\/ekistika.com\/#\/schema\/logo\/image\/"}}]}},"_links":{"self":[{"href":"https:\/\/ekistika.com\/en\/wp-json\/wp\/v2\/pages\/994","targetHints":{"allow":["GET"]}}],"collection":[{"href":"https:\/\/ekistika.com\/en\/wp-json\/wp\/v2\/pages"}],"about":[{"href":"https:\/\/ekistika.com\/en\/wp-json\/wp\/v2\/types\/page"}],"author":[{"embeddable":true,"href":"https:\/\/ekistika.com\/en\/wp-json\/wp\/v2\/users\/1"}],"replies":[{"embeddable":true,"href":"https:\/\/ekistika.com\/en\/wp-json\/wp\/v2\/comments?post=994"}],"version-history":[{"count":4,"href":"https:\/\/ekistika.com\/en\/wp-json\/wp\/v2\/pages\/994\/revisions"}],"predecessor-version":[{"id":1146,"href":"https:\/\/ekistika.com\/en\/wp-json\/wp\/v2\/pages\/994\/revisions\/1146"}],"wp:attachment":[{"href":"https:\/\/ekistika.com\/en\/wp-json\/wp\/v2\/media?parent=994"}],"curies":[{"name":"wp","href":"https:\/\/api.w.org\/{rel}","templated":true}]}}